{"id":2278,"date":"2024-02-22T16:16:14","date_gmt":"2024-02-22T16:16:14","guid":{"rendered":"https:\/\/olympiaboutique.com\/?post_type=product&#038;p=2278"},"modified":"2025-12-01T04:26:42","modified_gmt":"2025-12-01T04:26:42","slug":"huile-de-noix-de-coco-vierge-biologique-members-mark-1-6-l","status":"publish","type":"product","link":"https:\/\/olympiaboutique.com\/en\/product\/huile-de-noix-de-coco-vierge-biologique-members-mark-1-6-l\/","title":{"rendered":"Member\u2019s Mark Huile de coco vierge biologique press\u00e9e \u00e0 froid | 1.6 L"},"content":{"rendered":"<p>L\u2019huile de noix de coco vierge biologique Member\u2019s Mark est biologique et press\u00e9e \u00e0 froid \u00e0 partir de noix de coco fra\u00eechement cueillies, cultiv\u00e9es comme la nature l\u2019a voulu. Chaque pot est emball\u00e9 \u00e0 la source pour assurer une fra\u00eecheur et une qualit\u00e9 sup\u00e9rieures et scell\u00e9 directement \u00e0 partir de la presse afin que vous puissiez go\u00fbter et sentir la diff\u00e9rence imm\u00e9diatement apr\u00e8s l\u2019ouverture. L\u2019une des choses les plus importantes \u00e0 propos du choix d\u2019une huile de cuisson est qu\u2019elle est fra\u00eeche, et vous pouvez faire confiance \u00e0 notre processus pour vous apporter l\u2019huile la plus fra\u00eeche \u00e0 un prix de qualit\u00e9 sup\u00e9rieure.<\/p>\n<p>Utilisez de l\u2019huile de noix de coco pour cuire les viandes ou utilisez-la dans les produits de boulangerie pour une saveur unique. L\u2019ar\u00f4me d\u00e9licat et le d\u00e9licieux go\u00fbt l\u00e9ger de noix de coco le rendent parfait en cuisine pour tartiner, cuire, frire et r\u00f4tir.<\/p>","protected":false},"excerpt":{"rendered":"<ul>\n<li><strong>Bienfaits<\/strong><\/li>\n<li>Huile de noix de coco press\u00e9e \u00e0 froid et non raffin\u00e9e<\/li>\n<li>Fabriqu\u00e9 \u00e0 partir de noix de coco sans OGM<\/li>\n<li>Ar\u00f4me et go\u00fbt l\u00e9gers et d\u00e9licats de noix de coco<\/li>\n<li>Utilisez-le pour cuisiner ou pour hydrater votre peau et vos cheveux<\/li>\n<li>Emball\u00e9 \u00e0 la source pour plus de fra\u00eecheur et de saveur<\/li>\n<\/ul>","protected":false},"featured_media":2279,"comment_status":"open","ping_status":"closed","template":"","meta":{"_joinchat":[]},"product_brand":[],"product_cat":[22],"product_tag":[256],"class_list":{"0":"post-2278","1":"product","2":"type-product","3":"status-publish","4":"has-post-thumbnail","6":"product_cat-skincare","7":"product_tag-member-s-mark","9":"first","10":"outofstock","11":"shipping-taxable","12":"purchasable","13":"product-type-simple"},"jetpack_sharing_enabled":true,"_links":{"self":[{"href":"https:\/\/olympiaboutique.com\/en\/wp-json\/wp\/v2\/product\/2278","targetHints":{"allow":["GET"]}}],"collection":[{"href":"https:\/\/olympiaboutique.com\/en\/wp-json\/wp\/v2\/product"}],"about":[{"href":"https:\/\/olympiaboutique.com\/en\/wp-json\/wp\/v2\/types\/product"}],"replies":[{"embeddable":true,"href":"https:\/\/olympiaboutique.com\/en\/wp-json\/wp\/v2\/comments?post=2278"}],"wp:featuredmedia":[{"embeddable":true,"href":"https:\/\/olympiaboutique.com\/en\/wp-json\/wp\/v2\/media\/2279"}],"wp:attachment":[{"href":"https:\/\/olympiaboutique.com\/en\/wp-json\/wp\/v2\/media?parent=2278"}],"wp:term":[{"taxonomy":"product_brand","embeddable":true,"href":"https:\/\/olympiaboutique.com\/en\/wp-json\/wp\/v2\/product_brand?post=2278"},{"taxonomy":"product_cat","embeddable":true,"href":"https:\/\/olympiaboutique.com\/en\/wp-json\/wp\/v2\/product_cat?post=2278"},{"taxonomy":"product_tag","embeddable":true,"href":"https:\/\/olympiaboutique.com\/en\/wp-json\/wp\/v2\/product_tag?post=2278"}],"curies":[{"name":"wp","href":"https:\/\/api.w.org\/{rel}","templated":true}]}}