{"id":2254,"date":"2024-01-25T22:33:39","date_gmt":"2024-01-25T22:33:39","guid":{"rendered":"https:\/\/olympiaboutique.com\/?post_type=product&#038;p=2254"},"modified":"2025-12-01T04:17:25","modified_gmt":"2025-12-01T04:17:25","slug":"vaseline-cocoa-radiant-intensive-care-huile-en-gel-de-soin-corps-200-ml","status":"publish","type":"product","link":"https:\/\/olympiaboutique.com\/en\/product\/vaseline-cocoa-radiant-intensive-care-huile-en-gel-de-soin-corps-200-ml\/","title":{"rendered":"VASELINE Cocoa Radiant Intensive Care Huile en Gel de Soin Corps, 200 ml"},"content":{"rendered":"<p>L\u2019huile en gel de soin corps de Vaseline soigne et revitalise la peau s\u00e8che et terne. Sa formule riche combine 100% pur cacao, du beurre de karit\u00e9 et d\u2019huiles r\u00e9g\u00e9n\u00e9rantes pour une peau saine et \u00e9clatante. Elle contient des micro-gouttelettes cicatrisantes de gel\u00e9e de vaseline qui retiennent l\u2019hydratation pour aider \u00e0 revitaliser la peau s\u00e8che. Elle restaure l\u2019hydratation essentielle dont votre peau a besoin avec un m\u00e9lange d\u2019ingr\u00e9dients nourrissants. Votre peau est \u00e9clatante, lisse et saine.<\/p>","protected":false},"excerpt":{"rendered":"<p>Avec une exposition quotidienne \u00e0 des d\u00e9clencheurs environnementaux, la barri\u00e8re d\u2019hydratation naturelle de la peau peut se d\u00e9composer, permettant \u00e0 l\u2019eau de s\u2019\u00e9chapper de la peau. Les micro-gouttelettes cicatrisantes de gel\u00e9e de vaseline dans l\u2019huile en gel de Vaseline emprisonnent l\u2019hydratation pour permettre \u00e0 la barri\u00e8re naturelle de la peau de se r\u00e9tablir.<br \/>\nId\u00e9al pour : peau s\u00e8che, peau terne.<\/p>\n<p><strong>Conseil d\u2019utilisation<\/strong><br \/>\nAppliquer sur tout ce corps apr\u00e8s votre bain<\/p>\n<p>&nbsp;<\/p>","protected":false},"featured_media":2256,"comment_status":"open","ping_status":"closed","template":"","meta":{"_joinchat":[]},"product_brand":[],"product_cat":[22],"product_tag":[306],"class_list":{"0":"post-2254","1":"product","2":"type-product","3":"status-publish","4":"has-post-thumbnail","6":"product_cat-skincare","7":"product_tag-coco-radiant","9":"first","10":"outofstock","11":"shipping-taxable","12":"purchasable","13":"product-type-simple"},"jetpack_sharing_enabled":true,"_links":{"self":[{"href":"https:\/\/olympiaboutique.com\/en\/wp-json\/wp\/v2\/product\/2254","targetHints":{"allow":["GET"]}}],"collection":[{"href":"https:\/\/olympiaboutique.com\/en\/wp-json\/wp\/v2\/product"}],"about":[{"href":"https:\/\/olympiaboutique.com\/en\/wp-json\/wp\/v2\/types\/product"}],"replies":[{"embeddable":true,"href":"https:\/\/olympiaboutique.com\/en\/wp-json\/wp\/v2\/comments?post=2254"}],"wp:featuredmedia":[{"embeddable":true,"href":"https:\/\/olympiaboutique.com\/en\/wp-json\/wp\/v2\/media\/2256"}],"wp:attachment":[{"href":"https:\/\/olympiaboutique.com\/en\/wp-json\/wp\/v2\/media?parent=2254"}],"wp:term":[{"taxonomy":"product_brand","embeddable":true,"href":"https:\/\/olympiaboutique.com\/en\/wp-json\/wp\/v2\/product_brand?post=2254"},{"taxonomy":"product_cat","embeddable":true,"href":"https:\/\/olympiaboutique.com\/en\/wp-json\/wp\/v2\/product_cat?post=2254"},{"taxonomy":"product_tag","embeddable":true,"href":"https:\/\/olympiaboutique.com\/en\/wp-json\/wp\/v2\/product_tag?post=2254"}],"curies":[{"name":"wp","href":"https:\/\/api.w.org\/{rel}","templated":true}]}}