{"id":2074,"date":"2023-12-18T15:47:00","date_gmt":"2023-12-18T15:47:00","guid":{"rendered":"https:\/\/olympiaboutique.com\/?post_type=product&#038;p=2074"},"modified":"2025-12-01T04:17:25","modified_gmt":"2025-12-01T04:17:25","slug":"kirkland-signature-huile-de-poisson-1000-mg-400-gelules-en-gros","status":"publish","type":"product","link":"https:\/\/olympiaboutique.com\/en\/product\/kirkland-signature-huile-de-poisson-1000-mg-400-gelules-en-gros\/","title":{"rendered":"Kirkland Signature Fish Oil  1000 mg, 400 g\u00e9lules (En Gros)"},"content":{"rendered":"<p style=\"text-align: right;\">L\u2019huile de poisson concentr\u00e9e fournit: 300 mg. Acides gras om\u00e9ga-3 d\u2019origine durable V\u00e9rifi\u00e9 par l\u2019USP; 1000 mg de concentr\u00e9 d\u2019huile de poisson, fournissant 250 mg d\u2019EPA + DHA, par portion.<\/p>\n<ul>\n<li>Favorise la sant\u00e9 du c\u0153ur et du syst\u00e8me vasculaire ;<\/li>\n<li>Fournit des om\u00e9ga-3 pour la sant\u00e9 et la flexibilit\u00e9 des membranes cellulaires.<\/li>\n<\/ul>\n<p>Plusieurs essais cliniques ont montr\u00e9 les avantages de la consommation d\u2019huile de poisson et la r\u00e9duction du risque de maladie cardiaque.<\/p>\n<ul>\n<li><span class=\"a-list-item\">SOUTIEN POUR VOTRE C\u0152UR : Contient d\u2019importants acides gras om\u00e9ga-3, y compris les acides gras om\u00e9ga-3 EPA et DHA, qui aident \u00e0 soutenir et \u00e0 maintenir la sant\u00e9 de votre syst\u00e8me cardiovasculaire.<\/span><\/li>\n<li><span class=\"a-list-item\">300 mg d\u2019om\u00e9ga-3 EPA et DHA : Les g\u00e9lules d\u2019huile de poisson Kirkland soutiennent la sant\u00e9 cardiaque, cellulaire et m\u00e9tabolique ; Consid\u00e9r\u00e9s comme de \u00ab bons \u00bb gras, les acides gras om\u00e9ga-3 peuvent aider \u00e0 maintenir les niveaux de triglyc\u00e9rides d\u00e9j\u00e0 dans une fourchette normale<\/span><\/li>\n<li><span class=\"a-list-item\">FACILE \u00c0 PRENDRE\u00a0: Tout le monde n\u2019aime pas les fruits de mer, ce qui est le cas Les g\u00e9lules molles d\u2019huile de poisson Kirkland sont un moyen id\u00e9al d\u2019obtenir des acides gras om\u00e9ga-3 importants sous forme de g\u00e9lules pratiques<\/span><\/li>\n<li><span class=\"a-list-item\">PURIFI\u00c9 POUR \u00c9LIMINER LE MERCURE : Kirkland s\u2019engage \u00e0 assurer la s\u00e9curit\u00e9 et la puret\u00e9 de tous ses suppl\u00e9ments\u00a0; Nos g\u00e9lules d\u2019huile de poisson sont purifi\u00e9es pour \u00e9liminer le mercure et ne contiennent pas de crustac\u00e9s, de gluten, de lactose, de sucre, de colorants et d\u2019\u00e9dulcorants artificiels<\/span><\/li>\n<\/ul>","protected":false},"excerpt":{"rendered":"<p><strong>\u00a0Bienfaits<\/strong><\/p>\n<ul>\n<li>Prendre l\u2019huile de poisson om\u00e9ga-3 Kirkland Signature est un moyen pratique, facile et naturel d\u2019aider \u00e0 soutenir la sant\u00e9 de votre c\u0153ur.<\/li>\n<li>L\u2019approvisionnement en huile de poisson de Kirkland Signature provient de poissons d\u2019eau profonde et non de poissons d\u2019\u00e9levage.<\/li>\n<li>Des proc\u00e9d\u00e9s de purification de pointe sont utilis\u00e9s pour \u00e9liminer le mercure; 1000 mg de concentr\u00e9 d\u2019huile de poisson, fournissant 250 mg d\u2019EPA+DHA, par portion.<\/li>\n<li>Soutient un c\u0153ur et un syst\u00e8me vasculaire sains; fournit des om\u00e9ga-3 pour la sant\u00e9 et la flexibilit\u00e9 des membranes cellulaires.<\/li>\n<\/ul>\n<p><strong>Utilisation sugg\u00e9r\u00e9e :<\/strong>\u00a0Prendre une (1) g\u00e9lule deux fois par jour avec un grand verre d\u2019eau, de pr\u00e9f\u00e9rence apr\u00e8s un repas.<\/p>","protected":false},"featured_media":1862,"comment_status":"open","ping_status":"closed","template":"","meta":{"_joinchat":[]},"product_brand":[],"product_cat":[214],"product_tag":[35],"class_list":{"0":"post-2074","1":"product","2":"type-product","3":"status-publish","4":"has-post-thumbnail","6":"product_cat-prix-en-gros","7":"product_tag-kirkland","9":"first","10":"outofstock","11":"shipping-taxable","12":"purchasable","13":"product-type-simple"},"jetpack_sharing_enabled":true,"_links":{"self":[{"href":"https:\/\/olympiaboutique.com\/en\/wp-json\/wp\/v2\/product\/2074","targetHints":{"allow":["GET"]}}],"collection":[{"href":"https:\/\/olympiaboutique.com\/en\/wp-json\/wp\/v2\/product"}],"about":[{"href":"https:\/\/olympiaboutique.com\/en\/wp-json\/wp\/v2\/types\/product"}],"replies":[{"embeddable":true,"href":"https:\/\/olympiaboutique.com\/en\/wp-json\/wp\/v2\/comments?post=2074"}],"wp:featuredmedia":[{"embeddable":true,"href":"https:\/\/olympiaboutique.com\/en\/wp-json\/wp\/v2\/media\/1862"}],"wp:attachment":[{"href":"https:\/\/olympiaboutique.com\/en\/wp-json\/wp\/v2\/media?parent=2074"}],"wp:term":[{"taxonomy":"product_brand","embeddable":true,"href":"https:\/\/olympiaboutique.com\/en\/wp-json\/wp\/v2\/product_brand?post=2074"},{"taxonomy":"product_cat","embeddable":true,"href":"https:\/\/olympiaboutique.com\/en\/wp-json\/wp\/v2\/product_cat?post=2074"},{"taxonomy":"product_tag","embeddable":true,"href":"https:\/\/olympiaboutique.com\/en\/wp-json\/wp\/v2\/product_tag?post=2074"}],"curies":[{"name":"wp","href":"https:\/\/api.w.org\/{rel}","templated":true}]}}