{"id":1995,"date":"2023-12-15T20:47:24","date_gmt":"2023-12-15T20:47:24","guid":{"rendered":"https:\/\/olympiaboutique.com\/?post_type=product&#038;p=1995"},"modified":"2025-12-01T04:17:25","modified_gmt":"2025-12-01T04:17:25","slug":"creme-de-nuit-et-serum-enrichis-en-vitamines-au-retinol","status":"publish","type":"product","link":"https:\/\/olympiaboutique.com\/en\/product\/creme-de-nuit-et-serum-enrichis-en-vitamines-au-retinol\/","title":{"rendered":"Skincare Cosmetics, Cr\u00e8me de nuit et S\u00e9rum enrichis en vitamines au r\u00e9tinol"},"content":{"rendered":"<p>Le s\u00e9rum anti-rides pour le visage au r\u00e9tinol aide \u00e0 am\u00e9liorer visiblement l\u2019\u00e9lasticit\u00e9 et le teint de la peau tout en minimisant l\u2019apparence des rides et ridules. Ce s\u00e9rum puissant est formul\u00e9 avec le plus haut niveau de vitamine A dans notre r\u00e9gime de soins de la peau au r\u00e9tinol.<\/p>\n<ul>\n<li>Resurface pour lisser l\u2019apparence des rides et ridules<\/li>\n<li>Am\u00e9liore l\u2019apparence de la fermet\u00e9 et du tonus<\/li>\n<li>Hydrate pour affiner la texture, la clart\u00e9 et l\u2019\u00e9clat<\/li>\n<\/ul>\n<ul class=\"a-unordered-list a-vertical a-spacing-mini\">\n<li class=\"a-spacing-mini\"><span class=\"a-list-item\">LUXUEUX, RICHE ET CR\u00c9MEUX &#8211; Traitez votre peau quotidiennement pour l\u2019hydrater avec une formule non grasse, hydratante et enrichie en vitamines qui laisse votre peau douce, lisse et souple<\/span><\/li>\n<li class=\"a-spacing-mini\"><span class=\"a-list-item\">FORMULE ENRICHIE EN VITAMINES &#8211; 400 000 UI de vitamine A, de vitamines C et E, ainsi que d\u2019acides amin\u00e9s de soie exfolient, revitalisent et ajoutent de l\u2019humidit\u00e9 pour soutenir la sant\u00e9 globale de la peau<\/span><\/li>\n<li class=\"a-spacing-mini\"><span class=\"a-list-item\">CR\u00c8ME MULTI-ACTION EFFICACE &#8211; R\u00e9veillez-vous avec les avantages anti-\u00e2ge de l\u2019exfoliation, de l\u2019hydratation et de la restauration en une seule cr\u00e8me\u00a0; Utilisez-le tous les soirs pour une diff\u00e9rence visible<\/span><\/li>\n<\/ul>","protected":false},"excerpt":{"rendered":"<p><strong>Bienfaits<\/strong><\/p>\n<ul>\n<li>\n<p id=\"title\" class=\"a-size-large a-spacing-none\"><span id=\"productTitle\" class=\"a-size-large product-title-word-break\">Votre duo de soins de la peau 24 heures\u00a0 qui fonctionne jour et nuit pour vous donner une peau d\u2019apparence plus jeune.<\/span><\/p>\n<\/li>\n<li>Concentr\u00e9 de vitamine A<\/li>\n<li>Raffermit, tonifie et lisse les ridules<\/li>\n<li>Enrichi en vitamines A, C et E<\/li>\n<li>Haute puissance de 500 000 UI de vitamine A<\/li>\n<li class=\"a-spacing-mini\"><span class=\"a-list-item\">R\u00e9veille les bienfaits anti-\u00e2ge de l\u2019exfoliation<\/span><\/li>\n<li class=\"a-spacing-mini\"><span class=\"a-list-item\">Hydratation et restauration tout en un<\/span><\/li>\n<li class=\"a-spacing-mini\"><span class=\"a-list-item\">Pour une peau d\u2019apparence plus jeune<\/span><\/li>\n<li class=\"a-spacing-mini\"><span class=\"a-list-item\">Tr\u00e8s efficace pour une peau plus lisse et plus \u00e9clatante<\/span><\/li>\n<\/ul>","protected":false},"featured_media":1996,"comment_status":"open","ping_status":"closed","template":"","meta":{"_joinchat":[]},"product_brand":[],"product_cat":[22],"product_tag":[302],"class_list":{"0":"post-1995","1":"product","2":"type-product","3":"status-publish","4":"has-post-thumbnail","6":"product_cat-skincare","7":"product_tag-skin-care-au-retinol","9":"first","10":"outofstock","11":"shipping-taxable","12":"purchasable","13":"product-type-simple"},"jetpack_sharing_enabled":true,"_links":{"self":[{"href":"https:\/\/olympiaboutique.com\/en\/wp-json\/wp\/v2\/product\/1995","targetHints":{"allow":["GET"]}}],"collection":[{"href":"https:\/\/olympiaboutique.com\/en\/wp-json\/wp\/v2\/product"}],"about":[{"href":"https:\/\/olympiaboutique.com\/en\/wp-json\/wp\/v2\/types\/product"}],"replies":[{"embeddable":true,"href":"https:\/\/olympiaboutique.com\/en\/wp-json\/wp\/v2\/comments?post=1995"}],"wp:featuredmedia":[{"embeddable":true,"href":"https:\/\/olympiaboutique.com\/en\/wp-json\/wp\/v2\/media\/1996"}],"wp:attachment":[{"href":"https:\/\/olympiaboutique.com\/en\/wp-json\/wp\/v2\/media?parent=1995"}],"wp:term":[{"taxonomy":"product_brand","embeddable":true,"href":"https:\/\/olympiaboutique.com\/en\/wp-json\/wp\/v2\/product_brand?post=1995"},{"taxonomy":"product_cat","embeddable":true,"href":"https:\/\/olympiaboutique.com\/en\/wp-json\/wp\/v2\/product_cat?post=1995"},{"taxonomy":"product_tag","embeddable":true,"href":"https:\/\/olympiaboutique.com\/en\/wp-json\/wp\/v2\/product_tag?post=1995"}],"curies":[{"name":"wp","href":"https:\/\/api.w.org\/{rel}","templated":true}]}}