{"id":1982,"date":"2023-12-15T19:00:05","date_gmt":"2023-12-15T19:00:05","guid":{"rendered":"https:\/\/olympiaboutique.com\/?post_type=product&#038;p=1982"},"modified":"2025-12-01T04:17:25","modified_gmt":"2025-12-01T04:17:25","slug":"medix-creme-au-retinol-55-avec-traitement-anti-affaissement-a-lacide-ferulique-444-ml","status":"publish","type":"product","link":"https:\/\/olympiaboutique.com\/en\/product\/medix-creme-au-retinol-55-avec-traitement-anti-affaissement-a-lacide-ferulique-444-ml\/","title":{"rendered":"Medix 5.5, Cr\u00e8me au r\u00e9tinol \u00e0 l&#8217;acide ferulique, 444 ml"},"content":{"rendered":"<ul class=\"a-unordered-list a-vertical a-spacing-mini\">\n<li class=\"a-spacing-mini\"><span class=\"a-list-item\">Medix 5.5 La cr\u00e8me au r\u00e9tinol est la combinaison parfaite d&#8217;ingr\u00e9dients anti-\u00e2ge avec des antioxydants naturels. La vitamine A est l&#8217;ingr\u00e9dient anti-\u00e2ge recommand\u00e9 num\u00e9ro 1 et aide \u00e0 r\u00e9duire l&#8217;apparence des rides et ridules. L&#8217;acide f\u00e9rulique naturel est un puissant antioxydant qui cible les peaux endommag\u00e9es par le soleil. Cette cr\u00e8me anti-\u00e2ge transformera rapidement votre peau et redonnera un \u00e9clat jeune.<\/span><\/li>\n<li class=\"a-spacing-mini\"><span class=\"a-list-item\">Medix 5.5 La cr\u00e8me hydratante au r\u00e9tinol laissera votre peau lisse et hydrat\u00e9e. Le r\u00e9tinol, le super ingr\u00e9dient anti-\u00e2ge, peut aider \u00e0 r\u00e9duire l&#8217;apparence des ridules, des rides et des taches sombres tout en am\u00e9liorant le teint et l&#8217;\u00e9lasticit\u00e9 de la peau. Cette cr\u00e8me de grande taille de 425,2 g peut \u00eatre utilis\u00e9e pour am\u00e9liorer l&#8217;apparence de votre peau sur votre visage autour de vos yeux, du cou, de la main et du corps.<\/span><\/li>\n<li class=\"a-spacing-mini\"><span class=\"a-list-item\">Nourrissez et hydratez votre peau avec l&#8217;aide de Camomille et Botanimoist AMS qui est connu pour augmenter l&#8217;hydratation de votre peau de pr\u00e8s de 88 %. Fabriqu\u00e9 avec du th\u00e9 noir, de l&#8217;aloe vera et de la camomille, connus pour am\u00e9liorer la sant\u00e9 g\u00e9n\u00e9rale et l&#8217;apparence de votre peau.<\/span><\/li>\n<li class=\"a-spacing-mini\"><span class=\"a-list-item\">Cette cr\u00e8me hydratante contient \u00e9galement d&#8217;autres excellents ingr\u00e9dients naturels tels que le beurre de karit\u00e9, l&#8217;aloe vera, la camomille et des extraits naturels tels que la pomme, le tournesol et le romarin. Ces ingr\u00e9dients hydratent et hydratent pour aider \u00e0 laisser votre peau lisse.<\/span><\/li>\n<\/ul>","protected":false},"excerpt":{"rendered":"<p>La lotion anti-\u00e2ge au r\u00e9tinol et \u00e0 l&#8217;acide f\u00e9rulique hydrate et resserre la peau affaiss\u00e9e. La formule puissante de vitamine A cible les rides crepey et les teints endommag\u00e9s par le soleil. Fabriqu\u00e9 avec du th\u00e9 noir antioxydant, de l&#8217;aloe vera et de la camomille pour restaurer l&#8217;\u00e9clat de la peau terne et d\u00e9chir\u00e9e par les intemp\u00e9ries. L&#8217;infusion d&#8217;acide f\u00e9rulique hautement puissante est riche en vitamines C et E anti-\u00e2ge.<\/p>\n<ul>\n<li>Aide \u00e0 r\u00e9duire les rides et ralentir visiblement le processus de vieillissement.<\/li>\n<li>Augmente instantan\u00e9ment l&#8217;hydratation de la peau de 88 % avec Botanimoist AMS cliniquement prouv\u00e9, un hydratant nourrissant d&#8217;origine v\u00e9g\u00e9tale.<\/li>\n<li>D\u00e9couvrez un mode de vie sain et \u00e9quilibr\u00e9 avec le traitement Medix 5.5 au r\u00e9tinol et \u00e0 l&#8217;acide f\u00e9rulique.<\/li>\n<\/ul>","protected":false},"featured_media":3516,"comment_status":"open","ping_status":"closed","template":"","meta":{"_joinchat":[]},"product_brand":[],"product_cat":[22],"product_tag":[301],"class_list":{"0":"post-1982","1":"product","2":"type-product","3":"status-publish","4":"has-post-thumbnail","6":"product_cat-skincare","7":"product_tag-medix-au-retinol","9":"first","10":"instock","11":"shipping-taxable","12":"purchasable","13":"product-type-simple"},"jetpack_sharing_enabled":true,"_links":{"self":[{"href":"https:\/\/olympiaboutique.com\/en\/wp-json\/wp\/v2\/product\/1982","targetHints":{"allow":["GET"]}}],"collection":[{"href":"https:\/\/olympiaboutique.com\/en\/wp-json\/wp\/v2\/product"}],"about":[{"href":"https:\/\/olympiaboutique.com\/en\/wp-json\/wp\/v2\/types\/product"}],"replies":[{"embeddable":true,"href":"https:\/\/olympiaboutique.com\/en\/wp-json\/wp\/v2\/comments?post=1982"}],"wp:featuredmedia":[{"embeddable":true,"href":"https:\/\/olympiaboutique.com\/en\/wp-json\/wp\/v2\/media\/3516"}],"wp:attachment":[{"href":"https:\/\/olympiaboutique.com\/en\/wp-json\/wp\/v2\/media?parent=1982"}],"wp:term":[{"taxonomy":"product_brand","embeddable":true,"href":"https:\/\/olympiaboutique.com\/en\/wp-json\/wp\/v2\/product_brand?post=1982"},{"taxonomy":"product_cat","embeddable":true,"href":"https:\/\/olympiaboutique.com\/en\/wp-json\/wp\/v2\/product_cat?post=1982"},{"taxonomy":"product_tag","embeddable":true,"href":"https:\/\/olympiaboutique.com\/en\/wp-json\/wp\/v2\/product_tag?post=1982"}],"curies":[{"name":"wp","href":"https:\/\/api.w.org\/{rel}","templated":true}]}}