{"id":1951,"date":"2023-12-15T12:58:22","date_gmt":"2023-12-15T12:58:22","guid":{"rendered":"https:\/\/olympiaboutique.com\/?post_type=product&#038;p=1951"},"modified":"2025-12-01T04:17:26","modified_gmt":"2025-12-01T04:17:26","slug":"azure-hyaluronique-collagene-serum-anti-age-yeux-30-ml","status":"publish","type":"product","link":"https:\/\/olympiaboutique.com\/en\/product\/azure-hyaluronique-collagene-serum-anti-age-yeux-30-ml\/","title":{"rendered":"AZURE Hyaluronique &#038; Collag\u00e8ne S\u00e9rum Anti-\u00c2ge pour les Yeux, 30 ml"},"content":{"rendered":"<ul class=\"a-unordered-list a-vertical a-spacing-mini\">\n<li class=\"styles__Bullet-sc-1p7emsl-0 jNqFXk h-padding-t-x2 h-padding-r-tight h-text-md\">\n<div>\n<div>PREMIUM : Formul\u00e9 avec les ingr\u00e9dients les plus tendance et les plus haut de gamme, notamment l\u2019acide hyaluronique, le collag\u00e8ne, le r\u00e9tinol, l\u2019aloe vera, l\u2019hamam\u00e9lis, le b\u00eata-glucane et la vitamine B5.<\/div>\n<div><\/div>\n<\/div>\n<\/li>\n<li class=\"a-spacing-mini\">Notre luxueux s\u00e9rum anti-\u00e2ge pour les yeux est infus\u00e9 d\u2019acide hyaluronique qui emprisonne l\u2019humidit\u00e9 et laisse votre peau r\u00e9g\u00e9n\u00e9r\u00e9e, souple et lisse. Le collag\u00e8ne aide \u00e0 r\u00e9duire l\u2019apparence des ridules, tout en ajoutant de l\u2019\u00e9clat \u00e0 la peau.\n<p>Une fois appliqu\u00e9, notre s\u00e9rum fond dans la zone d\u00e9licate des yeux pour minimiser instantan\u00e9ment les signes du vieillissement et de la fatigue, notamment les rides, les poches, les cernes et les pattes d\u2019oie. Avec une utilisation r\u00e9guli\u00e8re, notre s\u00e9rum pour les yeux hydrate et lisse la peau pour une apparence plus jeune et plus saine.<\/li>\n<\/ul>","protected":false},"excerpt":{"rendered":"<p><strong><span class=\"a-list-item\">Bienfaits:<\/span><\/strong><\/p>\n<ul>\n<li>\u00a0Le traitement anti-\u00e2ge aide \u00e0 hydrater, d\u00e9gonfler et lisser la peau sous les yeux.<\/li>\n<li>L\u2019acide hyaluronique aide \u00e0 hydrater tandis que le collag\u00e8ne ajoute de la vitalit\u00e9 \u00e0 la peau et r\u00e9duit l\u2019apparence des rides et ridules.<\/li>\n<\/ul>","protected":false},"featured_media":1952,"comment_status":"open","ping_status":"closed","template":"","meta":{"_joinchat":[]},"product_brand":[],"product_cat":[22],"product_tag":[297],"class_list":{"0":"post-1951","1":"product","2":"type-product","3":"status-publish","4":"has-post-thumbnail","6":"product_cat-skincare","7":"product_tag-azure-hyaluronic","9":"first","10":"outofstock","11":"shipping-taxable","12":"purchasable","13":"product-type-simple"},"jetpack_sharing_enabled":true,"_links":{"self":[{"href":"https:\/\/olympiaboutique.com\/en\/wp-json\/wp\/v2\/product\/1951","targetHints":{"allow":["GET"]}}],"collection":[{"href":"https:\/\/olympiaboutique.com\/en\/wp-json\/wp\/v2\/product"}],"about":[{"href":"https:\/\/olympiaboutique.com\/en\/wp-json\/wp\/v2\/types\/product"}],"replies":[{"embeddable":true,"href":"https:\/\/olympiaboutique.com\/en\/wp-json\/wp\/v2\/comments?post=1951"}],"wp:featuredmedia":[{"embeddable":true,"href":"https:\/\/olympiaboutique.com\/en\/wp-json\/wp\/v2\/media\/1952"}],"wp:attachment":[{"href":"https:\/\/olympiaboutique.com\/en\/wp-json\/wp\/v2\/media?parent=1951"}],"wp:term":[{"taxonomy":"product_brand","embeddable":true,"href":"https:\/\/olympiaboutique.com\/en\/wp-json\/wp\/v2\/product_brand?post=1951"},{"taxonomy":"product_cat","embeddable":true,"href":"https:\/\/olympiaboutique.com\/en\/wp-json\/wp\/v2\/product_cat?post=1951"},{"taxonomy":"product_tag","embeddable":true,"href":"https:\/\/olympiaboutique.com\/en\/wp-json\/wp\/v2\/product_tag?post=1951"}],"curies":[{"name":"wp","href":"https:\/\/api.w.org\/{rel}","templated":true}]}}