{"id":1939,"date":"2023-12-15T11:51:05","date_gmt":"2023-12-15T11:51:05","guid":{"rendered":"https:\/\/olympiaboutique.com\/?post_type=product&#038;p=1939"},"modified":"2025-12-01T04:17:26","modified_gmt":"2025-12-01T04:17:26","slug":"serum-pour-le-visage-a-la-vitamine-c-collagene-by-nature90-ml","status":"publish","type":"product","link":"https:\/\/olympiaboutique.com\/en\/product\/serum-pour-le-visage-a-la-vitamine-c-collagene-by-nature90-ml\/","title":{"rendered":"By Nature Collag\u00e8ne, s\u00e9rum pour le visage \u00e0 la vitamine C + ,90 ml"},"content":{"rendered":"<ul class=\"a-unordered-list a-vertical a-spacing-mini\">\n<li class=\"a-spacing-mini\"><span class=\"a-list-item\">Ce s\u00e9rum hydratant et stimulant l\u2019\u00e9clat pour le visage retrouvera votre \u00e9clat naturel gr\u00e2ce \u00e0 la puissance de la vitamine C et du collag\u00e8ne pour une peau ferme et lumineuse<\/span><\/li>\n<li class=\"a-spacing-mini\"><span class=\"a-list-item\">Redonnez \u00e0 votre peau un teint plus frais, dynamisez votre peau et am\u00e9liorez sa texture &#8211; Profitez de l\u2019\u00e9clat du s\u00e9rum \u00e9clat By Nature pour les peaux grasses<\/span><\/li>\n<li class=\"a-spacing-mini\"><span class=\"a-list-item\">Ce s\u00e9rum l\u00e9ger pour le visage fond sur la peau tout en la lissant et en l\u2019hydratant pour \u00e9quilibrer et pr\u00e9parer votre peau<\/span><\/li>\n<li class=\"a-spacing-mini\"><span class=\"a-list-item\">Sentez-vous bien dans votre s\u00e9rum de soin de la peau &#8211; Sans parab\u00e8nes &#8211; Sans cruaut\u00e9 envers les animaux<\/span><\/li>\n<li class=\"a-spacing-mini\"><span class=\"a-list-item\">Base de teint id\u00e9ale &#8211; Vous avez pass\u00e9 une nuit tardive ? Appliquez ce s\u00e9rum hydratant comme couche de base avant le maquillage pour tricher avec une peau repos\u00e9e<\/span><\/li>\n<\/ul>","protected":false},"excerpt":{"rendered":"<p id=\"title\" class=\"a-size-large a-spacing-none\"><span id=\"productTitle\" class=\"a-size-large product-title-word-break\">Restaurez et dynamisez la peau fatigu\u00e9e avec de la vitamine C \u00e9claircissante, du collag\u00e8ne repulpant et du curcuma am\u00e9liorant la texture de votre peau; S\u00e9rum de soin de la peau haut de gamme pour le visage<\/span><\/p>","protected":false},"featured_media":1940,"comment_status":"open","ping_status":"closed","template":"","meta":{"_joinchat":[]},"product_brand":[],"product_cat":[22],"product_tag":[295],"class_list":{"0":"post-1939","1":"product","2":"type-product","3":"status-publish","4":"has-post-thumbnail","6":"product_cat-skincare","7":"product_tag-by-nature","9":"first","10":"outofstock","11":"shipping-taxable","12":"purchasable","13":"product-type-simple"},"jetpack_sharing_enabled":true,"_links":{"self":[{"href":"https:\/\/olympiaboutique.com\/en\/wp-json\/wp\/v2\/product\/1939","targetHints":{"allow":["GET"]}}],"collection":[{"href":"https:\/\/olympiaboutique.com\/en\/wp-json\/wp\/v2\/product"}],"about":[{"href":"https:\/\/olympiaboutique.com\/en\/wp-json\/wp\/v2\/types\/product"}],"replies":[{"embeddable":true,"href":"https:\/\/olympiaboutique.com\/en\/wp-json\/wp\/v2\/comments?post=1939"}],"wp:featuredmedia":[{"embeddable":true,"href":"https:\/\/olympiaboutique.com\/en\/wp-json\/wp\/v2\/media\/1940"}],"wp:attachment":[{"href":"https:\/\/olympiaboutique.com\/en\/wp-json\/wp\/v2\/media?parent=1939"}],"wp:term":[{"taxonomy":"product_brand","embeddable":true,"href":"https:\/\/olympiaboutique.com\/en\/wp-json\/wp\/v2\/product_brand?post=1939"},{"taxonomy":"product_cat","embeddable":true,"href":"https:\/\/olympiaboutique.com\/en\/wp-json\/wp\/v2\/product_cat?post=1939"},{"taxonomy":"product_tag","embeddable":true,"href":"https:\/\/olympiaboutique.com\/en\/wp-json\/wp\/v2\/product_tag?post=1939"}],"curies":[{"name":"wp","href":"https:\/\/api.w.org\/{rel}","templated":true}]}}