{"id":1913,"date":"2023-12-14T22:33:36","date_gmt":"2023-12-14T22:33:36","guid":{"rendered":"https:\/\/olympiaboutique.com\/?post_type=product&#038;p=1913"},"modified":"2025-12-01T04:17:26","modified_gmt":"2025-12-01T04:17:26","slug":"difeel-biotine-premium-huile-capillaire-210-ml","status":"publish","type":"product","link":"https:\/\/olympiaboutique.com\/en\/product\/difeel-biotine-premium-huile-capillaire-210-ml\/","title":{"rendered":"DIFEEL BIOTINE PREMIUM HUILE CAPILLAIRE, 210 ml"},"content":{"rendered":"<div><span>Cette huile extr\u00eamement riche et nourrissante peut \u00eatre utilis\u00e9e de multiples fa\u00e7ons pour r\u00e9pondre aux besoins de diff\u00e9rents types de cheveux. Cela peut \u00eatre utilis\u00e9 quotidiennement pour dompter les frisottis et les m\u00e8ches rebelles, augmenter la brillance des tresses et du cuir chevelu, pour faciliter le coiffage et pour aider \u00e0 dompter les pointes fourchues.<br \/>\n<\/span><\/div>\n<div>Pour un traitement plus profond et plus nourrissant, l\u2019huile peut \u00eatre appliqu\u00e9e g\u00e9n\u00e9reusement sur le cuir chevelu, les racines et jusqu\u2019aux pointes pour un traitement de nuit. Pour de meilleurs r\u00e9sultats, utilisez l\u2019huile quotidiennement pour une hydratation accrue et mensuellement pour un traitement plus profond.<\/div>","protected":false},"excerpt":{"rendered":"<div>\n<div>\n<ul>\n<li>Des formules fortifiantes enrichies et infus\u00e9es de biotine, une vitamine hydrosoluble qui fait partie de la famille des vitamines B.<\/li>\n<\/ul>\n<\/div>\n<ul>\n<li>La biotine joue un r\u00f4le important dans la sant\u00e9 de vos cheveux, de votre peau et de vos ongles ; Un manque de biotine peut entra\u00eener une perte de cheveux.<\/li>\n<\/ul>\n<div>\n<ul>\n<li>Am\u00e9liore \u00e0 la fois la force et la brillance des cheveux.<\/li>\n<\/ul>\n<\/div>\n<\/div>\n<ul>\n<li><span>Huile capillaire naturelle qui aide \u00e0 favoriser une croissance saine des cheveux.<\/span><\/li>\n<\/ul>\n<div><\/div>","protected":false},"featured_media":1916,"comment_status":"open","ping_status":"closed","template":"","meta":{"_joinchat":[]},"product_brand":[],"product_cat":[109],"product_tag":[246],"class_list":{"0":"post-1913","1":"product","2":"type-product","3":"status-publish","4":"has-post-thumbnail","6":"product_cat-cheveux","7":"product_tag-difeel","9":"first","10":"outofstock","11":"shipping-taxable","12":"purchasable","13":"product-type-simple"},"jetpack_sharing_enabled":true,"_links":{"self":[{"href":"https:\/\/olympiaboutique.com\/en\/wp-json\/wp\/v2\/product\/1913","targetHints":{"allow":["GET"]}}],"collection":[{"href":"https:\/\/olympiaboutique.com\/en\/wp-json\/wp\/v2\/product"}],"about":[{"href":"https:\/\/olympiaboutique.com\/en\/wp-json\/wp\/v2\/types\/product"}],"replies":[{"embeddable":true,"href":"https:\/\/olympiaboutique.com\/en\/wp-json\/wp\/v2\/comments?post=1913"}],"wp:featuredmedia":[{"embeddable":true,"href":"https:\/\/olympiaboutique.com\/en\/wp-json\/wp\/v2\/media\/1916"}],"wp:attachment":[{"href":"https:\/\/olympiaboutique.com\/en\/wp-json\/wp\/v2\/media?parent=1913"}],"wp:term":[{"taxonomy":"product_brand","embeddable":true,"href":"https:\/\/olympiaboutique.com\/en\/wp-json\/wp\/v2\/product_brand?post=1913"},{"taxonomy":"product_cat","embeddable":true,"href":"https:\/\/olympiaboutique.com\/en\/wp-json\/wp\/v2\/product_cat?post=1913"},{"taxonomy":"product_tag","embeddable":true,"href":"https:\/\/olympiaboutique.com\/en\/wp-json\/wp\/v2\/product_tag?post=1913"}],"curies":[{"name":"wp","href":"https:\/\/api.w.org\/{rel}","templated":true}]}}