{"id":1908,"date":"2023-12-14T22:20:36","date_gmt":"2023-12-14T22:20:36","guid":{"rendered":"https:\/\/olympiaboutique.com\/?post_type=product&#038;p=1908"},"modified":"2025-12-01T04:17:26","modified_gmt":"2025-12-01T04:17:26","slug":"head-shoulders-soin-complet-du-cuir-chevelu-2-en-1-18l","status":"publish","type":"product","link":"https:\/\/olympiaboutique.com\/en\/product\/head-shoulders-soin-complet-du-cuir-chevelu-2-en-1-18l\/","title":{"rendered":"Head &amp; Shoulders Soin complet du cuir chevelu 2-en-1, 18L"},"content":{"rendered":"<p>Pourquoi choisir Head &amp; Shoulders ? Un bon shampooing antipelliculaire devrait faire plus que combattre les squames. Head &amp; Shoulders \u00e9limine non seulement les squames, mais prot\u00e8ge \u00e9galement votre cuir chevelu des pellicules et hydrate vos cheveux. C\u2019est pourquoi Head &amp; Shoulders est la marque de pellicules #1 recommand\u00e9e par les dermatologues et le shampooing #1 au monde.<\/p>\n<p>Nos produits sont r\u00e9sistants aux pellicules mais doux pour les cheveux afin que vous puissiez les utiliser tous les jours.<\/p>\n<ul class=\"a-unordered-list a-vertical a-spacing-mini\">\n<li class=\"a-spacing-mini\"><span class=\"a-list-item\">Head &amp; Shoulders Dry Scalp Care Anti-Pellicules 2 en 1 combat les squames et laisse votre cuir chevelu propre et hydrat\u00e9<\/span><\/li>\n<li class=\"a-spacing-mini\"><span class=\"a-list-item\">Des experts en soins du cuir chevelu ; les fabricants du shampooing antipelliculaire #1 aux \u00c9tats-Unis* (*bas\u00e9 sur le volume des ventes)<\/span><\/li>\n<li class=\"a-spacing-mini\"><span class=\"a-list-item\">Le soulagement multi-sympt\u00f4mes offre une protection \u00e9prouv\u00e9e contre les squames, les d\u00e9mangeaisons* et la s\u00e9cheresse (*squames et d\u00e9mangeaisons associ\u00e9es aux pellicules)<\/span><\/li>\n<li class=\"a-spacing-mini\"><span class=\"a-list-item\">La formule pratique 2 en 1 nourrit les cheveux et le cuir chevelu tout en les nettoyant et en les hydratant<\/span><\/li>\n<li class=\"a-spacing-mini\"><span class=\"a-list-item\">Les notes parfum\u00e9es d\u2019huile d\u2019amande laissent les cheveux frais et propres<\/span><\/li>\n<\/ul>","protected":false},"excerpt":{"rendered":"<p>Le shampooing et revitalisant complet Head and Shoulders Scalp Care 2en-1 est une formule antipelliculaire \u00e0 l\u2019huile d\u2019amande qui commence \u00e0 agir au contact et infuse votre cuir chevelu et vos cheveux d\u2019une hydratation nourrissante. Cette formule am\u00e9lior\u00e9e est \u00e0 double action, elle peut donc hydrater vos cheveux et calmer les d\u00e9mangeaisons et la desquamation du cuir chevelu avec un seul flacon. Les shampooings Head &amp; Shoulders sont dot\u00e9s de la formule 3Actions qui:<\/p>\n<ul>\n<li>1) NETTOIE &#8211; pour \u00e9liminer le s\u00e9bum et les squames\u00a0;<\/li>\n<li>2) PROT\u00c8GE &#8211; cuir chevelu contre les pellicules ;<\/li>\n<li>3) HYDRATE &#8211; chaque m\u00e8che de cheveux du cuir chevelu \u00e0 la pointe.<\/li>\n<\/ul>\n<p>Obtenez des cheveux incroyablement beaux jusqu\u2019\u00e0 100% sans squames\u00a0 avec Head &amp; Shoulders.<\/p>","protected":false},"featured_media":1909,"comment_status":"open","ping_status":"closed","template":"","meta":{"_joinchat":[]},"product_brand":[],"product_cat":[109],"product_tag":[285],"class_list":{"0":"post-1908","1":"product","2":"type-product","3":"status-publish","4":"has-post-thumbnail","6":"product_cat-cheveux","7":"product_tag-head-and-shoulders-scalp-care-2en-1","9":"first","10":"outofstock","11":"shipping-taxable","12":"purchasable","13":"product-type-simple"},"jetpack_sharing_enabled":true,"_links":{"self":[{"href":"https:\/\/olympiaboutique.com\/en\/wp-json\/wp\/v2\/product\/1908","targetHints":{"allow":["GET"]}}],"collection":[{"href":"https:\/\/olympiaboutique.com\/en\/wp-json\/wp\/v2\/product"}],"about":[{"href":"https:\/\/olympiaboutique.com\/en\/wp-json\/wp\/v2\/types\/product"}],"replies":[{"embeddable":true,"href":"https:\/\/olympiaboutique.com\/en\/wp-json\/wp\/v2\/comments?post=1908"}],"wp:featuredmedia":[{"embeddable":true,"href":"https:\/\/olympiaboutique.com\/en\/wp-json\/wp\/v2\/media\/1909"}],"wp:attachment":[{"href":"https:\/\/olympiaboutique.com\/en\/wp-json\/wp\/v2\/media?parent=1908"}],"wp:term":[{"taxonomy":"product_brand","embeddable":true,"href":"https:\/\/olympiaboutique.com\/en\/wp-json\/wp\/v2\/product_brand?post=1908"},{"taxonomy":"product_cat","embeddable":true,"href":"https:\/\/olympiaboutique.com\/en\/wp-json\/wp\/v2\/product_cat?post=1908"},{"taxonomy":"product_tag","embeddable":true,"href":"https:\/\/olympiaboutique.com\/en\/wp-json\/wp\/v2\/product_tag?post=1908"}],"curies":[{"name":"wp","href":"https:\/\/api.w.org\/{rel}","templated":true}]}}