{"id":1902,"date":"2023-12-14T21:37:36","date_gmt":"2023-12-14T21:37:36","guid":{"rendered":"https:\/\/olympiaboutique.com\/?post_type=product&#038;p=1902"},"modified":"2025-12-01T04:17:26","modified_gmt":"2025-12-01T04:17:26","slug":"pediasure-grow-gain-shake-proteine-pour-enfants-vanille-237-ml-paquet-de-24","status":"publish","type":"product","link":"https:\/\/olympiaboutique.com\/en\/product\/pediasure-grow-gain-shake-proteine-pour-enfants-vanille-237-ml-paquet-de-24\/","title":{"rendered":"PediaSure Grow &amp; Gain, Shake prot\u00e9in\u00e9 pour enfants, vanille, 237 ml (paquet de 24)"},"content":{"rendered":"<ul class=\"a-unordered-list a-vertical a-spacing-mini\">\n<li class=\"a-spacing-mini\"><span class=\"a-list-item\">SHAKES NUTRITIONNELS POUR LA CROISSANCE DES ENFANTS : Con\u00e7us pour compl\u00e9ter un r\u00e9gime alimentaire pour les enfants qui sont en retard de croissance et qui ont besoin de prendre du poids<\/span><\/li>\n<li class=\"a-spacing-mini\"><span class=\"a-list-item\">7 NUTRIMENTS CL\u00c9S POUR LE SOUTIEN IMMUNITAIRE : Nutrition pour aider \u00e0 soutenir le syst\u00e8me immunitaire des enfants avec des prot\u00e9ines, du zinc, des vitamines A et D et des antioxydants (vitamines C et E et s\u00e9l\u00e9nium)<\/span><\/li>\n<li class=\"a-spacing-mini\"><span class=\"a-list-item\">NUTRITION COMPL\u00c8TE ET \u00c9QUILIBR\u00c9E : Un shake nutritionnel pour enfants avec 27 vitamines et min\u00e9raux essentiels, 7 g de prot\u00e9ines ; il est \u00e9galement sans OGM, sans gluten, ne contient pas d\u2019hormones de croissance artificielles et contient 32 mg d\u2019om\u00e9ga-3 DHA<\/span><\/li>\n<li class=\"a-spacing-mini\"><span class=\"a-list-item\">CROISSANCE CLINIQUEMENT PROUV\u00c9E : PediaSure Grow and Gain aide les enfants \u00e0 rattraper leur retard de croissance en seulement 8 semaines<\/span><\/li>\n<li class=\"a-spacing-mini\"><span class=\"a-list-item\">RECOMMAND\u00c9\u00a0: De la marque recommand\u00e9e par le p\u00e9diatre\u00a0; Fournit une bonne source de prot\u00e9ines et contient des vitamines et des min\u00e9raux pour les enfants \u00e2g\u00e9s de 2 \u00e0 13 ans<\/span><\/li>\n<\/ul>","protected":false},"excerpt":{"rendered":"<p>Il a \u00e9t\u00e9 cliniquement prouv\u00e9 que les shakes nutritionnels pour enfants PediaSure Grow &amp; Gain with Immune Support aident les enfants \u00e0 grandir. Chaque shake contient 7 nutriments cl\u00e9s pour le soutien immunitaire, 27 vitamines et min\u00e9raux essentiels, 7 g de prot\u00e9ines pour aider \u00e0 d\u00e9velopper les muscles et 32 mg d\u2019om\u00e9ga-3 DHA pour le d\u00e9veloppement du cerveau et des yeux. PediaSure Grow &amp; Gain est sans OGM, sans gluten, ne contient pas d\u2019hormones de croissance artificielles et convient \u00e0 l\u2019intol\u00e9rance au lactose. Il est id\u00e9al pour le petit-d\u00e9jeuner, dans une bo\u00eete \u00e0 lunch et comme collation. De la marque #1 recommand\u00e9e par les p\u00e9diatres.<\/p>\n<p>Ne convient pas aux enfants atteints de galactos\u00e9mie. Les nutriments comprennent les prot\u00e9ines, les vitamines A et D, le zinc et les antioxydants (vitamines C et E et s\u00e9l\u00e9nium). \u00c9tudi\u00e9 chez les enfants \u00e0 risque de malnutrition. Chez les enfants \u00e2g\u00e9s de 3 \u00e0 4 ans pr\u00e9sentant un risque nutritionnel (5e-25e percentile de poids pour la taille), lorsqu\u2019ils re\u00e7oivent 2 portions par jour et des conseils di\u00e9t\u00e9tiques.<\/p>\n<ul>\n<li>Il a \u00e9t\u00e9 cliniquement prouv\u00e9 qu\u2019il aide les enfants \u00e0 grandir<\/li>\n<li>3 g de fibres pour aider \u00e0 soutenir le syst\u00e8me digestif de votre enfant.\u00a0 (\u2020\u00c9tudi\u00e9 chez les enfants \u00e0 risque de malnutrition.)<\/li>\n<li>Une nutrition \u00e9quilibr\u00e9e pour aider \u00e0 combler les lacunes avec 40 % plus de prot\u00e9ines\u2021 et 25 % moins de calories<\/li>\n<\/ul>","protected":false},"featured_media":1904,"comment_status":"open","ping_status":"closed","template":"","meta":{"_joinchat":[]},"product_brand":[],"product_cat":[23],"product_tag":[284],"class_list":{"0":"post-1902","1":"product","2":"type-product","3":"status-publish","4":"has-post-thumbnail","6":"product_cat-food","7":"product_tag-pediasure","9":"first","10":"outofstock","11":"shipping-taxable","12":"purchasable","13":"product-type-simple"},"jetpack_sharing_enabled":true,"_links":{"self":[{"href":"https:\/\/olympiaboutique.com\/en\/wp-json\/wp\/v2\/product\/1902","targetHints":{"allow":["GET"]}}],"collection":[{"href":"https:\/\/olympiaboutique.com\/en\/wp-json\/wp\/v2\/product"}],"about":[{"href":"https:\/\/olympiaboutique.com\/en\/wp-json\/wp\/v2\/types\/product"}],"replies":[{"embeddable":true,"href":"https:\/\/olympiaboutique.com\/en\/wp-json\/wp\/v2\/comments?post=1902"}],"wp:featuredmedia":[{"embeddable":true,"href":"https:\/\/olympiaboutique.com\/en\/wp-json\/wp\/v2\/media\/1904"}],"wp:attachment":[{"href":"https:\/\/olympiaboutique.com\/en\/wp-json\/wp\/v2\/media?parent=1902"}],"wp:term":[{"taxonomy":"product_brand","embeddable":true,"href":"https:\/\/olympiaboutique.com\/en\/wp-json\/wp\/v2\/product_brand?post=1902"},{"taxonomy":"product_cat","embeddable":true,"href":"https:\/\/olympiaboutique.com\/en\/wp-json\/wp\/v2\/product_cat?post=1902"},{"taxonomy":"product_tag","embeddable":true,"href":"https:\/\/olympiaboutique.com\/en\/wp-json\/wp\/v2\/product_tag?post=1902"}],"curies":[{"name":"wp","href":"https:\/\/api.w.org\/{rel}","templated":true}]}}