{"id":1874,"date":"2023-12-13T16:26:01","date_gmt":"2023-12-13T16:26:01","guid":{"rendered":"https:\/\/olympiaboutique.com\/?post_type=product&#038;p=1874"},"modified":"2025-12-01T04:17:26","modified_gmt":"2025-12-01T04:17:26","slug":"advanced-clinicals-collagen-skin-rescue-lotion-454g","status":"publish","type":"product","link":"https:\/\/olympiaboutique.com\/en\/product\/advanced-clinicals-collagen-skin-rescue-lotion-454g\/","title":{"rendered":"ADVANCED CLINICALS Collagen Skin Rescue Lotion, 454g"},"content":{"rendered":"<ul class=\"a-unordered-list a-vertical a-spacing-mini\">\n<li class=\"a-spacing-mini\"><span class=\"a-list-item\">CR\u00c8ME AU COLLAG\u00c8NE \u2013 Le collag\u00e8ne est une prot\u00e9ine naturellement pr\u00e9sente dans notre peau, nos os et notre tissu conjonctif, et il joue un r\u00f4le essentiel dans le maintien de l\u2019\u00e9lasticit\u00e9 et de la fermet\u00e9 de notre peau. \u00c0 mesure que nous vieillissons, la production naturelle de collag\u00e8ne de notre corps diminue, ce qui peut entra\u00eener l\u2019apparition de ridules, de rides et de rel\u00e2chement cutan\u00e9. La cr\u00e8me pour le corps Advanced Clinicals Collagen aide \u00e0 stimuler l\u2019\u00e9lasticit\u00e9 de la peau, \u00e0 restaurer le collag\u00e8ne dans votre peau et \u00e0 hydrater + nourrir votre peau, la laissant plus douce, souple et radieuse.<\/span><\/li>\n<li class=\"a-spacing-mini\"><span class=\"a-list-item\">FORMULE ANTI-\u00c2GE PUISSANTE &#8211; Le collag\u00e8ne aide \u00e0 redonner \u00e0 la peau sa beaut\u00e9 d\u2019antan en stimulant la production d\u2019\u00e9lastine vitale pour repulper et lifter la peau vieillissante. Ravivez la peau ferme, \u00e9clatante et magnifique de votre jeunesse avec cette cr\u00e8me au collag\u00e8ne Advanced Clinicals Dry Skin Rescue de grande taille, qui fonctionne comme une lotion hydratante pour le corps efficace au quotidien qui est m\u00eame assez douce pour votre visage. Soigneusement formul\u00e9 pour \u00eatre sans danger pour tous les types de peau, y compris les peaux s\u00e8ches, les peaux grasses et les peaux sensibles.<\/span><\/li>\n<li class=\"a-spacing-mini\"><span class=\"a-list-item\">CR\u00c8ME AU COLLAG\u00c8NE \u2013 Le collag\u00e8ne est une prot\u00e9ine naturellement pr\u00e9sente dans notre peau, nos os et notre tissu conjonctif, et il joue un r\u00f4le essentiel dans le maintien de l\u2019\u00e9lasticit\u00e9 et de la fermet\u00e9 de notre peau. \u00c0 mesure que nous vieillissons, la production naturelle de collag\u00e8ne de notre corps diminue, ce qui peut entra\u00eener l\u2019apparition de ridules, de rides et de rel\u00e2chement cutan\u00e9. La cr\u00e8me pour le corps Advanced Clinicals Collagen aide \u00e0 stimuler l\u2019\u00e9lasticit\u00e9 de la peau, \u00e0 restaurer le collag\u00e8ne dans votre peau et \u00e0 hydrater + nourrir votre peau, la laissant plus douce, souple et radieuse.<\/span><\/li>\n<li class=\"a-spacing-mini\"><span class=\"a-list-item\">FORMULE ANTI-\u00c2GE PUISSANTE &#8211; Le collag\u00e8ne aide \u00e0 redonner \u00e0 la peau sa beaut\u00e9 d\u2019antan en stimulant la production d\u2019\u00e9lastine vitale pour repulper et lifter la peau vieillissante. Ravivez la peau ferme, \u00e9clatante et magnifique de votre jeunesse avec cette cr\u00e8me au collag\u00e8ne Advanced Clinicals Dry Skin Rescue de grande taille, qui fonctionne comme une lotion hydratante pour le corps efficace au quotidien qui est m\u00eame assez douce pour votre visage. Soigneusement formul\u00e9 pour \u00eatre sans danger pour tous les types de peau, y compris les peaux s\u00e8ches, les peaux grasses et les peaux sensibles.<\/span><\/li>\n<\/ul>","protected":false},"excerpt":{"rendered":"<p>Prenez soin de votre peau avec la lotion ADVANCED CLINICALS Collagen Skin Rescue. Il hydrate, lifte et raffermit votre peau pour favoriser une peau d\u2019apparence uniforme.<\/p>\n<p>ADVANCED CLINICALS Collagen Skin Rescue Lotion est une formule douce qui peut \u00e9galement \u00eatre utilis\u00e9e comme hydratant quotidien pour le visage. Il suffit d\u2019appliquer une quantit\u00e9 suffisante de lotion sur le visage, le cou et les mains nettoy\u00e9s. Ensuite, massez doucement la peau en effectuant des mouvements circulaires ascendants, en accordant une attention particuli\u00e8re aux rides, jusqu\u2019\u00e0 absorption compl\u00e8te. Avec une utilisation continue, vous remarquerez une peau plus douce et plus pulpeuse.<\/p>","protected":false},"featured_media":1875,"comment_status":"open","ping_status":"closed","template":"","meta":{"_joinchat":[]},"product_brand":[],"product_cat":[22],"product_tag":[275],"class_list":{"0":"post-1874","1":"product","2":"type-product","3":"status-publish","4":"has-post-thumbnail","6":"product_cat-skincare","7":"product_tag-advanced-clinical","9":"first","10":"outofstock","11":"shipping-taxable","12":"purchasable","13":"product-type-simple"},"jetpack_sharing_enabled":true,"_links":{"self":[{"href":"https:\/\/olympiaboutique.com\/en\/wp-json\/wp\/v2\/product\/1874","targetHints":{"allow":["GET"]}}],"collection":[{"href":"https:\/\/olympiaboutique.com\/en\/wp-json\/wp\/v2\/product"}],"about":[{"href":"https:\/\/olympiaboutique.com\/en\/wp-json\/wp\/v2\/types\/product"}],"replies":[{"embeddable":true,"href":"https:\/\/olympiaboutique.com\/en\/wp-json\/wp\/v2\/comments?post=1874"}],"wp:featuredmedia":[{"embeddable":true,"href":"https:\/\/olympiaboutique.com\/en\/wp-json\/wp\/v2\/media\/1875"}],"wp:attachment":[{"href":"https:\/\/olympiaboutique.com\/en\/wp-json\/wp\/v2\/media?parent=1874"}],"wp:term":[{"taxonomy":"product_brand","embeddable":true,"href":"https:\/\/olympiaboutique.com\/en\/wp-json\/wp\/v2\/product_brand?post=1874"},{"taxonomy":"product_cat","embeddable":true,"href":"https:\/\/olympiaboutique.com\/en\/wp-json\/wp\/v2\/product_cat?post=1874"},{"taxonomy":"product_tag","embeddable":true,"href":"https:\/\/olympiaboutique.com\/en\/wp-json\/wp\/v2\/product_tag?post=1874"}],"curies":[{"name":"wp","href":"https:\/\/api.w.org\/{rel}","templated":true}]}}