{"id":1870,"date":"2023-12-13T13:41:12","date_gmt":"2023-12-13T13:41:12","guid":{"rendered":"https:\/\/olympiaboutique.com\/?post_type=product&#038;p=1870"},"modified":"2026-03-29T20:21:04","modified_gmt":"2026-03-29T20:21:04","slug":"advanced-clinicals-serum-pour-le-visage-a-la-vitamine-c-52-ml","status":"publish","type":"product","link":"https:\/\/olympiaboutique.com\/en\/product\/advanced-clinicals-serum-pour-le-visage-a-la-vitamine-c-52-ml\/","title":{"rendered":"Advanced Clinicals S\u00e9rum pour le visage \u00e0 la vitamine C, 52 ml"},"content":{"rendered":"<p>La s\u00e9rum \u00e0 la vitamine C de Advanced Clinicals est un s\u00e9rum puissant qui cible l\u2019hyperpigmentation, l\u2019\u00e9clat du teint et les signes du vieillissement cutan\u00e9. Associ\u00e9 avec de l\u2019acide f\u00e9rulique, la vitamine C ravive l\u2019\u00e9clat de la peau et vous redonne un teint revitalis\u00e9. Le s\u00e9rum anti-\u00e2ge \u00e0 la vitamine C att\u00e9nue visiblement l\u2019apparence des taches (taches de vieillesse, taches d\u00fb au soleil, taches brunes, cicatrices et plus encore!) en seulement 4 semaines. Les taches sont diminu\u00e9es, le teint redevient uniforme et lumineux. Liss\u00e9e et \u00e9clatante,<br \/>\nla peau para\u00eet visiblement plus jeune, quoi de mieux?<\/p>\n<h3>Utilisation :<\/h3>\n<p>Appliquer matin et soir sur une peau nettoy\u00e9e.<br \/>\nM\u00e9langer quelques gouttes du s\u00e9rum sur le bout des doigts et lisser la mati\u00e8re sur la peau en r\u00e9alisant de petites pressions sur le visage : du menton aux tempes, du nez aux tempes, sur l\u2019ar\u00eate du nez et enfin horitontalement sur le front.<br \/>\nAttendez quelques minutes que le s\u00e9rum soit absorb\u00e9. Suivez avec une cr\u00e8me hydratante.<\/p>","protected":false},"excerpt":{"rendered":"<p><strong>Bienfaits<\/strong> :<br \/>\n\u2022 Att\u00e9nue les taches : diminue l\u2019intensit\u00e9 des taches existantes et redonne \u00e0 la peau sa clart\u00e9 et son<br \/>\nuniformit\u00e9.<br \/>\n\u2022 Redonne de l\u2019\u00e9clat : l\u2019action anti-oxydante de la vitamine C prot\u00e8ge contre les<br \/>\ndommages provoqu\u00e9s par les radicaux libres, responsables du teint terne.<br \/>\n\u2022 Lisse le micro-relief cutan\u00e9 : la vitamine C booster de collag\u00e8ne, agit pour diminuer visiblement<br \/>\nles ridules.<\/p>","protected":false},"featured_media":1871,"comment_status":"open","ping_status":"closed","template":"","meta":{"_joinchat":[]},"product_brand":[],"product_cat":[22],"product_tag":[275],"class_list":{"0":"post-1870","1":"product","2":"type-product","3":"status-publish","4":"has-post-thumbnail","6":"product_cat-skincare","7":"product_tag-advanced-clinical","9":"first","10":"instock","11":"shipping-taxable","12":"purchasable","13":"product-type-simple"},"jetpack_sharing_enabled":true,"_links":{"self":[{"href":"https:\/\/olympiaboutique.com\/en\/wp-json\/wp\/v2\/product\/1870","targetHints":{"allow":["GET"]}}],"collection":[{"href":"https:\/\/olympiaboutique.com\/en\/wp-json\/wp\/v2\/product"}],"about":[{"href":"https:\/\/olympiaboutique.com\/en\/wp-json\/wp\/v2\/types\/product"}],"replies":[{"embeddable":true,"href":"https:\/\/olympiaboutique.com\/en\/wp-json\/wp\/v2\/comments?post=1870"}],"wp:featuredmedia":[{"embeddable":true,"href":"https:\/\/olympiaboutique.com\/en\/wp-json\/wp\/v2\/media\/1871"}],"wp:attachment":[{"href":"https:\/\/olympiaboutique.com\/en\/wp-json\/wp\/v2\/media?parent=1870"}],"wp:term":[{"taxonomy":"product_brand","embeddable":true,"href":"https:\/\/olympiaboutique.com\/en\/wp-json\/wp\/v2\/product_brand?post=1870"},{"taxonomy":"product_cat","embeddable":true,"href":"https:\/\/olympiaboutique.com\/en\/wp-json\/wp\/v2\/product_cat?post=1870"},{"taxonomy":"product_tag","embeddable":true,"href":"https:\/\/olympiaboutique.com\/en\/wp-json\/wp\/v2\/product_tag?post=1870"}],"curies":[{"name":"wp","href":"https:\/\/api.w.org\/{rel}","templated":true}]}}