{"id":1787,"date":"2023-12-07T20:25:20","date_gmt":"2023-12-07T20:25:20","guid":{"rendered":"https:\/\/olympiaboutique.com\/?post_type=product&#038;p=1787"},"modified":"2025-12-01T04:17:27","modified_gmt":"2025-12-01T04:17:27","slug":"nature-made-daily-diabetes-health-pack-comprimes-de-complement-alimentaire-60-ct","status":"publish","type":"product","link":"https:\/\/olympiaboutique.com\/en\/product\/nature-made-daily-diabetes-health-pack-comprimes-de-complement-alimentaire-60-ct\/","title":{"rendered":"Nature Made Daily Diabetes Health Pack Comprim\u00e9s de compl\u00e9ment alimentaire (60 ct.)"},"content":{"rendered":"<p>Le compl\u00e9ment alimentaire Nature Made Daily Diabetes Health Pack (60 pk.) est con\u00e7u pour garder votre corps en bonne sant\u00e9, m\u00eame lorsque vous ne pouvez pas avoir une alimentation \u00e9quilibr\u00e9e tous les jours. Chaque paquet de vitamines offre plusieurs nutriments importants dont votre corps pourrait \u00eatre insuffisant. Chaque pack de suppl\u00e9ments nutritionnels pour le diab\u00e8te Nature Made Diabetes Health contient une combinaison compl\u00e8te de vitamines, de min\u00e9raux et d\u2019autres compl\u00e9ments alimentaires cl\u00e9s, notamment une multivitamine, de l\u2019huile de poisson avec de la vitamine D3, du magn\u00e9sium, de la vitamine C, de l\u2019acide alpha-lipo\u00efque et du chrome. Le chrome est n\u00e9cessaire au m\u00e9tabolisme et \u00e0 l\u2019utilisation des glucides et aide \u00e0 soutenir un m\u00e9tabolisme sain du glucose.<\/p>\n<p><strong>Conseils d utilisation<\/strong> :<br \/>\nPrendre un sachet par jour avec un repas.<\/p>\n<p>Pr\u00e9diab\u00e8te: Un plus \u00e9lev\u00e9 que le niveau de sucre sanguin normal \u00e0 un risque accru de d\u00e9velopper un diab\u00e8te de type 2<\/p>","protected":false},"excerpt":{"rendered":"<ul>\n<li><strong>Bienfaits<\/strong><\/li>\n<li>Soutien nutritionnel scientifiquement formul\u00e9 pour les personnes atteintes de pr\u00e9diab\u00e8te et de diab\u00e8te<\/li>\n<li>Comprend des acides gras om\u00e9ga-3 pour soutenir la sant\u00e9 cardiaque<\/li>\n<li>Contient une combinaison compl\u00e8te de vitamines, de min\u00e9raux et d\u2019autres suppl\u00e9ments cl\u00e9s<\/li>\n<li>Approvisionnement de 60 jours de soutien nutritionnel<\/li>\n<\/ul>\n<p>Ce pack de vitamines pour le diab\u00e8te a une formulation sp\u00e9ciale qui fournit un soutien nutritionnel quotidien \u00e0 toute personne atteinte de diab\u00e8te ou de pr\u00e9diab\u00e8te et peut manquer de nutriments essentiels en raison de la souche du diab\u00e8te. Chaque ingr\u00e9dient du Pack Sant\u00e9 Diab\u00e8te Nature Made est con\u00e7u pour cibler les besoins de sant\u00e9 sp\u00e9cifiques des personnes atteintes de diab\u00e8te.<\/p>","protected":false},"featured_media":1788,"comment_status":"open","ping_status":"closed","template":"","meta":{"_joinchat":[]},"product_brand":[],"product_cat":[17],"product_tag":[276],"class_list":{"0":"post-1787","1":"product","2":"type-product","3":"status-publish","4":"has-post-thumbnail","6":"product_cat-vitamines","7":"product_tag-nature-made","9":"first","10":"outofstock","11":"shipping-taxable","12":"purchasable","13":"product-type-simple"},"jetpack_sharing_enabled":true,"_links":{"self":[{"href":"https:\/\/olympiaboutique.com\/en\/wp-json\/wp\/v2\/product\/1787","targetHints":{"allow":["GET"]}}],"collection":[{"href":"https:\/\/olympiaboutique.com\/en\/wp-json\/wp\/v2\/product"}],"about":[{"href":"https:\/\/olympiaboutique.com\/en\/wp-json\/wp\/v2\/types\/product"}],"replies":[{"embeddable":true,"href":"https:\/\/olympiaboutique.com\/en\/wp-json\/wp\/v2\/comments?post=1787"}],"wp:featuredmedia":[{"embeddable":true,"href":"https:\/\/olympiaboutique.com\/en\/wp-json\/wp\/v2\/media\/1788"}],"wp:attachment":[{"href":"https:\/\/olympiaboutique.com\/en\/wp-json\/wp\/v2\/media?parent=1787"}],"wp:term":[{"taxonomy":"product_brand","embeddable":true,"href":"https:\/\/olympiaboutique.com\/en\/wp-json\/wp\/v2\/product_brand?post=1787"},{"taxonomy":"product_cat","embeddable":true,"href":"https:\/\/olympiaboutique.com\/en\/wp-json\/wp\/v2\/product_cat?post=1787"},{"taxonomy":"product_tag","embeddable":true,"href":"https:\/\/olympiaboutique.com\/en\/wp-json\/wp\/v2\/product_tag?post=1787"}],"curies":[{"name":"wp","href":"https:\/\/api.w.org\/{rel}","templated":true}]}}