{"id":1783,"date":"2023-12-07T20:05:13","date_gmt":"2023-12-07T20:05:13","guid":{"rendered":"https:\/\/olympiaboutique.com\/?post_type=product&#038;p=1783"},"modified":"2025-12-01T04:17:27","modified_gmt":"2025-12-01T04:17:27","slug":"kirkland-signature-organic-coconut-oil-2-48-l","status":"publish","type":"product","link":"https:\/\/olympiaboutique.com\/en\/product\/kirkland-signature-organic-coconut-oil-2-48-l\/","title":{"rendered":"Kirkland Signature organic coconut oil, 2.48 L"},"content":{"rendered":"<p>L\u2019huile de noix de coco biologique Kirkland Signature est press\u00e9e \u00e0 froid et n\u2019a jamais \u00e9t\u00e9 trait\u00e9e chimiquement pendant la production. Parce qu\u2019il est trait\u00e9 de cette mani\u00e8re douce et \u00e0 basse temp\u00e9rature, toute la saveur, l\u2019ar\u00f4me et les bienfaits naturels pour la sant\u00e9 sont conserv\u00e9s. L\u2019huile de noix de coco est polyvalente dans la pr\u00e9paration des aliments.<br \/>\nL\u2019huile de noix de coco fonctionne \u00e0 merveille comme beurre corporel hydratant. En raison de sa composition chimique, il est facilement absorb\u00e9 par la peau et a un ar\u00f4me naturellement doux et propre.<\/p>\n<p>Ingr\u00e9dients :<br \/>\nHuile de noix de coco vierge 100% biologique.<\/p>","protected":false},"excerpt":{"rendered":"<ul>\n<li><strong>Bienfaits<\/strong><\/li>\n<li>L\u2019huile de coco peut r\u00e9duire votre faim, vous aider \u00e0 manger moins<\/li>\n<li>Hydrate les cheveux secs et pr\u00e9vient la perte de cheveux<\/li>\n<li>Hydrate la peau et le visage<\/li>\n<li>Am\u00e9liore les probl\u00e8mes de peau (br\u00fblures, ecz\u00e9ma, pellicules, dermatite et psoriasis)<\/li>\n<li>Am\u00e9liore la digestion et r\u00e9duit les ulc\u00e8res d\u2019estomac<\/li>\n<li>Propri\u00e9t\u00e9s antibact\u00e9riennes, antifongiques et antivirales<\/li>\n<li>Am\u00e9liore la m\u00e9moire et la fonction c\u00e9r\u00e9brale<\/li>\n<li>Am\u00e9liore l\u2019\u00e9nergie et l\u2019endurance<\/li>\n<li>Pr\u00e9vient les maladies des gencives et la carie dentaire (Gargling)<\/li>\n<li>Stimule le syst\u00e8me immunitaire et anti-vieillissement<\/li>\n<\/ul>","protected":false},"featured_media":1784,"comment_status":"open","ping_status":"closed","template":"","meta":{"_joinchat":[]},"product_brand":[],"product_cat":[23,22],"product_tag":[35],"class_list":{"0":"post-1783","1":"product","2":"type-product","3":"status-publish","4":"has-post-thumbnail","6":"product_cat-food","7":"product_cat-skincare","8":"product_tag-kirkland","10":"first","11":"outofstock","12":"shipping-taxable","13":"purchasable","14":"product-type-simple"},"jetpack_sharing_enabled":true,"_links":{"self":[{"href":"https:\/\/olympiaboutique.com\/en\/wp-json\/wp\/v2\/product\/1783","targetHints":{"allow":["GET"]}}],"collection":[{"href":"https:\/\/olympiaboutique.com\/en\/wp-json\/wp\/v2\/product"}],"about":[{"href":"https:\/\/olympiaboutique.com\/en\/wp-json\/wp\/v2\/types\/product"}],"replies":[{"embeddable":true,"href":"https:\/\/olympiaboutique.com\/en\/wp-json\/wp\/v2\/comments?post=1783"}],"wp:featuredmedia":[{"embeddable":true,"href":"https:\/\/olympiaboutique.com\/en\/wp-json\/wp\/v2\/media\/1784"}],"wp:attachment":[{"href":"https:\/\/olympiaboutique.com\/en\/wp-json\/wp\/v2\/media?parent=1783"}],"wp:term":[{"taxonomy":"product_brand","embeddable":true,"href":"https:\/\/olympiaboutique.com\/en\/wp-json\/wp\/v2\/product_brand?post=1783"},{"taxonomy":"product_cat","embeddable":true,"href":"https:\/\/olympiaboutique.com\/en\/wp-json\/wp\/v2\/product_cat?post=1783"},{"taxonomy":"product_tag","embeddable":true,"href":"https:\/\/olympiaboutique.com\/en\/wp-json\/wp\/v2\/product_tag?post=1783"}],"curies":[{"name":"wp","href":"https:\/\/api.w.org\/{rel}","templated":true}]}}