{"id":1780,"date":"2023-12-07T19:48:19","date_gmt":"2023-12-07T19:48:19","guid":{"rendered":"https:\/\/olympiaboutique.com\/?post_type=product&#038;p=1780"},"modified":"2025-12-01T04:17:27","modified_gmt":"2025-12-01T04:17:27","slug":"advanced-clinicals-lotion-pour-le-corps-et-les-mains-seches-et-craquelees-a-la-vitamine-c-hydratante237-ml","status":"publish","type":"product","link":"https:\/\/olympiaboutique.com\/en\/product\/advanced-clinicals-lotion-pour-le-corps-et-les-mains-seches-et-craquelees-a-la-vitamine-c-hydratante237-ml\/","title":{"rendered":"Advanced Clinicals Lotion pour le corps et les mains s\u00e8ches et craquel\u00e9es \u00e0 la vitamine C hydratante,237 ml"},"content":{"rendered":"<ul class=\"a-unordered-list a-vertical a-spacing-mini\">\n<li class=\"a-spacing-mini\"><span class=\"a-list-item\">LOTION POUR LES MAINS S\u00c8CHES : Notre cr\u00e8me pour les mains \u00e0 la vitamine C procure un soulagement rapide de la peau s\u00e8che et agit comme une cr\u00e8me r\u00e9paratrice des cuticules. Jamais grasse, profitez de notre cr\u00e8me hydratante pour hommes et femmes. Utilisez-le chaque fois que vos mains sont gerc\u00e9es, rugueuses ou s\u00e8ches.<\/span><\/li>\n<li class=\"a-spacing-mini\"><span class=\"a-list-item\">HYDRATANT : Formul\u00e9e avec de l\u2019extrait de feuille de romarin, du curcuma, de la racine de panax ginseng, de l\u2019extrait de racine de gingembre et de l\u2019extrait de pomme, cette lotion cicatrisante regorge d\u2019ingr\u00e9dients naturels utilis\u00e9s pour une peau lumineuse et jeune depuis des si\u00e8cles.<\/span><\/li>\n<li class=\"a-spacing-mini\"><span class=\"a-list-item\">CR\u00c8ME INTENSE POUR LES MAINS : Le beurre de karit\u00e9 et le tournesol hydratent en profondeur les mains gerc\u00e9es. Le lavage des mains, le climat sec, la peau sensible et l\u2019\u00e2ge peuvent tous contribuer \u00e0 rendre les mains rugueuses et s\u00e8ches, et notre formule riche offre une hydratation intensive et une barri\u00e8re non grasse.<\/span><\/li>\n<li class=\"a-spacing-mini\"><span class=\"a-list-item\">CR\u00c8ME POUR LES MAINS L\u00c9G\u00c8REMENT PARFUM\u00c9E : Notre hydratant \u00e9claircissant pour les mains a le l\u00e9ger parfum botanique et frais des agrumes et les tons terreux du ginseng.<\/span><\/li>\n<li class=\"a-spacing-mini\"><span class=\"a-list-item\">ADVANCED CLINICALS\u00a0: Notre mission est de fournir \u00e0 nos clients des soins de la peau et des cheveux abordables et efficaces<\/span><\/li>\n<\/ul>","protected":false},"excerpt":{"rendered":"<p>Que vous ayez travaill\u00e9 dur \u00e0 l\u2019ext\u00e9rieur, que vous vous laviez les mains sans arr\u00eat ou que vous ayez la peau rugueuse et sensible, notre cr\u00e8me pour les mains \u00e0 la vitamine C pour femmes et hommes est un compl\u00e9ment parfait \u00e0 votre routine de soins de la peau. La vitamine C aide \u00e0 restaurer la peau et lutte contre le climat sec, le vieillissement et d\u2019autres \u00e9l\u00e9ments d\u00e9shydratants. \u00c9quilibr\u00e9e avec du beurre de karit\u00e9, il s\u2019agit d\u2019une formule non grasse parfaite pour les peaux grasses, s\u00e8ches et sensibles, offrant une hydratation intense \u00e0 vos mains et \u00e0 vos cuticules. La cr\u00e8me hydratante gu\u00e9rit et renforce la peau et fournit une barri\u00e8re l\u00e9g\u00e8re contre l\u2019air dess\u00e9chant et le lavage \u00e0 la main. L\u2019acide f\u00e9rulique offre de l\u2019\u00e9clat et de l\u2019\u00e9clat m\u00eame sur les peaux fatigu\u00e9es et rugueuses, am\u00e9liorant instantan\u00e9ment l\u2019apparence. Utilisez cette cr\u00e8me r\u00e9paratrice pour les mains apr\u00e8s la douche, apr\u00e8s vous \u00eatre lav\u00e9 les mains ou chaque fois que vous avez besoin d\u2019un regain rapide d\u2019hydratation et de protection sur vos mains.<\/p>","protected":false},"featured_media":1781,"comment_status":"open","ping_status":"closed","template":"","meta":{"_joinchat":[]},"product_brand":[],"product_cat":[22],"product_tag":[275],"class_list":{"0":"post-1780","1":"product","2":"type-product","3":"status-publish","4":"has-post-thumbnail","6":"product_cat-skincare","7":"product_tag-advanced-clinical","9":"first","10":"outofstock","11":"shipping-taxable","12":"purchasable","13":"product-type-simple"},"jetpack_sharing_enabled":true,"_links":{"self":[{"href":"https:\/\/olympiaboutique.com\/en\/wp-json\/wp\/v2\/product\/1780","targetHints":{"allow":["GET"]}}],"collection":[{"href":"https:\/\/olympiaboutique.com\/en\/wp-json\/wp\/v2\/product"}],"about":[{"href":"https:\/\/olympiaboutique.com\/en\/wp-json\/wp\/v2\/types\/product"}],"replies":[{"embeddable":true,"href":"https:\/\/olympiaboutique.com\/en\/wp-json\/wp\/v2\/comments?post=1780"}],"wp:featuredmedia":[{"embeddable":true,"href":"https:\/\/olympiaboutique.com\/en\/wp-json\/wp\/v2\/media\/1781"}],"wp:attachment":[{"href":"https:\/\/olympiaboutique.com\/en\/wp-json\/wp\/v2\/media?parent=1780"}],"wp:term":[{"taxonomy":"product_brand","embeddable":true,"href":"https:\/\/olympiaboutique.com\/en\/wp-json\/wp\/v2\/product_brand?post=1780"},{"taxonomy":"product_cat","embeddable":true,"href":"https:\/\/olympiaboutique.com\/en\/wp-json\/wp\/v2\/product_cat?post=1780"},{"taxonomy":"product_tag","embeddable":true,"href":"https:\/\/olympiaboutique.com\/en\/wp-json\/wp\/v2\/product_tag?post=1780"}],"curies":[{"name":"wp","href":"https:\/\/api.w.org\/{rel}","templated":true}]}}