{"id":1776,"date":"2023-12-07T19:24:21","date_gmt":"2023-12-07T19:24:21","guid":{"rendered":"https:\/\/olympiaboutique.com\/?post_type=product&#038;p=1776"},"modified":"2025-12-01T04:17:27","modified_gmt":"2025-12-01T04:17:27","slug":"amlactin-ultra-smoothing-creme-intensement-hydratante-pour-le-corps-140g","status":"publish","type":"product","link":"https:\/\/olympiaboutique.com\/en\/product\/amlactin-ultra-smoothing-creme-intensement-hydratante-pour-le-corps-140g\/","title":{"rendered":"AmLactin Ultra Smoothing Cr\u00e8me Intens\u00e9ment Hydratante pour le Corps, 140g"},"content":{"rendered":"<p>Profitez d\u2019une peau plus lisse et plus douce avec la cr\u00e8me ultra lissante intens\u00e9ment hydratante AmLactin Alpha-Hydroxy Therapy. Avec ULTRAPLEX \u00e0 triple action, il exfolie en douceur et restaure la peau pour adoucir les zones rugueuses et bossel\u00e9es et am\u00e9liorer la beaut\u00e9 globale. La cr\u00e8me ultra lissante AmLactin p\u00e9n\u00e8tre en profondeur pour attirer l\u2019hydratation, ce qui la rend efficace sur les peaux s\u00e8ches associ\u00e9es \u00e0 la k\u00e9ratose pilaire. Cette cr\u00e8me recommand\u00e9e par les dermatologues a une taille de 140g, ce qui en fournit une quantit\u00e9 suffisante pour de multiples utilisations. Utilisez ce produit non gras quotidiennement pour dire adieu aux zones s\u00e8ches et emb\u00eatantes. Si vous \u00eates dans un climat sec ou dans des conditions hivernales difficiles, cette cr\u00e8me pour le corps sans parfum est id\u00e9ale pour r\u00e9parer la peau, la gardant aussi souple que jamais. Appliquer deux fois par jour sur le corps au besoin (non destin\u00e9 \u00e0 un usage facial) et voir la peau se transformer. Il est simple \u00e0 appliquer et deviendra un \u00e9l\u00e9ment facile de toute routine de beaut\u00e9. La cr\u00e8me ultra lissante intens\u00e9ment hydratante AmLactin Alpha-Hydroxy Therapy aidera la peau \u00e0 para\u00eetre et \u00e0 se sentir au mieux de sa forme.<\/p>","protected":false},"excerpt":{"rendered":"<ul>\n<li><strong>Bienfaits<\/strong><\/li>\n<li>AmLactin Alpha-Hydroxy Therapy, cr\u00e8me ultra lissante et intens\u00e9ment hydratante,<\/li>\n<li>140g de cr\u00e8me ultra lissante intens\u00e9ment hydratante AmLactin est formul\u00e9e pour soulager votre inconfort<\/li>\n<li>Con\u00e7u avec une texture \u00e9paisse et cr\u00e9meuse pour offrir une excellente hydratation durable<\/li>\n<li>Parfait pour les petites zones rugueuses avec une exposition fr\u00e9quente comme les coudes et les mains<\/li>\n<li>La formule brevet\u00e9e avec ULTRAPLEX* exfolie en douceur et est cliniquement prouv\u00e9e pour hydrater et restaurer<\/li>\n<li>Utilisez-le quotidiennement pour d\u00e9couvrir la texture saine de la peau et adoucir les zones rugueuses et bossel\u00e9es<\/li>\n<li>Cr\u00e8me sans parfum et non grasse<\/li>\n<li>Efficace sur les peaux s\u00e8ches associ\u00e9es \u00e0 la k\u00e9ratose pilaire (\u00ab KP \u00bb)<\/li>\n<li>Recommand\u00e9 par les dermatologues, cliniquement prouv\u00e9<\/li>\n<\/ul>","protected":false},"featured_media":1777,"comment_status":"open","ping_status":"closed","template":"","meta":{"_joinchat":[]},"product_brand":[],"product_cat":[22],"product_tag":[47],"class_list":{"0":"post-1776","1":"product","2":"type-product","3":"status-publish","4":"has-post-thumbnail","6":"product_cat-skincare","7":"product_tag-amlactin","9":"first","10":"outofstock","11":"shipping-taxable","12":"purchasable","13":"product-type-simple"},"jetpack_sharing_enabled":true,"_links":{"self":[{"href":"https:\/\/olympiaboutique.com\/en\/wp-json\/wp\/v2\/product\/1776","targetHints":{"allow":["GET"]}}],"collection":[{"href":"https:\/\/olympiaboutique.com\/en\/wp-json\/wp\/v2\/product"}],"about":[{"href":"https:\/\/olympiaboutique.com\/en\/wp-json\/wp\/v2\/types\/product"}],"replies":[{"embeddable":true,"href":"https:\/\/olympiaboutique.com\/en\/wp-json\/wp\/v2\/comments?post=1776"}],"wp:featuredmedia":[{"embeddable":true,"href":"https:\/\/olympiaboutique.com\/en\/wp-json\/wp\/v2\/media\/1777"}],"wp:attachment":[{"href":"https:\/\/olympiaboutique.com\/en\/wp-json\/wp\/v2\/media?parent=1776"}],"wp:term":[{"taxonomy":"product_brand","embeddable":true,"href":"https:\/\/olympiaboutique.com\/en\/wp-json\/wp\/v2\/product_brand?post=1776"},{"taxonomy":"product_cat","embeddable":true,"href":"https:\/\/olympiaboutique.com\/en\/wp-json\/wp\/v2\/product_cat?post=1776"},{"taxonomy":"product_tag","embeddable":true,"href":"https:\/\/olympiaboutique.com\/en\/wp-json\/wp\/v2\/product_tag?post=1776"}],"curies":[{"name":"wp","href":"https:\/\/api.w.org\/{rel}","templated":true}]}}