{"id":177,"date":"2023-07-24T21:18:20","date_gmt":"2023-07-24T21:18:20","guid":{"rendered":"https:\/\/olympiaboutique.com\/?post_type=product&#038;p=177"},"modified":"2026-04-09T19:50:04","modified_gmt":"2026-04-09T19:50:04","slug":"177","status":"publish","type":"product","link":"https:\/\/olympiaboutique.com\/en\/product\/177\/","title":{"rendered":"Glucerna Shake proteine pour Diabetique (24x237ml)"},"content":{"rendered":"<ul>\n<li>SOUTIEN DU SYST\u00c8ME IMMUNITAIRE : Avec des nutriments pour aider \u00e0 soutenir la sant\u00e9 du syst\u00e8me immunitaire, y compris les prot\u00e9ines, les vitamines A et D, le zinc et les antioxydants (vitamines C et E)<\/li>\n<li>Aide \u00e0 g\u00e9rer la glyc\u00e9mie* : les shakes Glucerna contiennent CARBSTEADY, des m\u00e9langes uniques de glucides \u00e0 lib\u00e9ration lente pour aider \u00e0 minimiser les pics de glyc\u00e9mie.&nbsp;Id\u00e9al comme substitut de petit repas ou de collation<\/li>\n<li>GO\u00dbT D\u00c9LICIEUX POUR R\u00c9DUIRE LES ENVIES&nbsp;: faire un choix intelligent peut toujours \u00eatre d\u00e9licieux avec les shakes Glucerna<\/li>\n<li>\u00c9COUTEZ LES PROFESSIONNELS&nbsp;: Glucerna est la marque n\u00b0&nbsp;1 recommand\u00e9e par les m\u00e9decins pour les personnes atteintes de diab\u00e8te<\/li>\n<\/ul>","protected":false},"excerpt":{"rendered":"<p>Les <b>shakes<\/b> <b>Glucerna<\/b> sont des substituts de repas ou de collations con\u00e7us pour les personnes atteintes de <b>diab\u00e8te<\/b> qui incluent CARBSTEADY, des m\u00e9langes uniques  <b>de<\/b> glucides \u00e0 lib\u00e9ration lente pour aider \u00e0 g\u00e9rer la glyc\u00e9mie*, ainsi que 26 vitamines et min\u00e9raux essentiels   <b>pour<\/b> une nutrition compl\u00e8te  et \u00e9quilibr\u00e9e.<\/p>","protected":false},"featured_media":158,"comment_status":"open","ping_status":"closed","template":"","meta":{"_joinchat":[]},"product_brand":[],"product_cat":[23],"product_tag":[],"class_list":{"0":"post-177","1":"product","2":"type-product","3":"status-publish","4":"has-post-thumbnail","6":"product_cat-food","8":"first","9":"outofstock","10":"sale","11":"shipping-taxable","12":"purchasable","13":"product-type-simple"},"jetpack_sharing_enabled":true,"_links":{"self":[{"href":"https:\/\/olympiaboutique.com\/en\/wp-json\/wp\/v2\/product\/177","targetHints":{"allow":["GET"]}}],"collection":[{"href":"https:\/\/olympiaboutique.com\/en\/wp-json\/wp\/v2\/product"}],"about":[{"href":"https:\/\/olympiaboutique.com\/en\/wp-json\/wp\/v2\/types\/product"}],"replies":[{"embeddable":true,"href":"https:\/\/olympiaboutique.com\/en\/wp-json\/wp\/v2\/comments?post=177"}],"wp:featuredmedia":[{"embeddable":true,"href":"https:\/\/olympiaboutique.com\/en\/wp-json\/wp\/v2\/media\/158"}],"wp:attachment":[{"href":"https:\/\/olympiaboutique.com\/en\/wp-json\/wp\/v2\/media?parent=177"}],"wp:term":[{"taxonomy":"product_brand","embeddable":true,"href":"https:\/\/olympiaboutique.com\/en\/wp-json\/wp\/v2\/product_brand?post=177"},{"taxonomy":"product_cat","embeddable":true,"href":"https:\/\/olympiaboutique.com\/en\/wp-json\/wp\/v2\/product_cat?post=177"},{"taxonomy":"product_tag","embeddable":true,"href":"https:\/\/olympiaboutique.com\/en\/wp-json\/wp\/v2\/product_tag?post=177"}],"curies":[{"name":"wp","href":"https:\/\/api.w.org\/{rel}","templated":true}]}}