{"id":1763,"date":"2023-12-07T13:21:15","date_gmt":"2023-12-07T13:21:15","guid":{"rendered":"https:\/\/olympiaboutique.com\/?post_type=product&#038;p=1763"},"modified":"2025-12-01T04:17:27","modified_gmt":"2025-12-01T04:17:27","slug":"elastalift-hyaluronic-acid-cream-444ml","status":"publish","type":"product","link":"https:\/\/olympiaboutique.com\/en\/product\/elastalift-hyaluronic-acid-cream-444ml\/","title":{"rendered":"ELASTALIFT Hyaluronic Acid Cream, 444ml"},"content":{"rendered":"<p>AM\u00c9LIORER AVEC LES MEILLEURES ESSENCES DE LA NATURE<\/p>\n<p>Nourrissez votre peau avec la cr\u00e8me raffermissante pleine d\u2019ingr\u00e9dients doux pour la peau.<\/p>\n<p>Huile de bourrache : Riche en acides gras, cette huile naturelle aide \u00e0 restaurer l\u2019hydratation et la douceur de la peau s\u00e8che. Poss\u00e8de des propri\u00e9t\u00e9s anti-inflammatoires et antioxydantes naturelles.<\/p>\n<p>Aloe Vera : La peau devient douce au toucher gr\u00e2ce \u00e0 l\u2019aloe vera. Id\u00e9al pour les peaux br\u00fbl\u00e9es ou endommag\u00e9es par le soleil.<\/p>\n<p>Beurre de karit\u00e9 : \u00e9claircit les taches brunes, l\u2019hyperpigmentation et les taches de vieillesse et favorise un teint plus uniforme.<\/p>\n<p>Huile de noix de coco : Apporte une hydratation imm\u00e9diate \u00e0 la peau.<\/p>\n<p><span class=\"a-list-item\">R\u00c9G\u00c9N\u00c9RATION DES CELLULES DE LA PEAU &#8211; L\u2019acide hyaluronique favorise la r\u00e9g\u00e9n\u00e9ration des cellules de la peau en offrant une hydratation suppl\u00e9mentaire et une protection de la barri\u00e8re cutan\u00e9e \u00e0 la peau, ce qui conduit \u00e0 des cellules plus saines et \u00e0 un teint plus \u00e9clatant. L\u2019acide hyaluronique aide \u00e0 rendre votre peau vraiment plus douce et repulp\u00e9e, vous donnant un teint plus radieux et plus jeune. L\u2019acide hyaluronique agit comme un hydratant hydratant tr\u00e8s efficace pour r\u00e9duire l\u2019apparence du teint irr\u00e9gulier, du rel\u00e2chement cutan\u00e9, des rides, des pattes d\u2019oie, des vergetures, des cicatrices, de la peau s\u00e8che, etc.<\/span><\/p>","protected":false},"excerpt":{"rendered":"<p>L\u2019acide hyaluronique peut aider \u00e0 r\u00e9duire l\u2019apparence des ridules, du rel\u00e2chement cutan\u00e9 et des rides en repulpant + en hydratant la peau en profondeur, tout en restaurant son \u00e9lasticit\u00e9. Cette cr\u00e8me pour le corps \u00e0 l\u2019acide hyaluronique Elastalift aide \u00e0 hydrater et \u00e0 nourrir la peau, la rendant plus lisse pour une peau plus jeune et d\u2019apparence plus saine. Cette lotion pour le corps \u00e0 l\u2019acide hyaluronique l\u00e9g\u00e8rement parfum\u00e9e est tr\u00e8s efficace contre la r\u00e9duction de l\u2019apparence du vieillissement pr\u00e9matur\u00e9, des rides, de la peau s\u00e8che, de la peau cr\u00e9pue, etc.<\/p>","protected":false},"featured_media":1764,"comment_status":"open","ping_status":"closed","template":"","meta":{"_joinchat":[]},"product_brand":[],"product_cat":[22],"product_tag":[272],"class_list":{"0":"post-1763","1":"product","2":"type-product","3":"status-publish","4":"has-post-thumbnail","6":"product_cat-skincare","7":"product_tag-elastalift-hyaluronic","9":"first","10":"outofstock","11":"shipping-taxable","12":"purchasable","13":"product-type-simple"},"jetpack_sharing_enabled":true,"_links":{"self":[{"href":"https:\/\/olympiaboutique.com\/en\/wp-json\/wp\/v2\/product\/1763","targetHints":{"allow":["GET"]}}],"collection":[{"href":"https:\/\/olympiaboutique.com\/en\/wp-json\/wp\/v2\/product"}],"about":[{"href":"https:\/\/olympiaboutique.com\/en\/wp-json\/wp\/v2\/types\/product"}],"replies":[{"embeddable":true,"href":"https:\/\/olympiaboutique.com\/en\/wp-json\/wp\/v2\/comments?post=1763"}],"wp:featuredmedia":[{"embeddable":true,"href":"https:\/\/olympiaboutique.com\/en\/wp-json\/wp\/v2\/media\/1764"}],"wp:attachment":[{"href":"https:\/\/olympiaboutique.com\/en\/wp-json\/wp\/v2\/media?parent=1763"}],"wp:term":[{"taxonomy":"product_brand","embeddable":true,"href":"https:\/\/olympiaboutique.com\/en\/wp-json\/wp\/v2\/product_brand?post=1763"},{"taxonomy":"product_cat","embeddable":true,"href":"https:\/\/olympiaboutique.com\/en\/wp-json\/wp\/v2\/product_cat?post=1763"},{"taxonomy":"product_tag","embeddable":true,"href":"https:\/\/olympiaboutique.com\/en\/wp-json\/wp\/v2\/product_tag?post=1763"}],"curies":[{"name":"wp","href":"https:\/\/api.w.org\/{rel}","templated":true}]}}