{"id":176,"date":"2023-07-24T21:17:45","date_gmt":"2023-07-24T21:17:45","guid":{"rendered":"https:\/\/olympiaboutique.com\/?post_type=product&#038;p=176"},"modified":"2026-02-24T20:43:29","modified_gmt":"2026-02-24T20:43:29","slug":"176","status":"publish","type":"product","link":"https:\/\/olympiaboutique.com\/en\/product\/176\/","title":{"rendered":"Ensure, Shake proteine &#8211; Pack de 24, 237 ml, Vanille et Chocolat"},"content":{"rendered":"<p>Chaque bouteille fournit une nutrition compl\u00e8te et \u00e9quilibr\u00e9e\u2035\u20359 grammes de prot\u00e9ines dans chaque shake\u2035\u203526 vitamines et min\u00e9raux essentiels, y compris des antioxydants dans chacun secouez \u2035\u2035 220 calories nutritives dans chaque shake \u2035\u2035 25 % de la valeur quotidienne des vitamines B pour soutenir la sant\u00e9 dans chaque shake.<\/p>","protected":false},"excerpt":{"rendered":"<p><strong>Bienfaits\u00a0:<\/strong><\/p>\n<p>Pour la sant\u00e9 immunitaire, osseuse et musculaire<br \/>\n\u2013 Prend en charge la production de collag\u00e8ne<br \/>\n\u2013 9 grammes de prot\u00e9ines de haute qualit\u00e9<br \/>\n\u2013 27 Vitamines &amp; Min\u00e9raux<br \/>\n\u2013 220 calories<br \/>\n\u2013 Saveur : Vanille<\/p>","protected":false},"featured_media":1906,"comment_status":"open","ping_status":"closed","template":"","meta":{"_joinchat":[]},"product_brand":[],"product_cat":[23],"product_tag":[],"class_list":{"0":"post-176","1":"product","2":"type-product","3":"status-publish","4":"has-post-thumbnail","6":"product_cat-food","8":"first","9":"outofstock","10":"shipping-taxable","11":"purchasable","12":"product-type-simple"},"jetpack_sharing_enabled":true,"_links":{"self":[{"href":"https:\/\/olympiaboutique.com\/en\/wp-json\/wp\/v2\/product\/176","targetHints":{"allow":["GET"]}}],"collection":[{"href":"https:\/\/olympiaboutique.com\/en\/wp-json\/wp\/v2\/product"}],"about":[{"href":"https:\/\/olympiaboutique.com\/en\/wp-json\/wp\/v2\/types\/product"}],"replies":[{"embeddable":true,"href":"https:\/\/olympiaboutique.com\/en\/wp-json\/wp\/v2\/comments?post=176"}],"wp:featuredmedia":[{"embeddable":true,"href":"https:\/\/olympiaboutique.com\/en\/wp-json\/wp\/v2\/media\/1906"}],"wp:attachment":[{"href":"https:\/\/olympiaboutique.com\/en\/wp-json\/wp\/v2\/media?parent=176"}],"wp:term":[{"taxonomy":"product_brand","embeddable":true,"href":"https:\/\/olympiaboutique.com\/en\/wp-json\/wp\/v2\/product_brand?post=176"},{"taxonomy":"product_cat","embeddable":true,"href":"https:\/\/olympiaboutique.com\/en\/wp-json\/wp\/v2\/product_cat?post=176"},{"taxonomy":"product_tag","embeddable":true,"href":"https:\/\/olympiaboutique.com\/en\/wp-json\/wp\/v2\/product_tag?post=176"}],"curies":[{"name":"wp","href":"https:\/\/api.w.org\/{rel}","templated":true}]}}