{"id":1759,"date":"2023-12-07T12:36:31","date_gmt":"2023-12-07T12:36:31","guid":{"rendered":"https:\/\/olympiaboutique.com\/?post_type=product&#038;p=1759"},"modified":"2025-12-01T04:17:27","modified_gmt":"2025-12-01T04:17:27","slug":"members-mark-900-mg-omega-3-triple-concentration-provenant-de-lhuile-de-poisson-150-ct","status":"publish","type":"product","link":"https:\/\/olympiaboutique.com\/en\/product\/members-mark-900-mg-omega-3-triple-concentration-provenant-de-lhuile-de-poisson-150-ct\/","title":{"rendered":"Member&#8217;s mark 900 mg. Om\u00e9ga-3 triple concentration provenant de l\u2019huile de poisson (150 ct.)"},"content":{"rendered":"<p>Cette huile de poisson unique provient de goberge jaune p\u00each\u00e9e \u00e0 l\u2019\u00e9tat sauvage dans les eaux de l\u2019Alaska. Une fois p\u00each\u00e9, notre poisson est imm\u00e9diatement plac\u00e9 dans des r\u00e9servoirs d\u2019eau de mer r\u00e9frig\u00e9r\u00e9s. L\u2019huile est extraite dans les 24 heures pour assurer une fra\u00eecheur maximale, puis press\u00e9e et purifi\u00e9e par une entreprise familiale am\u00e9ricaine \u00e0 l\u2019aide d\u2019une technologie de traitement avanc\u00e9e.<\/p>\n<p><strong>Conseil d&#8217;utilisation<\/strong><\/p>\n<p><b>Les adultes prennent une g\u00e9lule d&#8217;huile de poisson Omega3 par jour avec de l&#8217;eau et un repas<\/b>. Ce suppl\u00e9ment purifi\u00e9 d&#8217;huile de poisson (3) ne contient aucun colorant ni ar\u00f4me artificiel et est exempt de gluten et de produits laitiers.<\/p>","protected":false},"excerpt":{"rendered":"<ul>\n<li><strong>Bienfaits<\/strong><\/li>\n<li>Favorise la sant\u00e9 cardiaque<\/li>\n<li>Contient 900 mg. Om\u00e9ga-3 par g\u00e9lule<\/li>\n<li>Certifi\u00e9 durable par l\u2019USP et certifi\u00e9 MSC<\/li>\n<li>G\u00e9lule \u00e0 base de g\u00e9latine de poisson id\u00e9ale pour les pesco-v\u00e9g\u00e9tariens et d\u2019huiles essentielles de menthe<\/li>\n<li class=\"a-spacing-mini\"><span class=\"a-list-item\">Fabriqu\u00e9 avec de l\u2019huile de poisson concentr\u00e9e comme esters \u00e9thyliques<\/span><\/li>\n<\/ul>","protected":false},"featured_media":1761,"comment_status":"open","ping_status":"closed","template":"","meta":{"_joinchat":[]},"product_brand":[],"product_cat":[17],"product_tag":[270,271],"class_list":{"0":"post-1759","1":"product","2":"type-product","3":"status-publish","4":"has-post-thumbnail","6":"product_cat-vitamines","7":"product_tag-members-mark-omega3","8":"product_tag-omega-3-from-fish-triple-teneur","10":"first","11":"outofstock","12":"shipping-taxable","13":"purchasable","14":"product-type-simple"},"jetpack_sharing_enabled":true,"_links":{"self":[{"href":"https:\/\/olympiaboutique.com\/en\/wp-json\/wp\/v2\/product\/1759","targetHints":{"allow":["GET"]}}],"collection":[{"href":"https:\/\/olympiaboutique.com\/en\/wp-json\/wp\/v2\/product"}],"about":[{"href":"https:\/\/olympiaboutique.com\/en\/wp-json\/wp\/v2\/types\/product"}],"replies":[{"embeddable":true,"href":"https:\/\/olympiaboutique.com\/en\/wp-json\/wp\/v2\/comments?post=1759"}],"wp:featuredmedia":[{"embeddable":true,"href":"https:\/\/olympiaboutique.com\/en\/wp-json\/wp\/v2\/media\/1761"}],"wp:attachment":[{"href":"https:\/\/olympiaboutique.com\/en\/wp-json\/wp\/v2\/media?parent=1759"}],"wp:term":[{"taxonomy":"product_brand","embeddable":true,"href":"https:\/\/olympiaboutique.com\/en\/wp-json\/wp\/v2\/product_brand?post=1759"},{"taxonomy":"product_cat","embeddable":true,"href":"https:\/\/olympiaboutique.com\/en\/wp-json\/wp\/v2\/product_cat?post=1759"},{"taxonomy":"product_tag","embeddable":true,"href":"https:\/\/olympiaboutique.com\/en\/wp-json\/wp\/v2\/product_tag?post=1759"}],"curies":[{"name":"wp","href":"https:\/\/api.w.org\/{rel}","templated":true}]}}