{"id":1713,"date":"2023-11-25T12:08:11","date_gmt":"2023-11-25T12:08:11","guid":{"rendered":"https:\/\/olympiaboutique.com\/?post_type=product&#038;p=1713"},"modified":"2025-12-01T04:17:27","modified_gmt":"2025-12-01T04:17:27","slug":"cellu-defense-lotion-pour-le-corps-raffermissante-et-eclaircissante-au-collagene-avec-vitamine-960-ml","status":"publish","type":"product","link":"https:\/\/olympiaboutique.com\/en\/product\/cellu-defense-lotion-pour-le-corps-raffermissante-et-eclaircissante-au-collagene-avec-vitamine-960-ml\/","title":{"rendered":"Cellu Defense ~ Lotion pour le corps raffermissante et \u00e9claircissante au collag\u00e8ne avec vitamine, 960 ml"},"content":{"rendered":"<p><span>RAFFERMISSANTE \u2013 L\u2019utilisation r\u00e9guli\u00e8re d\u2019une cr\u00e8me hydratante pour le visage et pour le corps au collag\u00e8ne dans votre routine quotidienne de soins de la peau peut aider \u00e0 am\u00e9liorer la texture et le teint de la peau, \u00e0 repulper la peau affaiss\u00e9e et \u00e0 pr\u00e9venir les signes de vieillissement pr\u00e9matur\u00e9. <\/span><span>Cette lotion au collag\u00e8ne sans parfum pour le visage et le corps contient un m\u00e9lange d&#8217;ingr\u00e9dients hydratants comme des extraits de th\u00e9 vert, de la camomille, et plus encore, qui agissent ensemble pour hydrater et apaiser votre peau pour la rendre plus lisse, plus ferme et plus tendue<\/span><\/p>","protected":false},"excerpt":{"rendered":"<p style=\"text-align: left;\"><span class=\"a-list-item\"><span>Le collag\u00e8ne est une prot\u00e9ine pr\u00e9sente naturellement dans notre peau, nos os et nos tissus conjonctifs, et elle joue un r\u00f4le essentiel dans le maintien de l&#8217;\u00e9lasticit\u00e9 et de la fermet\u00e9 de notre peau. \u00c0 mesure que nous vieillissons, la production naturelle de collag\u00e8ne de notre corps diminue, ce qui peut entra\u00eener l&#8217;apparition de ridules, de rides et d&#8217;un rel\u00e2chement cutan\u00e9. La cr\u00e8me pour le corps Firm&amp;brighten Collagen aide \u00e0 renforcer l&#8217;\u00e9lasticit\u00e9 de la peau, \u00e0 restaurer le collag\u00e8ne dans votre peau et \u00e0 hydrater et nourrir votre peau, la laissant plus douce, souple et radieuse.<\/span><\/span><\/p>","protected":false},"featured_media":1714,"comment_status":"open","ping_status":"closed","template":"","meta":{"_joinchat":[]},"product_brand":[],"product_cat":[22],"product_tag":[268],"class_list":{"0":"post-1713","1":"product","2":"type-product","3":"status-publish","4":"has-post-thumbnail","6":"product_cat-skincare","7":"product_tag-firm-brighten-collagen","9":"first","10":"outofstock","11":"shipping-taxable","12":"purchasable","13":"product-type-simple"},"jetpack_sharing_enabled":true,"_links":{"self":[{"href":"https:\/\/olympiaboutique.com\/en\/wp-json\/wp\/v2\/product\/1713","targetHints":{"allow":["GET"]}}],"collection":[{"href":"https:\/\/olympiaboutique.com\/en\/wp-json\/wp\/v2\/product"}],"about":[{"href":"https:\/\/olympiaboutique.com\/en\/wp-json\/wp\/v2\/types\/product"}],"replies":[{"embeddable":true,"href":"https:\/\/olympiaboutique.com\/en\/wp-json\/wp\/v2\/comments?post=1713"}],"wp:featuredmedia":[{"embeddable":true,"href":"https:\/\/olympiaboutique.com\/en\/wp-json\/wp\/v2\/media\/1714"}],"wp:attachment":[{"href":"https:\/\/olympiaboutique.com\/en\/wp-json\/wp\/v2\/media?parent=1713"}],"wp:term":[{"taxonomy":"product_brand","embeddable":true,"href":"https:\/\/olympiaboutique.com\/en\/wp-json\/wp\/v2\/product_brand?post=1713"},{"taxonomy":"product_cat","embeddable":true,"href":"https:\/\/olympiaboutique.com\/en\/wp-json\/wp\/v2\/product_cat?post=1713"},{"taxonomy":"product_tag","embeddable":true,"href":"https:\/\/olympiaboutique.com\/en\/wp-json\/wp\/v2\/product_tag?post=1713"}],"curies":[{"name":"wp","href":"https:\/\/api.w.org\/{rel}","templated":true}]}}