{"id":1710,"date":"2023-11-25T11:25:04","date_gmt":"2023-11-25T11:25:04","guid":{"rendered":"https:\/\/olympiaboutique.com\/?post_type=product&#038;p=1710"},"modified":"2025-12-01T04:17:27","modified_gmt":"2025-12-01T04:17:27","slug":"skin-aid-medics-creme-pour-le-corps-raffermissante-au-collagene-intensement-hydratante-946-ml","status":"publish","type":"product","link":"https:\/\/olympiaboutique.com\/en\/product\/skin-aid-medics-creme-pour-le-corps-raffermissante-au-collagene-intensement-hydratante-946-ml\/","title":{"rendered":"Skin-Aid-Medics Cr\u00e8me pour le corps raffermissante au collag\u00e8ne intens\u00e9ment hydratante, 960 ml"},"content":{"rendered":"<p><span class=\"a-list-item\"><span>LISSE RENFORCEMENT TIGHTEN Aide \u00e0 raviver la peau terne. Ce lait corporel ultra-hydratant fournit une hydratation intense pour gu\u00e9rir et adoucir la peau s\u00e8che. La texture riche et luxueuse s&#8217;applique facilement et p\u00e9n\u00e8tre rapidement.<\/span><\/span><\/p>","protected":false},"excerpt":{"rendered":"<p><span>Notre formule ultra-riche contient l\u2019\u00e9quilibre parfait d\u2019ingr\u00e9dients laissant la peau propre, claire et rafra\u00eechie. <\/span><span>Infus\u00e9 de vitamines et de min\u00e9raux dont votre peau a soif, ce produit est rapidement absorb\u00e9 et ne laisse aucun r\u00e9sidu. <\/span><span>Incluez-le dans votre r\u00e9gime quotidien de soins de la peau pour para\u00eetre et vous sentir plus belle\u00a0! <\/span><span>LE COLLAG\u00c8NE aide \u00e0 renouveler, resserrer, repulper et hydrater pour une peau plus lisse et plus ferme.<\/span><\/p>","protected":false},"featured_media":1711,"comment_status":"open","ping_status":"closed","template":"","meta":{"_joinchat":[]},"product_brand":[],"product_cat":[22],"product_tag":[262],"class_list":{"0":"post-1710","1":"product","2":"type-product","3":"status-publish","4":"has-post-thumbnail","6":"product_cat-skincare","7":"product_tag-skin-aid-medical","9":"first","10":"outofstock","11":"shipping-taxable","12":"purchasable","13":"product-type-simple"},"jetpack_sharing_enabled":true,"_links":{"self":[{"href":"https:\/\/olympiaboutique.com\/en\/wp-json\/wp\/v2\/product\/1710","targetHints":{"allow":["GET"]}}],"collection":[{"href":"https:\/\/olympiaboutique.com\/en\/wp-json\/wp\/v2\/product"}],"about":[{"href":"https:\/\/olympiaboutique.com\/en\/wp-json\/wp\/v2\/types\/product"}],"replies":[{"embeddable":true,"href":"https:\/\/olympiaboutique.com\/en\/wp-json\/wp\/v2\/comments?post=1710"}],"wp:featuredmedia":[{"embeddable":true,"href":"https:\/\/olympiaboutique.com\/en\/wp-json\/wp\/v2\/media\/1711"}],"wp:attachment":[{"href":"https:\/\/olympiaboutique.com\/en\/wp-json\/wp\/v2\/media?parent=1710"}],"wp:term":[{"taxonomy":"product_brand","embeddable":true,"href":"https:\/\/olympiaboutique.com\/en\/wp-json\/wp\/v2\/product_brand?post=1710"},{"taxonomy":"product_cat","embeddable":true,"href":"https:\/\/olympiaboutique.com\/en\/wp-json\/wp\/v2\/product_cat?post=1710"},{"taxonomy":"product_tag","embeddable":true,"href":"https:\/\/olympiaboutique.com\/en\/wp-json\/wp\/v2\/product_tag?post=1710"}],"curies":[{"name":"wp","href":"https:\/\/api.w.org\/{rel}","templated":true}]}}