{"id":1703,"date":"2023-11-24T22:22:05","date_gmt":"2023-11-24T22:22:05","guid":{"rendered":"https:\/\/olympiaboutique.com\/?post_type=product&#038;p=1703"},"modified":"2025-12-01T04:17:27","modified_gmt":"2025-12-01T04:17:27","slug":"chefs-quality-poudre-de-chili-noir-2-72kg","status":"publish","type":"product","link":"https:\/\/olympiaboutique.com\/en\/product\/chefs-quality-poudre-de-chili-noir-2-72kg\/","title":{"rendered":"Chefs Quality &#8211; Poudre de chili noir, 2.72kg"},"content":{"rendered":"<p>La poudre de chili est couramment utilis\u00e9e dans les cuisines mexicaine, sud-am\u00e9ricaine et indienne. Que vous l\u2019utilisiez pour pimenter des hamburgers, des soupes ou des currys, cette \u00e9pice savoureuse est un incontournable dans toute cuisine commerciale.<\/p>\n<ul class=\"a-unordered-list a-vertical a-spacing-none\">\n<li><span class=\"a-list-item\">La poudre de chili noir de qualit\u00e9 Chefs commence toujours par des poivrons entiers et m\u00fbrs<\/span><\/li>\n<li><span class=\"a-list-item\">Un m\u00e9lange robuste de poivrons m\u00fbrs et d\u2019\u00e9pices<\/span><\/li>\n<li><span class=\"a-list-item\">Une saveur l\u00e9g\u00e8rement sucr\u00e9e qui est juste un peu plus piquante que notre poudre de chili ordinaire<\/span><\/li>\n<li><span class=\"a-list-item\">Ajoute une riche saveur terreuse et une couleur profonde au chili du sud-ouest et aux tacos tex-mex<\/span><\/li>\n<li><span class=\"a-list-item\">Frotter la poudre de chili noir sur le b\u0153uf,\u00a0 ou le poulet avant de le griller<\/span><\/li>\n<\/ul>","protected":false},"excerpt":{"rendered":"<p>La poudre de chili est parfaite pour les plats traditionnels \u00ab\u00a0chauds\u00a0\u00bb tels que les enchiladas, les ailes de poulet, les tamales et le chili. Vous pouvez \u00e9galement le m\u00e9langer dans du riz, des sauces \u00e0 base de tomates, du pain de ma\u00efs et bien plus encore.<\/p>","protected":false},"featured_media":1907,"comment_status":"open","ping_status":"closed","template":"","meta":{"_joinchat":[]},"product_brand":[],"product_cat":[20],"product_tag":[267],"class_list":{"0":"post-1703","1":"product","2":"type-product","3":"status-publish","4":"has-post-thumbnail","6":"product_cat-epice","7":"product_tag-chef-s-quality","9":"first","10":"outofstock","11":"shipping-taxable","12":"purchasable","13":"product-type-simple"},"jetpack_sharing_enabled":true,"_links":{"self":[{"href":"https:\/\/olympiaboutique.com\/en\/wp-json\/wp\/v2\/product\/1703","targetHints":{"allow":["GET"]}}],"collection":[{"href":"https:\/\/olympiaboutique.com\/en\/wp-json\/wp\/v2\/product"}],"about":[{"href":"https:\/\/olympiaboutique.com\/en\/wp-json\/wp\/v2\/types\/product"}],"replies":[{"embeddable":true,"href":"https:\/\/olympiaboutique.com\/en\/wp-json\/wp\/v2\/comments?post=1703"}],"wp:featuredmedia":[{"embeddable":true,"href":"https:\/\/olympiaboutique.com\/en\/wp-json\/wp\/v2\/media\/1907"}],"wp:attachment":[{"href":"https:\/\/olympiaboutique.com\/en\/wp-json\/wp\/v2\/media?parent=1703"}],"wp:term":[{"taxonomy":"product_brand","embeddable":true,"href":"https:\/\/olympiaboutique.com\/en\/wp-json\/wp\/v2\/product_brand?post=1703"},{"taxonomy":"product_cat","embeddable":true,"href":"https:\/\/olympiaboutique.com\/en\/wp-json\/wp\/v2\/product_cat?post=1703"},{"taxonomy":"product_tag","embeddable":true,"href":"https:\/\/olympiaboutique.com\/en\/wp-json\/wp\/v2\/product_tag?post=1703"}],"curies":[{"name":"wp","href":"https:\/\/api.w.org\/{rel}","templated":true}]}}