{"id":1692,"date":"2023-11-24T20:07:52","date_gmt":"2023-11-24T20:07:52","guid":{"rendered":"https:\/\/olympiaboutique.com\/?post_type=product&#038;p=1692"},"modified":"2025-12-01T04:17:28","modified_gmt":"2025-12-01T04:17:28","slug":"racine-de-maca-2000mg-fenugrec-3000mg-ashwagandha-5000mg-60-capsules","status":"publish","type":"product","link":"https:\/\/olympiaboutique.com\/en\/product\/racine-de-maca-2000mg-fenugrec-3000mg-ashwagandha-5000mg-60-capsules\/","title":{"rendered":"Racine de Maca 2000mg Fenugrec 3000mg Ashwagandha 5000mg, 60 capsules"},"content":{"rendered":"<p>Chaque bouteille de notre complexe premium \u00e0 base d\u2019ashwagandha pour hommes et femmes contient 60 capsules, soit un approvisionnement d\u2019un mois, ce qui signifie qu\u2019il est plus pratique que jamais de rester en bonne sant\u00e9 et de maintenir votre corps \u00e0 un niveau \u00e9lev\u00e9 ! Ne laissez pas votre sant\u00e9 au hasard, passez \u00e0 l\u2019action et prenez votre bouteille d\u00e8s aujourd\u2019hui. Suppl\u00e9ment d\u2019adaptog\u00e8nes \u00e0 base de plantes \u00e0 absorption rapide pour hommes et femmes &#8211; Notre complexe complet et naturel contient \u00e9galement de l\u2019extrait de poivre noir pour une absorption rapide, ce qui signifie que les 18 ingr\u00e9dients nutritionnels agiront rapidement. Profitez de tous les avantages des meilleurs suppl\u00e9ments d\u2019ashwagandha sans les inconv\u00e9nients de boire des liquides, de prendre des bonbons g\u00e9lifi\u00e9s sucr\u00e9s ou des comprim\u00e9s crayeux.<\/p>","protected":false},"excerpt":{"rendered":"<p>Am\u00e9liorez votre sant\u00e9 et votre bien-\u00eatre avec chaque dose de deux capsules facile \u00e0 prendre. En plus de notre m\u00e9lange de trois poudres de maca, de racine d\u2019ashwagandha et de graines de fenugrec, chaque portion contient \u00e9galement des ingr\u00e9dients puissants tels que le tribulus, l\u2019herbe de ch\u00e8vre corn\u00e9e, l\u2019extrait de tongkat ali, le panax ginseng cor\u00e9en, le ginkgo biloba, le long jack, la l-arginine, la l-citrulline, le muira puama, le gattilier, l\u2019act\u00e9e \u00e0 grappes noires, le dong quai et le curcuma dans une capsule facile \u00e0 avaler<\/p>","protected":false},"featured_media":1694,"comment_status":"open","ping_status":"closed","template":"","meta":{"_joinchat":[]},"product_brand":[],"product_cat":[17],"product_tag":[263],"class_list":{"0":"post-1692","1":"product","2":"type-product","3":"status-publish","4":"has-post-thumbnail","6":"product_cat-vitamines","7":"product_tag-stamiron","9":"first","10":"outofstock","11":"shipping-taxable","12":"purchasable","13":"product-type-simple"},"jetpack_sharing_enabled":true,"_links":{"self":[{"href":"https:\/\/olympiaboutique.com\/en\/wp-json\/wp\/v2\/product\/1692","targetHints":{"allow":["GET"]}}],"collection":[{"href":"https:\/\/olympiaboutique.com\/en\/wp-json\/wp\/v2\/product"}],"about":[{"href":"https:\/\/olympiaboutique.com\/en\/wp-json\/wp\/v2\/types\/product"}],"replies":[{"embeddable":true,"href":"https:\/\/olympiaboutique.com\/en\/wp-json\/wp\/v2\/comments?post=1692"}],"wp:featuredmedia":[{"embeddable":true,"href":"https:\/\/olympiaboutique.com\/en\/wp-json\/wp\/v2\/media\/1694"}],"wp:attachment":[{"href":"https:\/\/olympiaboutique.com\/en\/wp-json\/wp\/v2\/media?parent=1692"}],"wp:term":[{"taxonomy":"product_brand","embeddable":true,"href":"https:\/\/olympiaboutique.com\/en\/wp-json\/wp\/v2\/product_brand?post=1692"},{"taxonomy":"product_cat","embeddable":true,"href":"https:\/\/olympiaboutique.com\/en\/wp-json\/wp\/v2\/product_cat?post=1692"},{"taxonomy":"product_tag","embeddable":true,"href":"https:\/\/olympiaboutique.com\/en\/wp-json\/wp\/v2\/product_tag?post=1692"}],"curies":[{"name":"wp","href":"https:\/\/api.w.org\/{rel}","templated":true}]}}