{"id":1680,"date":"2023-11-24T19:14:42","date_gmt":"2023-11-24T19:14:42","guid":{"rendered":"https:\/\/olympiaboutique.com\/?post_type=product&#038;p=1680"},"modified":"2025-12-01T04:17:28","modified_gmt":"2025-12-01T04:17:28","slug":"difeel-premium-huile-capillaire-naturelle-de-ricin-noir-jamaicain-210-ml","status":"publish","type":"product","link":"https:\/\/olympiaboutique.com\/en\/product\/difeel-premium-huile-capillaire-naturelle-de-ricin-noir-jamaicain-210-ml\/","title":{"rendered":"Difeel Premium Huile Capillaire Naturelle De Ricin Noir Jama\u00efcain, 210 ml"},"content":{"rendered":"<ul class=\"a-unordered-list a-vertical a-spacing-mini\">\n<li class=\"a-spacing-mini\"><span class=\"a-list-item\">HUILE DE RICIN NOIR JAMA\u00cfCAIN POUR LA CROISSANCE DES CHEVEUX : L\u2019huile naturelle de ricin noir jama\u00efcain de premi\u00e8re qualit\u00e9 Difeel aide \u00e0 am\u00e9liorer la croissance saine des cheveux.<\/span><\/li>\n<li class=\"a-spacing-mini\"><span class=\"a-list-item\">HUILE DE RICIN POUR LES CHEVEUX JAMA\u00cfCAINS : L\u2019huile de ricin noire jama\u00efcaine naturelle Difeel Premium est un revitalisant sans rin\u00e7age parfait pour des cheveux naturels et sains.<\/span><\/li>\n<li class=\"a-spacing-mini\"><span class=\"a-list-item\">CROISSANCE DES CHEVEUX \u00c0 L\u2019HUILE DE RICIN NOIR : Aide \u00e0 hydrater et \u00e0 r\u00e9parer les cheveux ab\u00eem\u00e9s, et laisse les cheveux plus doux, plus lisses et plus lumineux.<\/span><\/li>\n<li class=\"a-spacing-mini\"><span class=\"a-list-item\">HUILE DE RICIN JAMA\u00cfCAINE POUR LA CROISSANCE DES CHEVEUX : L\u2019huile naturelle de ricin noir jama\u00efcain de premi\u00e8re qualit\u00e9 de Difeel aide \u00e0 hydrater, \u00e9paissir et renforcer les cheveux, favorisant une croissance saine des cheveux.<\/span><\/li>\n<li class=\"a-spacing-mini\"><span class=\"a-list-item\">CHEVEUX \u00c0 L\u2019HUILE DE RICIN NOIR : Aide \u00e0 augmenter le flux sanguin vers le cuir chevelu et \u00e0 r\u00e9duire la casse des cheveux et le cuir chevelu sec et qui d\u00e9mange. Pratique et facile \u00e0 distribuer\u00a0<\/span><\/li>\n<\/ul>","protected":false},"excerpt":{"rendered":"<p class=\"a-spacing-base\">Les soins capillaires \u00e0 l\u2019huile de ricin noir jama\u00efcain Difeel agissent pour augmenter la croissance et l\u2019\u00e9paisseur naturelles et saines des cheveux.<\/p>\n<p class=\"a-spacing-base\">Parfait pour ceux qui colorent, lissent, permanentent ou coiffent r\u00e9guli\u00e8rement leurs cheveux, ainsi que les styles naturels cr\u00e9pus, boucl\u00e9s ou ondul\u00e9s.<\/p>","protected":false},"featured_media":1681,"comment_status":"open","ping_status":"closed","template":"","meta":{"_joinchat":[]},"product_brand":[],"product_cat":[109],"product_tag":[261],"class_list":{"0":"post-1680","1":"product","2":"type-product","3":"status-publish","4":"has-post-thumbnail","6":"product_cat-cheveux","7":"product_tag-diffel","9":"first","10":"outofstock","11":"shipping-taxable","12":"purchasable","13":"product-type-simple"},"jetpack_sharing_enabled":true,"_links":{"self":[{"href":"https:\/\/olympiaboutique.com\/en\/wp-json\/wp\/v2\/product\/1680","targetHints":{"allow":["GET"]}}],"collection":[{"href":"https:\/\/olympiaboutique.com\/en\/wp-json\/wp\/v2\/product"}],"about":[{"href":"https:\/\/olympiaboutique.com\/en\/wp-json\/wp\/v2\/types\/product"}],"replies":[{"embeddable":true,"href":"https:\/\/olympiaboutique.com\/en\/wp-json\/wp\/v2\/comments?post=1680"}],"wp:featuredmedia":[{"embeddable":true,"href":"https:\/\/olympiaboutique.com\/en\/wp-json\/wp\/v2\/media\/1681"}],"wp:attachment":[{"href":"https:\/\/olympiaboutique.com\/en\/wp-json\/wp\/v2\/media?parent=1680"}],"wp:term":[{"taxonomy":"product_brand","embeddable":true,"href":"https:\/\/olympiaboutique.com\/en\/wp-json\/wp\/v2\/product_brand?post=1680"},{"taxonomy":"product_cat","embeddable":true,"href":"https:\/\/olympiaboutique.com\/en\/wp-json\/wp\/v2\/product_cat?post=1680"},{"taxonomy":"product_tag","embeddable":true,"href":"https:\/\/olympiaboutique.com\/en\/wp-json\/wp\/v2\/product_tag?post=1680"}],"curies":[{"name":"wp","href":"https:\/\/api.w.org\/{rel}","templated":true}]}}