{"id":1673,"date":"2023-11-24T18:33:41","date_gmt":"2023-11-24T18:33:41","guid":{"rendered":"https:\/\/olympiaboutique.com\/?post_type=product&#038;p=1673"},"modified":"2025-12-01T04:17:28","modified_gmt":"2025-12-01T04:17:28","slug":"hair-chemist-huile-de-ricin-naturelle-210-ml","status":"publish","type":"product","link":"https:\/\/olympiaboutique.com\/en\/product\/hair-chemist-huile-de-ricin-naturelle-210-ml\/","title":{"rendered":"Hair Chemist Huile de ricin naturelle, 210 ml"},"content":{"rendered":"<ul class=\"a-unordered-list a-vertical a-spacing-mini\">\n<li class=\"a-spacing-mini\"><span class=\"a-list-item\">SOINS CAPILLAIRES NOURRISSANTS : L\u2019huile capillaire de qualit\u00e9 sup\u00e9rieure Hair Chemist Castor est une formule pro-croissance riche en vitamines pour des cheveux plus longs, plus forts et plus \u00e9pais.<\/span><\/li>\n<li class=\"a-spacing-mini\"><span class=\"a-list-item\">STIMULATEUR DE RENFORCEMENT ET DE CROISSANCE : Aide \u00e0 am\u00e9liorer le cuir chevelu et \u00e0 stimuler la croissance naturelle des cheveux plus longtemps et plus forts.<\/span><\/li>\n<li class=\"a-spacing-mini\"><span class=\"a-list-item\">FORMULE RICHE EN RICIN : Infus\u00e9e d\u2019huile de ricin nourrissante pour aider \u00e0 favoriser une croissance, une force et une brillance saines des cheveux. Aide \u00e0 \u00e9paissir les cheveux et \u00e0 restaurer les cheveux clairsem\u00e9s.<\/span><\/li>\n<li class=\"a-spacing-mini\"><span class=\"a-list-item\">FORTIFIANT : Aide \u00e0 prot\u00e9ger contre la casse en renfor\u00e7ant les cheveux de la racine aux pointes.<\/span><\/li>\n<li class=\"a-spacing-mini\"><span class=\"a-list-item\">Sans paraben, sans sulfate, sans phtalate, sans formald\u00e9hyde, sans huile min\u00e9rale et sans colorant. Fabriqu\u00e9 aux \u00c9tats-Unis<\/span><\/li>\n<\/ul>","protected":false},"excerpt":{"rendered":"<p><span class=\"a-text-bold\">SOIN CAPILLAIRE NOURRISSANT<\/span><\/p>\n<ul class=\"a-unordered-list a-vertical\">\n<li><span class=\"a-list-item\">L\u2019huile capillaire de qualit\u00e9 sup\u00e9rieure Hair Chemist Castor est une formule pro-croissance riche en vitamines pour des cheveux plus longs, plus forts et plus \u00e9pais.<\/span><\/li>\n<\/ul>\n<p><span class=\"a-text-bold\">SIMULATEUR DE RENFORCEMENT ET DE CROISSANCE<\/span><\/p>\n<ul class=\"a-unordered-list a-vertical\">\n<li><span class=\"a-list-item\">Aide \u00e0 nourrir le cuir chevelu et \u00e0 stimuler la croissance naturelle des cheveux plus longtemps et plus forts.<\/span><\/li>\n<\/ul>","protected":false},"featured_media":1674,"comment_status":"open","ping_status":"closed","template":"","meta":{"_joinchat":[]},"product_brand":[],"product_cat":[109],"product_tag":[259],"class_list":{"0":"post-1673","1":"product","2":"type-product","3":"status-publish","4":"has-post-thumbnail","6":"product_cat-cheveux","7":"product_tag-castor-hair-oil","9":"first","10":"outofstock","11":"shipping-taxable","12":"purchasable","13":"product-type-simple"},"jetpack_sharing_enabled":true,"_links":{"self":[{"href":"https:\/\/olympiaboutique.com\/en\/wp-json\/wp\/v2\/product\/1673","targetHints":{"allow":["GET"]}}],"collection":[{"href":"https:\/\/olympiaboutique.com\/en\/wp-json\/wp\/v2\/product"}],"about":[{"href":"https:\/\/olympiaboutique.com\/en\/wp-json\/wp\/v2\/types\/product"}],"replies":[{"embeddable":true,"href":"https:\/\/olympiaboutique.com\/en\/wp-json\/wp\/v2\/comments?post=1673"}],"wp:featuredmedia":[{"embeddable":true,"href":"https:\/\/olympiaboutique.com\/en\/wp-json\/wp\/v2\/media\/1674"}],"wp:attachment":[{"href":"https:\/\/olympiaboutique.com\/en\/wp-json\/wp\/v2\/media?parent=1673"}],"wp:term":[{"taxonomy":"product_brand","embeddable":true,"href":"https:\/\/olympiaboutique.com\/en\/wp-json\/wp\/v2\/product_brand?post=1673"},{"taxonomy":"product_cat","embeddable":true,"href":"https:\/\/olympiaboutique.com\/en\/wp-json\/wp\/v2\/product_cat?post=1673"},{"taxonomy":"product_tag","embeddable":true,"href":"https:\/\/olympiaboutique.com\/en\/wp-json\/wp\/v2\/product_tag?post=1673"}],"curies":[{"name":"wp","href":"https:\/\/api.w.org\/{rel}","templated":true}]}}