{"id":1667,"date":"2023-11-23T21:57:01","date_gmt":"2023-11-23T21:57:01","guid":{"rendered":"https:\/\/olympiaboutique.com\/?post_type=product&#038;p=1667"},"modified":"2025-12-01T04:17:28","modified_gmt":"2025-12-01T04:17:28","slug":"jumbo-spascriptions-lotion-corporelle-tonifiante-au-retinol-raffermissant-beurre-de-karite-vitamines-ace-976-ml","status":"publish","type":"product","link":"https:\/\/olympiaboutique.com\/en\/product\/jumbo-spascriptions-lotion-corporelle-tonifiante-au-retinol-raffermissant-beurre-de-karite-vitamines-ace-976-ml\/","title":{"rendered":"Spascriptions Lotion Corporelle Tonifiante au R\u00e9tinol Raffermissant Beurre de Karit\u00e9 Vitamines ACE, 976 ml"},"content":{"rendered":"<p><strong>RESTORE<\/strong> : R\u00e9novateur pour am\u00e9liorer visiblement l\u2019apparence de votre peau.<\/p>\n<p><strong>HYDRATANT<\/strong> : Verrouille l\u2019hydratation pendant de plus longues p\u00e9riodes pour lutter contre la s\u00e9cheresse et la d\u00e9shydratation, les signes pr\u00e9matur\u00e9s du vieillissement et les dommages environnementaux.<\/p>\n<p><strong>SIGNES DU VIEILLISSEMENT<\/strong> : Pr\u00e9vient la perte d\u2019humidit\u00e9 et aide \u00e0 r\u00e9duire l\u2019apparence des rides et ridules.<\/p>\n<p><strong>\u00c9LASTICIT\u00c9<\/strong>\u00a0: Fournit \u00e0 la peau une \u00e9lasticit\u00e9 ad\u00e9quate pour lutter contre les premiers signes du vieillissement cutan\u00e9.<\/p>\n<p><strong>TIGHTEN<\/strong>\u00a0: Tonifie la peau et am\u00e9liore sa texture pour une apparence plus lisse et plus jeune.<\/p>","protected":false},"excerpt":{"rendered":"<p>Hydratant pour le corps extra raffermissant avec du r\u00e9tinol r\u00e9g\u00e9n\u00e9rant pour la peau\u00a0 pour aider \u00e0 am\u00e9liorer la texture , restaurer l\u2019\u00e9lasticit\u00e9 et minimiser l\u2019apparence des rides et ridules pour une peau rajeunie, tendue et claire. Le r\u00e9tinol peut aider \u00e0 favoriser le renouvellement, l\u2019\u00e9clat et la texture de la peau et \u00e0 r\u00e9duire l\u2019apparence des rides et le vieillissement g\u00e9n\u00e9ral de la peau.<\/p>","protected":false},"featured_media":1668,"comment_status":"open","ping_status":"closed","template":"","meta":{"_joinchat":[]},"product_brand":[],"product_cat":[22],"product_tag":[257],"class_list":{"0":"post-1667","1":"product","2":"type-product","3":"status-publish","4":"has-post-thumbnail","6":"product_cat-skincare","7":"product_tag-skin-lab-retinol","9":"first","10":"outofstock","11":"shipping-taxable","12":"purchasable","13":"product-type-simple"},"jetpack_sharing_enabled":true,"_links":{"self":[{"href":"https:\/\/olympiaboutique.com\/en\/wp-json\/wp\/v2\/product\/1667","targetHints":{"allow":["GET"]}}],"collection":[{"href":"https:\/\/olympiaboutique.com\/en\/wp-json\/wp\/v2\/product"}],"about":[{"href":"https:\/\/olympiaboutique.com\/en\/wp-json\/wp\/v2\/types\/product"}],"replies":[{"embeddable":true,"href":"https:\/\/olympiaboutique.com\/en\/wp-json\/wp\/v2\/comments?post=1667"}],"wp:featuredmedia":[{"embeddable":true,"href":"https:\/\/olympiaboutique.com\/en\/wp-json\/wp\/v2\/media\/1668"}],"wp:attachment":[{"href":"https:\/\/olympiaboutique.com\/en\/wp-json\/wp\/v2\/media?parent=1667"}],"wp:term":[{"taxonomy":"product_brand","embeddable":true,"href":"https:\/\/olympiaboutique.com\/en\/wp-json\/wp\/v2\/product_brand?post=1667"},{"taxonomy":"product_cat","embeddable":true,"href":"https:\/\/olympiaboutique.com\/en\/wp-json\/wp\/v2\/product_cat?post=1667"},{"taxonomy":"product_tag","embeddable":true,"href":"https:\/\/olympiaboutique.com\/en\/wp-json\/wp\/v2\/product_tag?post=1667"}],"curies":[{"name":"wp","href":"https:\/\/api.w.org\/{rel}","templated":true}]}}