{"id":1656,"date":"2023-11-23T21:10:25","date_gmt":"2023-11-23T21:10:25","guid":{"rendered":"https:\/\/olympiaboutique.com\/?post_type=product&#038;p=1656"},"modified":"2025-12-01T04:17:28","modified_gmt":"2025-12-01T04:17:28","slug":"spring-valley-proactive-support-omega-3-a-base-dhuile-de-poisson-complement-alimentaire-pour-la-sante-du-coeur-et-du-cerveau-en-gelules-1000-mg-120-unites","status":"publish","type":"product","link":"https:\/\/olympiaboutique.com\/en\/product\/spring-valley-proactive-support-omega-3-a-base-dhuile-de-poisson-complement-alimentaire-pour-la-sante-du-coeur-et-du-cerveau-en-gelules-1000-mg-120-unites\/","title":{"rendered":"Spring Valley Proactive Support Om\u00e9ga-3 \u00e0 base d\u2019huile de poisson Compl\u00e9ment alimentaire pour la sant\u00e9 du c\u0153ur et du cerveau, 1000 mg, 60 g\u00e9lules"},"content":{"rendered":"<p>Augmentez votre apport en acides gras sains et donnez \u00e0 votre corps ce don\u2019t il a besoin facilement et naturellement avec les g\u00e9lules de compl\u00e9ment alimentaire om\u00e9ga-3 pour la sant\u00e9 cardiaque \u00e0 l\u2019huile de poisson \u00e0 enrobage ent\u00e9rique Spring Valley. Afin de vous aider \u00e0 r\u00e9pondre aux besoins alimentaires pour vivre la vie saine que vous souhaitez, Spring Valley s\u2019efforce de compl\u00e9ter vos objectifs avec les meilleures g\u00e9lules d\u2019om\u00e9ga-3 d\u2019huile de poisson possibles. Notre huile de poisson MEG-3 purifi\u00e9e de haute qualit\u00e9 est fabriqu\u00e9e comme la nature l\u2019a voulu, \u00e0 partir de poissons sauvages riches en om\u00e9ga-3. Le MEG-3 est produit selon les normes les plus \u00e9lev\u00e9es afin d\u2019assurer la durabilit\u00e9 des stocks de poissons et une tra\u00e7abilit\u00e9 compl\u00e8te de la fa\u00e7on dont l\u2019huile est obtenue et trait\u00e9e. Les huiles de poisson MEG-3 ont r\u00e9cemment \u00e9t\u00e9 certifi\u00e9es par le programme International Fish Oil Standards (IFOS), recevant une note de 5 \u00e9toiles pour la s\u00e9curit\u00e9, la puret\u00e9 et la qualit\u00e9. Notre huile de poisson est fabriqu\u00e9e sans gluten, levure, bl\u00e9, lait ou d\u00e9riv\u00e9s du lait, lactose, sucre ou colorants et ar\u00f4mes artificiels<\/p>","protected":false},"excerpt":{"rendered":"<p>Spring Valley comprend qu\u2019un mode de vie sain et \u00e9quilibr\u00e9 est la cl\u00e9 pour donner le meilleur de soi-m\u00eame. Avec une gamme abordable de produits inspir\u00e9s de la nature, Spring Valley soutient votre sant\u00e9 et votre bien-\u00eatre holistique.<\/p>\n<ul>\n<li>Compl\u00e9ment alimentaire pour la sant\u00e9 du c\u0153ur, de l\u2019ensemble et du cerveau<\/li>\n<li>Soutien proactif om\u00e9ga-3<\/li>\n<li>Ar\u00f4me naturel de citron pour contr\u00f4ler l\u2019arri\u00e8re-go\u00fbt de poisson<\/li>\n<li>Contient de l\u2019huile de poisson hautement purifi\u00e9e<\/li>\n<li>Sans gluten, levure, bl\u00e9, lait ou d\u00e9riv\u00e9s du lait, lactose ou sucre<\/li>\n<li>Sans colorants ni ar\u00f4mes artificiels<\/li>\n<\/ul>\n<p><b>Utilisation: <\/b>Nous recommandons de prendre 01 g\u00e9lule par jour les om\u00e9ga-3 pendant un repas. La raison en est une meilleure absorption des acides gras par l\u2019organisme. Peu importe que l\u2019huile soit prise le matin, le midi ou le soir, l\u2019important est de la combiner avec un repas.<\/p>","protected":false},"featured_media":1657,"comment_status":"open","ping_status":"closed","template":"","meta":{"_joinchat":[]},"product_brand":[],"product_cat":[17],"product_tag":[254],"class_list":{"0":"post-1656","1":"product","2":"type-product","3":"status-publish","4":"has-post-thumbnail","6":"product_cat-vitamines","7":"product_tag-spring-valley-omega3","9":"first","10":"outofstock","11":"shipping-taxable","12":"purchasable","13":"product-type-simple"},"jetpack_sharing_enabled":true,"_links":{"self":[{"href":"https:\/\/olympiaboutique.com\/en\/wp-json\/wp\/v2\/product\/1656","targetHints":{"allow":["GET"]}}],"collection":[{"href":"https:\/\/olympiaboutique.com\/en\/wp-json\/wp\/v2\/product"}],"about":[{"href":"https:\/\/olympiaboutique.com\/en\/wp-json\/wp\/v2\/types\/product"}],"replies":[{"embeddable":true,"href":"https:\/\/olympiaboutique.com\/en\/wp-json\/wp\/v2\/comments?post=1656"}],"wp:featuredmedia":[{"embeddable":true,"href":"https:\/\/olympiaboutique.com\/en\/wp-json\/wp\/v2\/media\/1657"}],"wp:attachment":[{"href":"https:\/\/olympiaboutique.com\/en\/wp-json\/wp\/v2\/media?parent=1656"}],"wp:term":[{"taxonomy":"product_brand","embeddable":true,"href":"https:\/\/olympiaboutique.com\/en\/wp-json\/wp\/v2\/product_brand?post=1656"},{"taxonomy":"product_cat","embeddable":true,"href":"https:\/\/olympiaboutique.com\/en\/wp-json\/wp\/v2\/product_cat?post=1656"},{"taxonomy":"product_tag","embeddable":true,"href":"https:\/\/olympiaboutique.com\/en\/wp-json\/wp\/v2\/product_tag?post=1656"}],"curies":[{"name":"wp","href":"https:\/\/api.w.org\/{rel}","templated":true}]}}