{"id":1647,"date":"2023-11-23T20:46:26","date_gmt":"2023-11-23T20:46:26","guid":{"rendered":"https:\/\/olympiaboutique.com\/?post_type=product&#038;p=1647"},"modified":"2025-12-01T04:17:28","modified_gmt":"2025-12-01T04:17:28","slug":"the-inkey-list-serum-au-retinol-anti-age-30-ml","status":"publish","type":"product","link":"https:\/\/olympiaboutique.com\/en\/product\/the-inkey-list-serum-au-retinol-anti-age-30-ml\/","title":{"rendered":"THE INKEY LIST ROSEHIP OIL, 30 ml"},"content":{"rendered":"<ul class=\"a-unordered-list a-vertical a-spacing-mini\">\n<li class=\"a-spacing-mini\"><span class=\"a-list-item\">La liste INKEY de l\u2019huile de rose musqu\u00e9e. Huile naturelle pour le visage 100% press\u00e9e \u00e0 froid aux propri\u00e9t\u00e9s antioxydantes. L\u2019huile de rose musqu\u00e9e nourrit pendant la nuit les peaux ternes ou fatigu\u00e9es et aide \u00e0 lutter contre les irr\u00e9gularit\u00e9s du teint et de la texture de la peau.<\/span><\/li>\n<li class=\"a-spacing-mini\"><span class=\"a-list-item\">Hydratation en profondeur pour tous les types de peau. Adapt\u00e9e \u00e0 tous les types de peau, l\u2019huile de rose musqu\u00e9e hydrate et apaise les peaux s\u00e8ches et contient de l\u2019acide linol\u00e9ique, qui peut aider \u00e0 r\u00e9guler la production de s\u00e9bum pour les peaux grasses ou sujettes aux imperfections.<\/span><\/li>\n<li class=\"a-spacing-mini\"><span class=\"a-list-item\">Des ingr\u00e9dients puissants, de vrais r\u00e9sultats. L\u2019huile de rose musqu\u00e9e regorge d\u2019acides gras essentiels, d\u2019om\u00e9ga-6 et de vitamines b\u00e9n\u00e9fiques pour la peau. Hydratez la peau s\u00e8che et obtenez un teint plus uniforme avec une utilisation continue.<\/span><\/li>\n<\/ul>\n<p><strong>Conseils d\u2019utilisation\u00a0<\/strong>:<\/p>\n<p><span class=\"a-list-item\">Apr\u00e8s avoir termin\u00e9 votre routine de soins de la peau le soir (y compris la cr\u00e8me hydratante), massez 2 \u00e0 3 gouttes d\u2019huile de rose musqu\u00e9e sur votre peau pour une peau plus douce le matin.<\/span><\/p>","protected":false},"excerpt":{"rendered":"<p>INKEY de l\u2019huile de rose musqu\u00e9e, est une huile naturelle pour le visage 100% press\u00e9e \u00e0 froid aux propri\u00e9t\u00e9s antioxydantes. L\u2019huile de rose musqu\u00e9e nourrit pendant la nuit les peaux ternes ou fatigu\u00e9es et aide \u00e0 lutter contre les irr\u00e9gularit\u00e9s du teint et de la texture de la peau.<\/p>\n<p>L\u2019utilisation de ce s\u00e9rum contribue \u00e0 r\u00e9duire l\u2019apparence des ridules, des rides, des irr\u00e9gularit\u00e9s du teint et des probl\u00e8mes de pigmentation de la peau, ce qui en fait un produit indispensable pour une peau \u00e9clatante de sant\u00e9.<br \/>\nLe s\u00e9rum Rosehip permet de :<\/p>\n<ol>\n<li>Cibler les man\u00e8ges<\/li>\n<li>R\u00e9duire l\u2019apparence des rides<\/li>\n<li>R\u00e9duire les ridules<\/li>\n<li>Unifier le teint<\/li>\n<\/ol>","protected":false},"featured_media":1756,"comment_status":"open","ping_status":"closed","template":"","meta":{"_joinchat":[]},"product_brand":[],"product_cat":[22],"product_tag":[252],"class_list":{"0":"post-1647","1":"product","2":"type-product","3":"status-publish","4":"has-post-thumbnail","6":"product_cat-skincare","7":"product_tag-the-inkey-list","9":"first","10":"outofstock","11":"shipping-taxable","12":"purchasable","13":"product-type-simple"},"jetpack_sharing_enabled":true,"_links":{"self":[{"href":"https:\/\/olympiaboutique.com\/en\/wp-json\/wp\/v2\/product\/1647","targetHints":{"allow":["GET"]}}],"collection":[{"href":"https:\/\/olympiaboutique.com\/en\/wp-json\/wp\/v2\/product"}],"about":[{"href":"https:\/\/olympiaboutique.com\/en\/wp-json\/wp\/v2\/types\/product"}],"replies":[{"embeddable":true,"href":"https:\/\/olympiaboutique.com\/en\/wp-json\/wp\/v2\/comments?post=1647"}],"wp:featuredmedia":[{"embeddable":true,"href":"https:\/\/olympiaboutique.com\/en\/wp-json\/wp\/v2\/media\/1756"}],"wp:attachment":[{"href":"https:\/\/olympiaboutique.com\/en\/wp-json\/wp\/v2\/media?parent=1647"}],"wp:term":[{"taxonomy":"product_brand","embeddable":true,"href":"https:\/\/olympiaboutique.com\/en\/wp-json\/wp\/v2\/product_brand?post=1647"},{"taxonomy":"product_cat","embeddable":true,"href":"https:\/\/olympiaboutique.com\/en\/wp-json\/wp\/v2\/product_cat?post=1647"},{"taxonomy":"product_tag","embeddable":true,"href":"https:\/\/olympiaboutique.com\/en\/wp-json\/wp\/v2\/product_tag?post=1647"}],"curies":[{"name":"wp","href":"https:\/\/api.w.org\/{rel}","templated":true}]}}