{"id":1636,"date":"2023-11-23T15:29:16","date_gmt":"2023-11-23T15:29:16","guid":{"rendered":"https:\/\/olympiaboutique.com\/?post_type=product&#038;p=1636"},"modified":"2025-12-01T04:17:29","modified_gmt":"2025-12-01T04:17:29","slug":"elastalift-collagen-cream-skin-care-444-ml","status":"publish","type":"product","link":"https:\/\/olympiaboutique.com\/en\/product\/elastalift-collagen-cream-skin-care-444-ml\/","title":{"rendered":"Elastalift Collagen Cream Skin Care, 444 ml"},"content":{"rendered":"<p>Le collag\u00e8ne aide \u00e0 redonner \u00e0 la peau sa beaut\u00e9 d\u2019antan en stimulant la production d\u2019\u00e9lastine vitale pour repulper et lifter la peau vieillissante. Ravivez la peau ferme, \u00e9clatante et magnifique de votre jeunesse avec cette cr\u00e8me raffermissante au collag\u00e8ne sans parfum de grande taille d\u2019Elastalift, qui fonctionne comme une lotion hydratante efficace pour le corps au quotidien qui est m\u00eame assez douce pour votre visage. Soigneusement formul\u00e9 pour \u00eatre sans danger pour tous les types de peau, y compris les peaux s\u00e8ches, les peaux grasses et les peaux sensibles.<\/p>\n<p><span>N<\/span><span>OURRISSANT + HYDRATANT &#8211; Avec l\u2019\u00e2ge, notre peau perd de son \u00e9lasticit\u00e9 et de son hydratation, notre formule de lotion pour le visage et de cr\u00e8me pour le corps au collag\u00e8ne test\u00e9e cliniquement, test\u00e9e par des dermatologues, test\u00e9e contre les allergies et sans parfum lisse visiblement l\u2019apparence de la texture rugueuse de la peau, repulpe le teint g\u00e9n\u00e9ral et reconstitue l\u2019hydratation essentielle pour restaurer visiblement le volume des zones sujettes au rel\u00e2chement. Nourrissez, hydratez et repulpez votre peau pour une apparence plus saine, plus pleine et plus jeune tout en am\u00e9liorant l\u2019\u00e9lasticit\u00e9 de votre peau.<\/span><\/p>","protected":false},"excerpt":{"rendered":"<p>Il diminue l\u2019apparence des rides, aide \u00e0 lutter contre la cellulite, les vergetures et resserre la peau l\u00e2che. Liftez et hydratez la peau rel\u00e2ch\u00e9e pour lui redonner un \u00e9clat de jeunesse avec Elastalift !<\/p>\n<p><strong>Mode d\u2019emploi<\/strong> : Appliquez une quantit\u00e9 suffisante de cr\u00e8me pour le corps et le visage sans parfum au collag\u00e8ne Elastalift sur le corps, les bras, le visage, le cou, les mains, les jambes et les zones nettoy\u00e9es que vous souhaitez aider \u00e0 restaurer. Massez doucement la peau en effectuant des mouvements circulaires vers le haut jusqu\u2019\u00e0 absorption compl\u00e8te, en accordant une attention particuli\u00e8re aux zones \u00e0 probl\u00e8mes, \u00e0 la peau s\u00e8che et aux zones tachet\u00e9es. Peut \u00eatre utilis\u00e9 matin ou soir. Pour de meilleurs r\u00e9sultats, utilisez 1 \u00e0 2 fois par jour.<\/p>","protected":false},"featured_media":1637,"comment_status":"open","ping_status":"closed","template":"","meta":{"_joinchat":[]},"product_brand":[],"product_cat":[22],"product_tag":[249],"class_list":{"0":"post-1636","1":"product","2":"type-product","3":"status-publish","4":"has-post-thumbnail","6":"product_cat-skincare","7":"product_tag-elastalift-firm-collagen","9":"first","10":"outofstock","11":"shipping-taxable","12":"purchasable","13":"product-type-simple"},"jetpack_sharing_enabled":true,"_links":{"self":[{"href":"https:\/\/olympiaboutique.com\/en\/wp-json\/wp\/v2\/product\/1636","targetHints":{"allow":["GET"]}}],"collection":[{"href":"https:\/\/olympiaboutique.com\/en\/wp-json\/wp\/v2\/product"}],"about":[{"href":"https:\/\/olympiaboutique.com\/en\/wp-json\/wp\/v2\/types\/product"}],"replies":[{"embeddable":true,"href":"https:\/\/olympiaboutique.com\/en\/wp-json\/wp\/v2\/comments?post=1636"}],"wp:featuredmedia":[{"embeddable":true,"href":"https:\/\/olympiaboutique.com\/en\/wp-json\/wp\/v2\/media\/1637"}],"wp:attachment":[{"href":"https:\/\/olympiaboutique.com\/en\/wp-json\/wp\/v2\/media?parent=1636"}],"wp:term":[{"taxonomy":"product_brand","embeddable":true,"href":"https:\/\/olympiaboutique.com\/en\/wp-json\/wp\/v2\/product_brand?post=1636"},{"taxonomy":"product_cat","embeddable":true,"href":"https:\/\/olympiaboutique.com\/en\/wp-json\/wp\/v2\/product_cat?post=1636"},{"taxonomy":"product_tag","embeddable":true,"href":"https:\/\/olympiaboutique.com\/en\/wp-json\/wp\/v2\/product_tag?post=1636"}],"curies":[{"name":"wp","href":"https:\/\/api.w.org\/{rel}","templated":true}]}}