{"id":1629,"date":"2023-11-23T14:42:43","date_gmt":"2023-11-23T14:42:43","guid":{"rendered":"https:\/\/olympiaboutique.com\/?post_type=product&#038;p=1629"},"modified":"2025-12-01T04:17:29","modified_gmt":"2025-12-01T04:17:29","slug":"okay-huile-de-ricin-jamaicaine-noire-avec-vitamine-e-et-panthenol-118ml","status":"publish","type":"product","link":"https:\/\/olympiaboutique.com\/en\/product\/okay-huile-de-ricin-jamaicaine-noire-avec-vitamine-e-et-panthenol-118ml\/","title":{"rendered":"OKAY HUILE DE RICIN JAMA\u00cfCAINE NOIRE avec VITAMINE E et PANTH\u00c9NOL 118ml"},"content":{"rendered":"<ul class=\"a-unordered-list a-vertical a-spacing-mini\">\n<li class=\"a-spacing-mini\"><span class=\"a-list-item\">Huile miracle pour toutes les textures de cheveux et tous les types de peau &#8211; Id\u00e9ale pour la croissance des cheveux (t\u00eate, cils, sourcils) et les affections cutan\u00e9es telles que l\u2019acn\u00e9, les taches de vieillesse, la d\u00e9coloration de la peau, l\u2019inflammation et les coups de soleil<\/span><\/li>\n<li class=\"a-spacing-mini\"><span class=\"a-list-item\">Nourrit et r\u00e9g\u00e9n\u00e8re les huiles naturelles du cuir chevelu et renforce, hydrate et structure les racines et les follicules pileux pour rendre vos cheveux plus \u00e9pais, plus volumineux, plus brillants et plus faciles \u00e0 coiffer<\/span><\/li>\n<li class=\"a-spacing-mini\"><span class=\"a-list-item\">L\u2019acide ricinol\u00e9ique aide \u00e0 combattre l\u2019acn\u00e9, l\u2019inflammation de la peau, \u00e0 r\u00e9duire les douleurs articulaires et \u00e0 favoriser une peau saine<\/span><\/li>\n<li class=\"a-spacing-mini\"><span class=\"a-list-item\">Formul\u00e9 avec de la vitamine E et du panth\u00e9nol, ce duo dynamique p\u00e9n\u00e8tre dans le follicule pileux et fournit des nutriments jusqu\u2019au c\u0153ur de vos m\u00e8ches de cheveux<\/span><\/li>\n<li class=\"a-spacing-mini\"><span class=\"a-list-item\">Cette huile miracle est fabriqu\u00e9e \u00e0 partir d\u2019huile de ricin jama\u00efcaine 100% pure selon des m\u00e9thodes d\u2019extraction et de torr\u00e9faction traditionnelles<\/span><\/li>\n<\/ul>","protected":false},"excerpt":{"rendered":"<p>L\u2019huile de ricin jama\u00efcaine noire 100% pure OKAY fonctionne tr\u00e8s bien sur tous les types de cheveux pour faire pousser naturellement des cheveux forts et sains. Maintenant, avec de la vitamine E et du panth\u00e9nol, cette combinaison p\u00e9n\u00e9trera plus profond\u00e9ment dans le follicule pileux et nourrira directement au c\u0153ur de vos m\u00e8ches de cheveux pour plus de corps, de brillance et de rebond.<\/p>","protected":false},"featured_media":1630,"comment_status":"open","ping_status":"closed","template":"","meta":{"_joinchat":[]},"product_brand":[],"product_cat":[109],"product_tag":[247],"class_list":{"0":"post-1629","1":"product","2":"type-product","3":"status-publish","4":"has-post-thumbnail","6":"product_cat-cheveux","7":"product_tag-okay","9":"first","10":"outofstock","11":"shipping-taxable","12":"purchasable","13":"product-type-simple"},"jetpack_sharing_enabled":true,"_links":{"self":[{"href":"https:\/\/olympiaboutique.com\/en\/wp-json\/wp\/v2\/product\/1629","targetHints":{"allow":["GET"]}}],"collection":[{"href":"https:\/\/olympiaboutique.com\/en\/wp-json\/wp\/v2\/product"}],"about":[{"href":"https:\/\/olympiaboutique.com\/en\/wp-json\/wp\/v2\/types\/product"}],"replies":[{"embeddable":true,"href":"https:\/\/olympiaboutique.com\/en\/wp-json\/wp\/v2\/comments?post=1629"}],"wp:featuredmedia":[{"embeddable":true,"href":"https:\/\/olympiaboutique.com\/en\/wp-json\/wp\/v2\/media\/1630"}],"wp:attachment":[{"href":"https:\/\/olympiaboutique.com\/en\/wp-json\/wp\/v2\/media?parent=1629"}],"wp:term":[{"taxonomy":"product_brand","embeddable":true,"href":"https:\/\/olympiaboutique.com\/en\/wp-json\/wp\/v2\/product_brand?post=1629"},{"taxonomy":"product_cat","embeddable":true,"href":"https:\/\/olympiaboutique.com\/en\/wp-json\/wp\/v2\/product_cat?post=1629"},{"taxonomy":"product_tag","embeddable":true,"href":"https:\/\/olympiaboutique.com\/en\/wp-json\/wp\/v2\/product_tag?post=1629"}],"curies":[{"name":"wp","href":"https:\/\/api.w.org\/{rel}","templated":true}]}}