{"id":1622,"date":"2023-11-23T13:43:51","date_gmt":"2023-11-23T13:43:51","guid":{"rendered":"https:\/\/olympiaboutique.com\/?post_type=product&#038;p=1622"},"modified":"2025-12-01T04:17:29","modified_gmt":"2025-12-01T04:17:29","slug":"difeel-huile-capillaire-naturelle-a-lhuile-dargan-235-ml","status":"publish","type":"product","link":"https:\/\/olympiaboutique.com\/en\/product\/difeel-huile-capillaire-naturelle-a-lhuile-dargan-235-ml\/","title":{"rendered":"Difeel Huile capillaire naturelle \u00e0 l\u2019huile d&#8217;argan, 210 ml"},"content":{"rendered":"<ul class=\"a-unordered-list a-vertical a-spacing-mini\">\n<li class=\"a-spacing-mini\"><span class=\"a-list-item\">Huile capillaire de qualit\u00e9 sup\u00e9rieure.<\/span><\/li>\n<li class=\"a-spacing-mini\"><span class=\"a-list-item\">Hydrate les cheveux excessivement secs. <\/span><\/li>\n<li class=\"a-spacing-mini\"><span class=\"a-list-item\">Rend les cheveux plus \u00e9pais et plus denses.<\/span><\/li>\n<li class=\"a-spacing-mini\"><span class=\"a-list-item\">Lisse les follicules, laissant les cheveux plus doux et plus soyeux.<\/span><\/li>\n<li class=\"a-spacing-mini\"><span class=\"a-list-item\">Infus\u00e9es avec des ingr\u00e9dients haute performance qui r\u00e9pondent aux probl\u00e8mes capillaires courants. Facile \u00e0 utiliser, \u00e9conomique et efficace. Trouvez votre beaut\u00e9 naturelle.<\/span><\/li>\n<\/ul>","protected":false},"excerpt":{"rendered":"<p><span class=\"a-list-item\">Les huiles capillaires naturelles Difeel Premium, sont infus\u00e9es avec des ingr\u00e9dients haute performance qui r\u00e9pondent aux probl\u00e8mes capillaires courants. Facile \u00e0 utiliser, \u00e9conomique et efficace. Ces huiles vous aident \u00e0 trouver votre beaut\u00e9 naturelle.<\/span><span id=\"productTitle\" class=\"a-size-large product-title-word-break\">Hydrate les cheveux secs et lisse les follicules capillaires, laisse les cheveux plus \u00e9pais, plus soyeux et plus doux<\/span><\/p>","protected":false},"featured_media":1628,"comment_status":"open","ping_status":"closed","template":"","meta":{"_joinchat":[]},"product_brand":[],"product_cat":[109],"product_tag":[246],"class_list":{"0":"post-1622","1":"product","2":"type-product","3":"status-publish","4":"has-post-thumbnail","6":"product_cat-cheveux","7":"product_tag-difeel","9":"first","10":"outofstock","11":"shipping-taxable","12":"purchasable","13":"product-type-simple"},"jetpack_sharing_enabled":true,"_links":{"self":[{"href":"https:\/\/olympiaboutique.com\/en\/wp-json\/wp\/v2\/product\/1622","targetHints":{"allow":["GET"]}}],"collection":[{"href":"https:\/\/olympiaboutique.com\/en\/wp-json\/wp\/v2\/product"}],"about":[{"href":"https:\/\/olympiaboutique.com\/en\/wp-json\/wp\/v2\/types\/product"}],"replies":[{"embeddable":true,"href":"https:\/\/olympiaboutique.com\/en\/wp-json\/wp\/v2\/comments?post=1622"}],"wp:featuredmedia":[{"embeddable":true,"href":"https:\/\/olympiaboutique.com\/en\/wp-json\/wp\/v2\/media\/1628"}],"wp:attachment":[{"href":"https:\/\/olympiaboutique.com\/en\/wp-json\/wp\/v2\/media?parent=1622"}],"wp:term":[{"taxonomy":"product_brand","embeddable":true,"href":"https:\/\/olympiaboutique.com\/en\/wp-json\/wp\/v2\/product_brand?post=1622"},{"taxonomy":"product_cat","embeddable":true,"href":"https:\/\/olympiaboutique.com\/en\/wp-json\/wp\/v2\/product_cat?post=1622"},{"taxonomy":"product_tag","embeddable":true,"href":"https:\/\/olympiaboutique.com\/en\/wp-json\/wp\/v2\/product_tag?post=1622"}],"curies":[{"name":"wp","href":"https:\/\/api.w.org\/{rel}","templated":true}]}}