{"id":1602,"date":"2023-11-22T23:50:16","date_gmt":"2023-11-22T23:50:16","guid":{"rendered":"https:\/\/olympiaboutique.com\/?post_type=product&#038;p=1602"},"modified":"2025-12-01T04:17:29","modified_gmt":"2025-12-01T04:17:29","slug":"masque-peel-off-infuse-au-charbon-200-ml","status":"publish","type":"product","link":"https:\/\/olympiaboutique.com\/en\/product\/masque-peel-off-infuse-au-charbon-200-ml\/","title":{"rendered":"Charcoal, Masque Peel-Off Infus\u00e9 au Charbon, 200 ml"},"content":{"rendered":"<p>Appliquez le masque peel-off sur peau s\u00e8che, en couche fine. Pour les <strong>peaux mixtes<\/strong> et tr\u00e8s s\u00e8ches, il est pr\u00e9f\u00e9rable de l\u2019appliquer uniquement sur la zone T.\u00a0 Laissez s\u00e9cher 15-20 minutes. Une fois que le gel s\u2019est transform\u00e9 en film bien solide, retirez-le des bords vers le nez. Rincez les r\u00e9sidus \u00e0 l\u2019eau. Veillez \u00e0 bien <a class=\"internal\" title=\"Comment bien hydrater sa peau pendant l\u2019hiver\u00a0?\" href=\"https:\/\/www.cosmopolitan.fr\/,conseils-pour-une-peau-du-visage-bien-hydratee-en-hiver,2510943,1864776.asp\">hydrater la peau par la<\/a> suite pour l\u2019aider \u00e0 se r\u00e9g\u00e9n\u00e9rer rapidement.<\/p>\n<p>Pour des r\u00e9sultats visibles et durables, renouvelez l\u2019op\u00e9ration deux fois par semaine<\/p>","protected":false},"excerpt":{"rendered":"<p>Gr\u00e2ce \u00e0 sa composition sp\u00e9cifique (particules de peeling, acides de fruits, enzymes&#8230;), le masque peel-off fait adh\u00e9rer <a class=\"internal\" title=\"Les patchs anti points noirs fonctionnent-ils r\u00e9ellement\u00a0?\" href=\"https:\/\/www.cosmopolitan.fr\/les-patchs-anti-points-noirs-sont-ils-efficaces,2035531.asp\">points noirs<\/a>, salet\u00e9, exc\u00e8s de s\u00e9bum et autres cellules mortes et les emporte avec lui. La peau se voit ainsi d\u00e9barrass\u00e9e de ses impuret\u00e9s.<\/p>","protected":false},"featured_media":1605,"comment_status":"open","ping_status":"closed","template":"","meta":{"_joinchat":[]},"product_brand":[],"product_cat":[22],"product_tag":[242],"class_list":{"0":"post-1602","1":"product","2":"type-product","3":"status-publish","4":"has-post-thumbnail","6":"product_cat-skincare","7":"product_tag-charcoal","9":"first","10":"outofstock","11":"shipping-taxable","12":"purchasable","13":"product-type-simple"},"jetpack_sharing_enabled":true,"_links":{"self":[{"href":"https:\/\/olympiaboutique.com\/en\/wp-json\/wp\/v2\/product\/1602","targetHints":{"allow":["GET"]}}],"collection":[{"href":"https:\/\/olympiaboutique.com\/en\/wp-json\/wp\/v2\/product"}],"about":[{"href":"https:\/\/olympiaboutique.com\/en\/wp-json\/wp\/v2\/types\/product"}],"replies":[{"embeddable":true,"href":"https:\/\/olympiaboutique.com\/en\/wp-json\/wp\/v2\/comments?post=1602"}],"wp:featuredmedia":[{"embeddable":true,"href":"https:\/\/olympiaboutique.com\/en\/wp-json\/wp\/v2\/media\/1605"}],"wp:attachment":[{"href":"https:\/\/olympiaboutique.com\/en\/wp-json\/wp\/v2\/media?parent=1602"}],"wp:term":[{"taxonomy":"product_brand","embeddable":true,"href":"https:\/\/olympiaboutique.com\/en\/wp-json\/wp\/v2\/product_brand?post=1602"},{"taxonomy":"product_cat","embeddable":true,"href":"https:\/\/olympiaboutique.com\/en\/wp-json\/wp\/v2\/product_cat?post=1602"},{"taxonomy":"product_tag","embeddable":true,"href":"https:\/\/olympiaboutique.com\/en\/wp-json\/wp\/v2\/product_tag?post=1602"}],"curies":[{"name":"wp","href":"https:\/\/api.w.org\/{rel}","templated":true}]}}