{"id":1599,"date":"2023-11-22T22:32:21","date_gmt":"2023-11-22T22:32:21","guid":{"rendered":"https:\/\/olympiaboutique.com\/?post_type=product&#038;p=1599"},"modified":"2025-12-01T04:17:29","modified_gmt":"2025-12-01T04:17:29","slug":"the-ordinary-acide-hyaluronique-2-b5-serum-hydratant-60-ml","status":"publish","type":"product","link":"https:\/\/olympiaboutique.com\/en\/product\/the-ordinary-acide-hyaluronique-2-b5-serum-hydratant-60-ml\/","title":{"rendered":"THE ORDINARY Acide Hyaluronique 2% + B5 S\u00e9rum Hydratant, 60 ml"},"content":{"rendered":"<p>Une formule hydratante \u00e0 base d\u2019Acide Hyaluronique vegan ultra-pur. Le poids mol\u00e9culaire de l\u2019Acide Hyaluronique d\u00e9termine sa capacit\u00e9 \u00e0 agir en profondeur dans la peau. Cette formule contient 3 poids mol\u00e9culaires d\u2019Acide Hyaluronique (haut, moyen et bas), ainsi qu\u2019un polym\u00e8re r\u00e9ticul\u00e9 d\u2019Acide Hyaluronique de nouvelle g\u00e9n\u00e9ration, offrant une hydratation multicouche (en surface et en profondeur), sans huile. Cette concentration de 2% d\u2019Acide Hyaluronique est soutenue par la pr\u00e9sence de Vitamine B5, qui renforce l\u2019hydratation de la surface de la peau.<br \/>\nCe s\u00e9rum soutient l\u2019hydratation et la r\u00e9paration de la peau.<br \/>\nSans huile, alcool, silicone.<\/p>","protected":false},"excerpt":{"rendered":"<ul class=\"a-unordered-list a-vertical a-spacing-mini\">\n<li><strong>Bienfaits<\/strong><\/li>\n<li class=\"a-spacing-mini\"><span class=\"a-list-item\">Un hydratant qui lisse et repulpe gr\u00e2ce \u00e0 l\u2019acide hyaluronique<\/span><\/li>\n<li class=\"a-spacing-mini\"><span class=\"a-list-item\">Sans alcool, sans gluten, sans silicone et sans huile<\/span><\/li>\n<li class=\"a-spacing-mini\"><span class=\"a-list-item\">Repulpe la peau, lisse les ridules, les imperfections ou les rides pour offrir une hydratation longue dur\u00e9e<\/span><\/li>\n<\/ul>\n<p><strong>Utilisation<\/strong>\u00a0:Appliquer quelques gouttes sur le visage humide le matin et le soir avant d\u2019utiliser les cr\u00e8mes.<\/p>","protected":false},"featured_media":1601,"comment_status":"open","ping_status":"closed","template":"","meta":{"_joinchat":[]},"product_brand":[],"product_cat":[22],"product_tag":[241],"class_list":{"0":"post-1599","1":"product","2":"type-product","3":"status-publish","4":"has-post-thumbnail","6":"product_cat-skincare","7":"product_tag-the-ordinary","9":"first","10":"outofstock","11":"shipping-taxable","12":"purchasable","13":"product-type-simple"},"jetpack_sharing_enabled":true,"_links":{"self":[{"href":"https:\/\/olympiaboutique.com\/en\/wp-json\/wp\/v2\/product\/1599","targetHints":{"allow":["GET"]}}],"collection":[{"href":"https:\/\/olympiaboutique.com\/en\/wp-json\/wp\/v2\/product"}],"about":[{"href":"https:\/\/olympiaboutique.com\/en\/wp-json\/wp\/v2\/types\/product"}],"replies":[{"embeddable":true,"href":"https:\/\/olympiaboutique.com\/en\/wp-json\/wp\/v2\/comments?post=1599"}],"wp:featuredmedia":[{"embeddable":true,"href":"https:\/\/olympiaboutique.com\/en\/wp-json\/wp\/v2\/media\/1601"}],"wp:attachment":[{"href":"https:\/\/olympiaboutique.com\/en\/wp-json\/wp\/v2\/media?parent=1599"}],"wp:term":[{"taxonomy":"product_brand","embeddable":true,"href":"https:\/\/olympiaboutique.com\/en\/wp-json\/wp\/v2\/product_brand?post=1599"},{"taxonomy":"product_cat","embeddable":true,"href":"https:\/\/olympiaboutique.com\/en\/wp-json\/wp\/v2\/product_cat?post=1599"},{"taxonomy":"product_tag","embeddable":true,"href":"https:\/\/olympiaboutique.com\/en\/wp-json\/wp\/v2\/product_tag?post=1599"}],"curies":[{"name":"wp","href":"https:\/\/api.w.org\/{rel}","templated":true}]}}