{"id":1590,"date":"2023-11-22T21:53:19","date_gmt":"2023-11-22T21:53:19","guid":{"rendered":"https:\/\/olympiaboutique.com\/?post_type=product&#038;p=1590"},"modified":"2025-12-01T04:17:29","modified_gmt":"2025-12-01T04:17:29","slug":"huile-de-curcuma-advanced-md-professional-formula-53-ml","status":"publish","type":"product","link":"https:\/\/olympiaboutique.com\/en\/product\/huile-de-curcuma-advanced-md-professional-formula-53-ml\/","title":{"rendered":"ADVANCED MD PROFESSIONAL FORMULA, HUILE DE CURCUMA, 53 ML"},"content":{"rendered":"<p>Le s\u00e9rum \u00e0 l\u2019huile de curcuma Advanced MD Professional Formula est un faiseur de miracles pour les imperfections visibles. Sa formule antioxydante calme l\u2019apparence des peaux sujettes aux rougeurs. D\u00e9riv\u00e9 du pouvoir anti-\u00e2ge du curcuma, ce s\u00e9rum favorise une belle peau sans colorer votre peau d\u2019orange. Reconstitue \u00e9galement l\u2019hydratation pour que la peau paraisse claire et affin\u00e9e.<\/p>","protected":false},"excerpt":{"rendered":"<ul>\n<li><strong>Bienfaits<\/strong><\/li>\n<li>Calme les imperfections<\/li>\n<li>Absorption rapide<\/li>\n<li>Non gras<\/li>\n<\/ul>\n<p><strong>Utilisation<\/strong>\u00a0:Mettez quelques gouttes sur vos mains. Frottez-les ensemble et tapotez sur votre visage, votre cou ou d\u2019autres zones. Conseil : Ajoutez 5 gouttes \u00e0 votre cr\u00e8me hydratante pour une hydratation suppl\u00e9mentaire.<\/p>","protected":false},"featured_media":1591,"comment_status":"open","ping_status":"closed","template":"","meta":{"_joinchat":[]},"product_brand":[],"product_cat":[22],"product_tag":[239],"class_list":{"0":"post-1590","1":"product","2":"type-product","3":"status-publish","4":"has-post-thumbnail","6":"product_cat-skincare","7":"product_tag-advanced-md-turmeric","9":"first","10":"outofstock","11":"shipping-taxable","12":"purchasable","13":"product-type-simple"},"jetpack_sharing_enabled":true,"_links":{"self":[{"href":"https:\/\/olympiaboutique.com\/en\/wp-json\/wp\/v2\/product\/1590","targetHints":{"allow":["GET"]}}],"collection":[{"href":"https:\/\/olympiaboutique.com\/en\/wp-json\/wp\/v2\/product"}],"about":[{"href":"https:\/\/olympiaboutique.com\/en\/wp-json\/wp\/v2\/types\/product"}],"replies":[{"embeddable":true,"href":"https:\/\/olympiaboutique.com\/en\/wp-json\/wp\/v2\/comments?post=1590"}],"wp:featuredmedia":[{"embeddable":true,"href":"https:\/\/olympiaboutique.com\/en\/wp-json\/wp\/v2\/media\/1591"}],"wp:attachment":[{"href":"https:\/\/olympiaboutique.com\/en\/wp-json\/wp\/v2\/media?parent=1590"}],"wp:term":[{"taxonomy":"product_brand","embeddable":true,"href":"https:\/\/olympiaboutique.com\/en\/wp-json\/wp\/v2\/product_brand?post=1590"},{"taxonomy":"product_cat","embeddable":true,"href":"https:\/\/olympiaboutique.com\/en\/wp-json\/wp\/v2\/product_cat?post=1590"},{"taxonomy":"product_tag","embeddable":true,"href":"https:\/\/olympiaboutique.com\/en\/wp-json\/wp\/v2\/product_tag?post=1590"}],"curies":[{"name":"wp","href":"https:\/\/api.w.org\/{rel}","templated":true}]}}