{"id":1582,"date":"2023-11-21T16:42:23","date_gmt":"2023-11-21T16:42:23","guid":{"rendered":"https:\/\/olympiaboutique.com\/?post_type=product&#038;p=1582"},"modified":"2025-12-01T04:17:29","modified_gmt":"2025-12-01T04:17:29","slug":"neocell-poudre-de-collagene-avec-biotine-vitamine-c-et-acide-hyaluronique-330g","status":"publish","type":"product","link":"https:\/\/olympiaboutique.com\/en\/product\/neocell-poudre-de-collagene-avec-biotine-vitamine-c-et-acide-hyaluronique-330g\/","title":{"rendered":"Neocell Poudre de collag\u00e8ne avec biotine, vitamine C et acide hyaluronique, 330g"},"content":{"rendered":"<ul class=\"a-unordered-list a-vertical a-spacing-mini\">\n<li class=\"a-spacing-mini\"><span class=\"a-list-item\">SUPPL\u00c9MENT EN POUDRE : Un bidon de 11,6 oz d\u2019infusion de beaut\u00e9 au collag\u00e8ne NeoCell avec poudre de biotine, un suppl\u00e9ment de collag\u00e8ne en poudre qui aide \u00e0 promouvoir une belle peau et des cheveux et des ongles sains\u00a0<\/span><\/li>\n<li class=\"a-spacing-mini\"><span class=\"a-list-item\">COLLAG\u00c8NE HYDROLYS\u00c9 : Chaque portion contient 12 grammes de collag\u00e8ne fabriqu\u00e9 \u00e0 partir de l\u2019hydrolyse, qui convertit les grosses mol\u00e9cules de collag\u00e8ne en petits peptides de collag\u00e8ne facilement biodisponibles\u00a0<\/span><\/li>\n<li class=\"a-spacing-mini\"><span class=\"a-list-item\">AVEC DE L\u2019ACIDE HYALURONIQUE : Les suppl\u00e9ments de collag\u00e8ne contiennent \u00e9galement de l\u2019acide hyaluronique, un nutriment incroyablement hydratant qui retient jusqu\u2019\u00e0 1 000 fois son poids en eau pour hydrater et hydrater votre peau\u00a0<\/span><\/li>\n<li class=\"a-spacing-mini\"><span class=\"a-list-item\">SUPPL\u00c9MENT DE SOINS DE LA PEAU \u00c0 LA VITAMINE C ET \u00c0 LA BIOTINE : Avec de la vitamine C pour favoriser la formation am\u00e9lior\u00e9e de collag\u00e8ne et le soutien antioxydant des radicaux libres, ainsi que de la biotine pour soutenir la sant\u00e9 des cheveux et des ongles\u00a0<\/span><\/li>\n<\/ul>","protected":false},"excerpt":{"rendered":"<p><span class=\"a-list-item\">Fond\u00e9e en 1998, NeoCell est l\u2019une des marques de collag\u00e8ne les plus fiables, vous aidant \u00e0 illuminer votre beaut\u00e9 \u00e0 l\u2019int\u00e9rieur et \u00e0 l\u2019ext\u00e9rieur pour amplifier votre brillance et votre confiance.<\/span><\/p>\n<p><span class=\"a-list-item\"><strong>COMMENT PRENDRE<\/strong> : Parfait pour \u00eatre utilis\u00e9 avec vos produits pr\u00e9f\u00e9r\u00e9s pour la peau et les cheveux, il suffit de prendre une cuill\u00e8re de cette poudre de collag\u00e8ne par jour, dissoute dans votre boisson, smoothie ou recette pr\u00e9f\u00e9r\u00e9e.<\/span><\/p>\n<p>&nbsp;<\/p>","protected":false},"featured_media":1584,"comment_status":"open","ping_status":"closed","template":"","meta":{"_joinchat":[]},"product_brand":[],"product_cat":[17],"product_tag":[238],"class_list":{"0":"post-1582","1":"product","2":"type-product","3":"status-publish","4":"has-post-thumbnail","6":"product_cat-vitamines","7":"product_tag-neocell","9":"first","10":"outofstock","11":"shipping-taxable","12":"purchasable","13":"product-type-simple"},"jetpack_sharing_enabled":true,"_links":{"self":[{"href":"https:\/\/olympiaboutique.com\/en\/wp-json\/wp\/v2\/product\/1582","targetHints":{"allow":["GET"]}}],"collection":[{"href":"https:\/\/olympiaboutique.com\/en\/wp-json\/wp\/v2\/product"}],"about":[{"href":"https:\/\/olympiaboutique.com\/en\/wp-json\/wp\/v2\/types\/product"}],"replies":[{"embeddable":true,"href":"https:\/\/olympiaboutique.com\/en\/wp-json\/wp\/v2\/comments?post=1582"}],"wp:featuredmedia":[{"embeddable":true,"href":"https:\/\/olympiaboutique.com\/en\/wp-json\/wp\/v2\/media\/1584"}],"wp:attachment":[{"href":"https:\/\/olympiaboutique.com\/en\/wp-json\/wp\/v2\/media?parent=1582"}],"wp:term":[{"taxonomy":"product_brand","embeddable":true,"href":"https:\/\/olympiaboutique.com\/en\/wp-json\/wp\/v2\/product_brand?post=1582"},{"taxonomy":"product_cat","embeddable":true,"href":"https:\/\/olympiaboutique.com\/en\/wp-json\/wp\/v2\/product_cat?post=1582"},{"taxonomy":"product_tag","embeddable":true,"href":"https:\/\/olympiaboutique.com\/en\/wp-json\/wp\/v2\/product_tag?post=1582"}],"curies":[{"name":"wp","href":"https:\/\/api.w.org\/{rel}","templated":true}]}}