{"id":1578,"date":"2023-11-21T16:11:40","date_gmt":"2023-11-21T16:11:40","guid":{"rendered":"https:\/\/olympiaboutique.com\/?post_type=product&#038;p=1578"},"modified":"2025-12-01T04:17:30","modified_gmt":"2025-12-01T04:17:30","slug":"lipikar-apm-creme-hydratante-corps-triple-reparatrice-pour-peaux-seches-400-ml","status":"publish","type":"product","link":"https:\/\/olympiaboutique.com\/en\/product\/lipikar-apm-creme-hydratante-corps-triple-reparatrice-pour-peaux-seches-400-ml\/","title":{"rendered":"Lipikar AP+M Cr\u00e8me Hydratante Corps Triple R\u00e9paratrice pour Peaux S\u00e8ches, 400 ml"},"content":{"rendered":"<ul>\n<li><strong>Bienfaits<\/strong><\/li>\n<li>Hydratant pr\u00e9biotique pour le visage et le corps pour les peaux s\u00e8ches \u00e0 tr\u00e8s s\u00e8ches<\/li>\n<li>Procure une hydratation de 48 heures et reconstitue les lipides essentiels de la peau<\/li>\n<li>Soulagement quotidien des peaux s\u00e8ches \u00e0 tr\u00e8s s\u00e8ches du visage, du corps et des mains<\/li>\n<li>Texture cr\u00e8me riche et r\u00e9confortante au fini non gras et non collant<\/li>\n<li>Hydrate et r\u00e9pare la peau s\u00e8che avec du beurre de karit\u00e9, de la glyc\u00e9rine et de la niacinamide<\/li>\n<li>Offre des bienfaits pr\u00e9biotiques pour aider \u00e0 r\u00e9\u00e9quilibrer le microbiome cutan\u00e9 gr\u00e2ce \u00e0 une forte concentration d\u2019eau thermale pr\u00e9biotique La Roche-Posay<\/li>\n<li>Convient aux adultes, aux enfants et aux b\u00e9b\u00e9s de plus de 2 semaines<\/li>\n<li>Sans danger pour les peaux sensibles<\/li>\n<li>Non com\u00e9dog\u00e8ne<\/li>\n<li>Accept\u00e9 par l\u2019Association nationale de l\u2019ecz\u00e9ma<\/li>\n<li>Test\u00e9 par des dermatologues, des p\u00e9diatres et des allergies<\/li>\n<\/ul>","protected":false},"excerpt":{"rendered":"<p>La Roche-Posay Lipikar AP+M Triple Repair Body Moisturizing Cream hydrate intens\u00e9ment pour soulager les peaux s\u00e8ches et tr\u00e8s s\u00e8ches.<\/p>\n<p><span>Utilisez-le comme hydratant pour le visage ou le corps pour les peaux tr\u00e8s s\u00e8ches et rugueuses. Appliquer sur l\u2019ensemble du corps sur une peau propre matin et soir. Massez doucement le produit sur la peau jusqu\u2019\u00e0 absorption.<\/span><\/p>","protected":false},"featured_media":1579,"comment_status":"open","ping_status":"closed","template":"","meta":{"_joinchat":[]},"product_brand":[],"product_cat":[22],"product_tag":[237],"class_list":{"0":"post-1578","1":"product","2":"type-product","3":"status-publish","4":"has-post-thumbnail","6":"product_cat-skincare","7":"product_tag-la-roche-posay","9":"first","10":"outofstock","11":"shipping-taxable","12":"purchasable","13":"product-type-simple"},"jetpack_sharing_enabled":true,"_links":{"self":[{"href":"https:\/\/olympiaboutique.com\/en\/wp-json\/wp\/v2\/product\/1578","targetHints":{"allow":["GET"]}}],"collection":[{"href":"https:\/\/olympiaboutique.com\/en\/wp-json\/wp\/v2\/product"}],"about":[{"href":"https:\/\/olympiaboutique.com\/en\/wp-json\/wp\/v2\/types\/product"}],"replies":[{"embeddable":true,"href":"https:\/\/olympiaboutique.com\/en\/wp-json\/wp\/v2\/comments?post=1578"}],"wp:featuredmedia":[{"embeddable":true,"href":"https:\/\/olympiaboutique.com\/en\/wp-json\/wp\/v2\/media\/1579"}],"wp:attachment":[{"href":"https:\/\/olympiaboutique.com\/en\/wp-json\/wp\/v2\/media?parent=1578"}],"wp:term":[{"taxonomy":"product_brand","embeddable":true,"href":"https:\/\/olympiaboutique.com\/en\/wp-json\/wp\/v2\/product_brand?post=1578"},{"taxonomy":"product_cat","embeddable":true,"href":"https:\/\/olympiaboutique.com\/en\/wp-json\/wp\/v2\/product_cat?post=1578"},{"taxonomy":"product_tag","embeddable":true,"href":"https:\/\/olympiaboutique.com\/en\/wp-json\/wp\/v2\/product_tag?post=1578"}],"curies":[{"name":"wp","href":"https:\/\/api.w.org\/{rel}","templated":true}]}}