{"id":1575,"date":"2023-11-21T15:56:14","date_gmt":"2023-11-21T15:56:14","guid":{"rendered":"https:\/\/olympiaboutique.com\/?post_type=product&#038;p=1575"},"modified":"2025-12-01T04:17:30","modified_gmt":"2025-12-01T04:17:30","slug":"effaclar-salicylic-acid-acne-treatment-serum-30-ml","status":"publish","type":"product","link":"https:\/\/olympiaboutique.com\/en\/product\/effaclar-salicylic-acid-acne-treatment-serum-30-ml\/","title":{"rendered":"EFFACLAR SALICYLIC ACID ACNE TREATMENT SERUM, 30 ml"},"content":{"rendered":"<p>Ce s\u00e9rum l\u00e9ger de traitement de l\u2019acn\u00e9 \u00e0 l\u2019acide salicylique \u00e9limine les imperfections de l\u2019acn\u00e9 et aide \u00e0 pr\u00e9venir de nouvelles \u00e9ruptions cutan\u00e9es, tout en r\u00e9duisant visiblement les pores, les ridules et les marques post-acn\u00e9iques.<br \/>\nCe s\u00e9rum comprend le complexe triple acide, un m\u00e9lange de 1,5 % d\u2019acide salicylique, d\u2019acide glycolique et d\u2019acide lipo-hydroxyl\u00e9 micro-exfoliant pour une efficacit\u00e9 optimale. Cette formule comprend \u00e9galement de la niacinamide et de l\u2019eau thermale de La Roche-Posay pour aider \u00e0 apaiser la peau et \u00e0 minimiser les irritations cutan\u00e9es.<\/p>","protected":false},"excerpt":{"rendered":"<ul>\n<li><strong>Bienfaits<\/strong><\/li>\n<li>\u00c9limine les imperfections de l\u2019acn\u00e9 et aide \u00e0 pr\u00e9venir de nouvelles \u00e9ruptions cutan\u00e9es<\/li>\n<li>R\u00e9duit visiblement les pores, les ridules et les marques post-acn\u00e9iques<\/li>\n<li>S\u00e9rum l\u00e9ger<\/li>\n<\/ul>\n<p><span style=\"\"><strong>Utilisation<\/strong>: <\/span><span style=\"\">Appliquez toute la zone affect\u00e9e avec une fine couche apr\u00e8s avoir nettoy\u00e9 le visage. Ne pas rincer. Commencez par une application par jour, puis augmentez progressivement jusqu\u2019\u00e0 deux ou trois fois par jour si n\u00e9cessaire.<\/span><\/p>","protected":false},"featured_media":1576,"comment_status":"open","ping_status":"closed","template":"","meta":{"_joinchat":[]},"product_brand":[],"product_cat":[22],"product_tag":[236],"class_list":{"0":"post-1575","1":"product","2":"type-product","3":"status-publish","4":"has-post-thumbnail","6":"product_cat-skincare","7":"product_tag-effaclar","9":"first","10":"outofstock","11":"shipping-taxable","12":"purchasable","13":"product-type-simple"},"jetpack_sharing_enabled":true,"_links":{"self":[{"href":"https:\/\/olympiaboutique.com\/en\/wp-json\/wp\/v2\/product\/1575","targetHints":{"allow":["GET"]}}],"collection":[{"href":"https:\/\/olympiaboutique.com\/en\/wp-json\/wp\/v2\/product"}],"about":[{"href":"https:\/\/olympiaboutique.com\/en\/wp-json\/wp\/v2\/types\/product"}],"replies":[{"embeddable":true,"href":"https:\/\/olympiaboutique.com\/en\/wp-json\/wp\/v2\/comments?post=1575"}],"wp:featuredmedia":[{"embeddable":true,"href":"https:\/\/olympiaboutique.com\/en\/wp-json\/wp\/v2\/media\/1576"}],"wp:attachment":[{"href":"https:\/\/olympiaboutique.com\/en\/wp-json\/wp\/v2\/media?parent=1575"}],"wp:term":[{"taxonomy":"product_brand","embeddable":true,"href":"https:\/\/olympiaboutique.com\/en\/wp-json\/wp\/v2\/product_brand?post=1575"},{"taxonomy":"product_cat","embeddable":true,"href":"https:\/\/olympiaboutique.com\/en\/wp-json\/wp\/v2\/product_cat?post=1575"},{"taxonomy":"product_tag","embeddable":true,"href":"https:\/\/olympiaboutique.com\/en\/wp-json\/wp\/v2\/product_tag?post=1575"}],"curies":[{"name":"wp","href":"https:\/\/api.w.org\/{rel}","templated":true}]}}