{"id":1571,"date":"2023-11-21T13:21:39","date_gmt":"2023-11-21T13:21:39","guid":{"rendered":"https:\/\/olympiaboutique.com\/?post_type=product&#038;p=1571"},"modified":"2025-12-01T04:17:30","modified_gmt":"2025-12-01T04:17:30","slug":"cerave-nettoyant-anti-acne-avec-2-dacide-salicylique-pour-les-peaux-a-tendance-acneique","status":"publish","type":"product","link":"https:\/\/olympiaboutique.com\/en\/product\/cerave-nettoyant-anti-acne-avec-2-dacide-salicylique-pour-les-peaux-a-tendance-acneique\/","title":{"rendered":"CERAVE | ACNE CONTROL FACE CLEANSER ; 236 ml"},"content":{"rendered":"<p>D\u00e9velopp\u00e9 avec des dermatologues, le nettoyant et nettoyant pour le visage CeraVe Acne Control est formul\u00e9 avec 2 % de BHA (acide salicylique) pour \u00e9liminer l\u2019acn\u00e9, r\u00e9duire les points noirs et am\u00e9liorer l\u2019apparence des pores. L\u2019argile hectorite purifiante absorbant le s\u00e9bum \u00e9limine l\u2019exc\u00e8s de s\u00e9bum, nettoie les pores et minimise la brillance visible. Ce nettoyant pour le visage en gel contre l\u2019acn\u00e9 se distribue sous forme de gel transparent et se transforme en un nettoyant pour le visage l\u00e9ger et moussant au fur et \u00e0 mesure que vous faites mousser. \u00c9ligible \u00e0 la FSA\/HSA, non com\u00e9dog\u00e8ne, sans parab\u00e8ne, sans parfum et test\u00e9 contre les allergies. Convient pour une utilisation quotidienne sur les peaux normales \u00e0 acn\u00e9iques et grasses.<\/p>\n<p><strong>Routine matinale sugg\u00e9r\u00e9e<\/strong> : Nettoyez et traitez l\u2019acn\u00e9 avec le nettoyant hydratant Cerave Acne Control Cleanser suivi de la lotion pour le visage Cerave AM avec FPS 30 pour hydrater et prot\u00e9ger la peau toute la journ\u00e9e.<\/p>\n<p><strong>Routine de nuit sugg\u00e9r\u00e9e<\/strong> : Nettoyez et pr\u00e9venez l\u2019acn\u00e9 avec le nettoyant anti-acn\u00e9 Cerave, suivi du gel de traitement anti-acn\u00e9 Cerave et de la lotion Cerave PM pour p\u00e9n\u00e9trer dans les pores et hydrater la peau toute la nuit.<\/p>","protected":false},"excerpt":{"rendered":"<ul>\n<li><strong>Bienfaits<\/strong><\/li>\n<li>Le nettoyant pour le visage contre l\u2019acn\u00e9 avec 2 % d\u2019acide salicylique \u00e9limine l\u2019acn\u00e9 et r\u00e9duit les points noirs, et am\u00e9liore l\u2019apparence des pores<\/li>\n<li>Sans parfum, sans parab\u00e8ne, non com\u00e9dog\u00e8ne et test\u00e9 contre les allergies<\/li>\n<li>Se distribue sous forme de gel transparent et se transforme en un nettoyant pour le visage l\u00e9ger et moussant au fur et \u00e0 mesure que vous faites mousser. Le lavage et l\u2019exfoliation doux lissent, hydratent et nettoient la peau sans laisser de sensation de d\u00e9nudation et de tiraillement<\/li>\n<li>Argile purifiante absorbant le s\u00e9bum pour aider \u00e0 r\u00e9duire les pores obstru\u00e9s, \u00e9liminer l\u2019exc\u00e8s de s\u00e9bum, minimiser la brillance visible et r\u00e9duire la formation de futures \u00e9ruptions cutan\u00e9es<\/li>\n<li>Niacinamide pour aider \u00e0 apaiser la peau<\/li>\n<li>Avec trois c\u00e9ramides essentiels (1, 3, 6-II) pour aider \u00e0 restaurer et \u00e0 maintenir la barri\u00e8re naturelle de la peau<\/li>\n<li>D\u00e9velopp\u00e9 avec des dermatologues<\/li>\n<\/ul>","protected":false},"featured_media":1572,"comment_status":"open","ping_status":"closed","template":"","meta":{"_joinchat":[]},"product_brand":[],"product_cat":[22],"product_tag":[235],"class_list":{"0":"post-1571","1":"product","2":"type-product","3":"status-publish","4":"has-post-thumbnail","6":"product_cat-skincare","7":"product_tag-cerave-acne","9":"first","10":"outofstock","11":"shipping-taxable","12":"purchasable","13":"product-type-simple"},"jetpack_sharing_enabled":true,"_links":{"self":[{"href":"https:\/\/olympiaboutique.com\/en\/wp-json\/wp\/v2\/product\/1571","targetHints":{"allow":["GET"]}}],"collection":[{"href":"https:\/\/olympiaboutique.com\/en\/wp-json\/wp\/v2\/product"}],"about":[{"href":"https:\/\/olympiaboutique.com\/en\/wp-json\/wp\/v2\/types\/product"}],"replies":[{"embeddable":true,"href":"https:\/\/olympiaboutique.com\/en\/wp-json\/wp\/v2\/comments?post=1571"}],"wp:featuredmedia":[{"embeddable":true,"href":"https:\/\/olympiaboutique.com\/en\/wp-json\/wp\/v2\/media\/1572"}],"wp:attachment":[{"href":"https:\/\/olympiaboutique.com\/en\/wp-json\/wp\/v2\/media?parent=1571"}],"wp:term":[{"taxonomy":"product_brand","embeddable":true,"href":"https:\/\/olympiaboutique.com\/en\/wp-json\/wp\/v2\/product_brand?post=1571"},{"taxonomy":"product_cat","embeddable":true,"href":"https:\/\/olympiaboutique.com\/en\/wp-json\/wp\/v2\/product_cat?post=1571"},{"taxonomy":"product_tag","embeddable":true,"href":"https:\/\/olympiaboutique.com\/en\/wp-json\/wp\/v2\/product_tag?post=1571"}],"curies":[{"name":"wp","href":"https:\/\/api.w.org\/{rel}","templated":true}]}}