{"id":1559,"date":"2023-11-21T12:13:24","date_gmt":"2023-11-21T12:13:24","guid":{"rendered":"https:\/\/olympiaboutique.com\/?post_type=product&#038;p=1559"},"modified":"2025-12-01T04:17:30","modified_gmt":"2025-12-01T04:17:30","slug":"crest-3d-white-glamorous-white-bain-de-bouche-946-ml","status":"publish","type":"product","link":"https:\/\/olympiaboutique.com\/en\/product\/crest-3d-white-glamorous-white-bain-de-bouche-946-ml\/","title":{"rendered":"Crest &#8211; 3D White Glamorous White, Bain De Bouche 946 Ml"},"content":{"rendered":"<p>Am\u00e9liorez votre routine matinale pour un sourire radieux avec le rince-bouche blanchissant Crest 3D White Glamorous White. Gr\u00e2ce \u00e0 la technologie exclusive Whitelock de Crest, qui agit comme un protecteur blanchissant, la formation de nouvelles taches est emp\u00each\u00e9e. En seulement 7 jours, vous verrez des r\u00e9sultats et obtiendrez un sourire plus blanc en \u00e9liminant les taches superficielles avec ce rince-bouche blanchissant.<\/p>\n<p>Adultes et enfants de plus de 12 ans : Rincer pendant 60 secondes avec 15 ml (1\/2 once liquide ou 3 cuill\u00e8res \u00e0 caf\u00e9) matin et soir. Ne pas avaler.<\/p>\n<p>Enfants de moins de 12 ans : Ne pas utiliser.<\/p>","protected":false},"excerpt":{"rendered":"<p id=\"title\" class=\"a-size-large a-spacing-none\"><span id=\"productTitle\" class=\"a-size-large product-title-word-break\">Multi- Soins Blanchissant &#8211; Parfums Menthe Fraiche<\/span><\/p>\n<ul class=\"a-unordered-list a-vertical a-spacing-mini\">\n<li class=\"a-spacing-mini\"><span class=\"a-list-item\">Pour une fra\u00eecheur longue dur\u00e9e,<\/span><\/li>\n<li class=\"a-spacing-mini\"><span class=\"a-list-item\">Action moussante douce<\/span><\/li>\n<li class=\"a-spacing-mini\"><span class=\"a-list-item\">Tue les germes de mauvaise haleine<\/span><\/li>\n<\/ul>","protected":false},"featured_media":1560,"comment_status":"open","ping_status":"closed","template":"","meta":{"_joinchat":[]},"product_brand":[],"product_cat":[53],"product_tag":[],"class_list":{"0":"post-1559","1":"product","2":"type-product","3":"status-publish","4":"has-post-thumbnail","6":"product_cat-pharmaceutiques","8":"first","9":"outofstock","10":"shipping-taxable","11":"purchasable","12":"product-type-simple"},"jetpack_sharing_enabled":true,"_links":{"self":[{"href":"https:\/\/olympiaboutique.com\/en\/wp-json\/wp\/v2\/product\/1559","targetHints":{"allow":["GET"]}}],"collection":[{"href":"https:\/\/olympiaboutique.com\/en\/wp-json\/wp\/v2\/product"}],"about":[{"href":"https:\/\/olympiaboutique.com\/en\/wp-json\/wp\/v2\/types\/product"}],"replies":[{"embeddable":true,"href":"https:\/\/olympiaboutique.com\/en\/wp-json\/wp\/v2\/comments?post=1559"}],"wp:featuredmedia":[{"embeddable":true,"href":"https:\/\/olympiaboutique.com\/en\/wp-json\/wp\/v2\/media\/1560"}],"wp:attachment":[{"href":"https:\/\/olympiaboutique.com\/en\/wp-json\/wp\/v2\/media?parent=1559"}],"wp:term":[{"taxonomy":"product_brand","embeddable":true,"href":"https:\/\/olympiaboutique.com\/en\/wp-json\/wp\/v2\/product_brand?post=1559"},{"taxonomy":"product_cat","embeddable":true,"href":"https:\/\/olympiaboutique.com\/en\/wp-json\/wp\/v2\/product_cat?post=1559"},{"taxonomy":"product_tag","embeddable":true,"href":"https:\/\/olympiaboutique.com\/en\/wp-json\/wp\/v2\/product_tag?post=1559"}],"curies":[{"name":"wp","href":"https:\/\/api.w.org\/{rel}","templated":true}]}}