{"id":1551,"date":"2023-11-21T11:38:57","date_gmt":"2023-11-21T11:38:57","guid":{"rendered":"https:\/\/olympiaboutique.com\/?post_type=product&#038;p=1551"},"modified":"2025-12-01T04:17:30","modified_gmt":"2025-12-01T04:17:30","slug":"youtheory-collagene-marin-290-unites","status":"publish","type":"product","link":"https:\/\/olympiaboutique.com\/en\/product\/youtheory-collagene-marin-290-unites\/","title":{"rendered":"Youtheory Collag\u00e8ne marin, 290 unit\u00e9s"},"content":{"rendered":"<p>Le collag\u00e8ne marin de Youtheory est con\u00e7u pour aider \u00e0 lutter contre la perte de collag\u00e8ne li\u00e9e \u00e0 l\u2019\u00e2ge. Il aide \u00e0 reconstituer cette prot\u00e9ine vitale pour revitaliser la peau, les cheveux, les ongles, les tendons et les ligaments. Ce produit contient un collag\u00e8ne unique (collag\u00e8ne hydrolys\u00e9e) \u00e0 base de poisson qui a \u00e9t\u00e9 sp\u00e9cialement trait\u00e9 pour am\u00e9liorer la digestibilit\u00e9 et l\u2019absorption dans le corps. Il comprend \u00e9galement un m\u00e9lange de nutriments essentiels et de cofacteurs pour soutenir une alimentation intensive.<br \/>\nSans produits laitiers, sans soja et sans gluten<\/p>","protected":false},"excerpt":{"rendered":"<ul>\n<li><strong>Bienfaits<\/strong><\/li>\n<li>2 500 mg de collag\u00e8ne par portion<\/li>\n<li>8 vitamines et min\u00e9raux<\/li>\n<li>collag\u00e8ne d\u2019origine poisson<\/li>\n<li>revitaliser la peau<\/li>\n<li>Reconstitue le collag\u00e8ne<\/li>\n<li>Lutte contre les effets du vieillissement<\/li>\n<li>Soutient les tendons et les ligaments<\/li>\n<li>Fournit des nutriments essentiels<\/li>\n<\/ul>\n<p><strong>Utilisation sugg\u00e9r\u00e9e<\/strong> : (Adultes) Prendre cinq (5) comprim\u00e9s par jour, en une seule fois ou en doses fractionn\u00e9es.<\/p>","protected":false},"featured_media":1552,"comment_status":"open","ping_status":"closed","template":"","meta":{"_joinchat":[]},"product_brand":[],"product_cat":[17],"product_tag":[],"class_list":{"0":"post-1551","1":"product","2":"type-product","3":"status-publish","4":"has-post-thumbnail","6":"product_cat-vitamines","8":"first","9":"outofstock","10":"shipping-taxable","11":"purchasable","12":"product-type-simple"},"jetpack_sharing_enabled":true,"_links":{"self":[{"href":"https:\/\/olympiaboutique.com\/en\/wp-json\/wp\/v2\/product\/1551","targetHints":{"allow":["GET"]}}],"collection":[{"href":"https:\/\/olympiaboutique.com\/en\/wp-json\/wp\/v2\/product"}],"about":[{"href":"https:\/\/olympiaboutique.com\/en\/wp-json\/wp\/v2\/types\/product"}],"replies":[{"embeddable":true,"href":"https:\/\/olympiaboutique.com\/en\/wp-json\/wp\/v2\/comments?post=1551"}],"wp:featuredmedia":[{"embeddable":true,"href":"https:\/\/olympiaboutique.com\/en\/wp-json\/wp\/v2\/media\/1552"}],"wp:attachment":[{"href":"https:\/\/olympiaboutique.com\/en\/wp-json\/wp\/v2\/media?parent=1551"}],"wp:term":[{"taxonomy":"product_brand","embeddable":true,"href":"https:\/\/olympiaboutique.com\/en\/wp-json\/wp\/v2\/product_brand?post=1551"},{"taxonomy":"product_cat","embeddable":true,"href":"https:\/\/olympiaboutique.com\/en\/wp-json\/wp\/v2\/product_cat?post=1551"},{"taxonomy":"product_tag","embeddable":true,"href":"https:\/\/olympiaboutique.com\/en\/wp-json\/wp\/v2\/product_tag?post=1551"}],"curies":[{"name":"wp","href":"https:\/\/api.w.org\/{rel}","templated":true}]}}