{"id":1546,"date":"2023-11-20T20:17:48","date_gmt":"2023-11-20T20:17:48","guid":{"rendered":"https:\/\/olympiaboutique.com\/?post_type=product&#038;p=1546"},"modified":"2025-12-01T04:17:30","modified_gmt":"2025-12-01T04:17:30","slug":"youtheory-turmeric-1000-mg-60-capsules","status":"publish","type":"product","link":"https:\/\/olympiaboutique.com\/en\/product\/youtheory-turmeric-1000-mg-60-capsules\/","title":{"rendered":"Youtheory turmeric, 1,000 mg, 60 capsules"},"content":{"rendered":"<ul>\n<li>TURMERIC EXTRA STRENGTH AVEC POIVRE NOIR : L\u2019extrait de curcuma le plus \u00e9tudi\u00e9 cliniquement sur le march\u00e9. Cette formule est enrichie de poivre noir pour stimuler l\u2019absorption et la biodisponibilit\u00e9 des curcumino\u00efdes, les phytonutriments qui donnent au curcuma sa couleur.<\/li>\n<li>SUPPL\u00c9MENT DE CURCUMINE DE CURCUMA : Utilis\u00e9 comme suppl\u00e9ment traditionnel \u00e0 base de plantes, le curcuma est une source naturelle de curcumino\u00efdes, favorisant une r\u00e9ponse inflammatoire saine.<br \/>\nLa sant\u00e9 commence \u00e0 l\u2019int\u00e9rieur : Soutenez votre voyage vers le bien-\u00eatre avec des suppl\u00e9ments Youtheory de haute qualit\u00e9 pour une vie saine.<\/li>\n<li>FAIT POUR CHAQUE \u00c9TAPE DE LA VIE : Nous croyons que la sant\u00e9 et le bien-\u00eatre commencent \u00e0 l\u2019int\u00e9rieur avec les meilleurs suppl\u00e9ments innovateurs pour la sant\u00e9, le bien-\u00eatre et la beaut\u00e9. Les compl\u00e9ments YouTheory vous aideront \u00e0 vous sentir au mieux de votre forme tout au long de l\u2019ann\u00e9e.<\/li>\n<li>YOUTHEORY \u2013 LE BON CHOIX : v\u00e9g\u00e9talien, sans produits laitiers, sans soja et sans gluten<\/li>\n<\/ul>","protected":false},"excerpt":{"rendered":"<p>inflammatoire saine Le curcuma fournit l\u2019un des secrets les mieux gard\u00e9s de la nature : les curcumino\u00efdes. Ces puissants phytonutriments donnent au curcuma sa couleur jaune dor\u00e9 et offrent de nombreux avantages pour la sant\u00e9.* Youtheory Curcuma fournit l\u2019extrait de curcuma le plus \u00e9tudi\u00e9 cliniquement sur le march\u00e9 (contenant 95% de curcumino\u00efdes totaux). Cette formule est enrichie en poivre noir BioPerine pour stimuler l\u2019absorption et la biodisponibilit\u00e9 des curcumino\u00efdes.<\/p>\n<p class=\"yikes-custom-woo-tab-title yikes-custom-woo-tab-title-utilisation-suggeree\"><strong>Utilisation sugg\u00e9r\u00e9e:<\/strong><\/p>\n<div class=\"row item-row\">\n<div class=\"col-xs-24\">\n<div class=\"prodOverviewDetail\">\n<p>(Adultes) Prendre trois (3) comprim\u00e9s par jour, en une seule fois ou en doses fractionn\u00e9es.<\/p>\n<\/div>\n<\/div>\n<\/div>","protected":false},"featured_media":1548,"comment_status":"open","ping_status":"closed","template":"","meta":{"_joinchat":[]},"product_brand":[],"product_cat":[17],"product_tag":[],"class_list":{"0":"post-1546","1":"product","2":"type-product","3":"status-publish","4":"has-post-thumbnail","6":"product_cat-vitamines","8":"first","9":"outofstock","10":"shipping-taxable","11":"purchasable","12":"product-type-simple"},"jetpack_sharing_enabled":true,"_links":{"self":[{"href":"https:\/\/olympiaboutique.com\/en\/wp-json\/wp\/v2\/product\/1546","targetHints":{"allow":["GET"]}}],"collection":[{"href":"https:\/\/olympiaboutique.com\/en\/wp-json\/wp\/v2\/product"}],"about":[{"href":"https:\/\/olympiaboutique.com\/en\/wp-json\/wp\/v2\/types\/product"}],"replies":[{"embeddable":true,"href":"https:\/\/olympiaboutique.com\/en\/wp-json\/wp\/v2\/comments?post=1546"}],"wp:featuredmedia":[{"embeddable":true,"href":"https:\/\/olympiaboutique.com\/en\/wp-json\/wp\/v2\/media\/1548"}],"wp:attachment":[{"href":"https:\/\/olympiaboutique.com\/en\/wp-json\/wp\/v2\/media?parent=1546"}],"wp:term":[{"taxonomy":"product_brand","embeddable":true,"href":"https:\/\/olympiaboutique.com\/en\/wp-json\/wp\/v2\/product_brand?post=1546"},{"taxonomy":"product_cat","embeddable":true,"href":"https:\/\/olympiaboutique.com\/en\/wp-json\/wp\/v2\/product_cat?post=1546"},{"taxonomy":"product_tag","embeddable":true,"href":"https:\/\/olympiaboutique.com\/en\/wp-json\/wp\/v2\/product_tag?post=1546"}],"curies":[{"name":"wp","href":"https:\/\/api.w.org\/{rel}","templated":true}]}}