{"id":1533,"date":"2023-11-20T14:37:45","date_gmt":"2023-11-20T14:37:45","guid":{"rendered":"https:\/\/olympiaboutique.com\/?post_type=product&#038;p=1533"},"modified":"2026-02-20T22:31:38","modified_gmt":"2026-02-20T22:31:38","slug":"splenda-sucre-pour-diabetiques-1000-paquets-individuels-1kg","status":"publish","type":"product","link":"https:\/\/olympiaboutique.com\/en\/product\/splenda-sucre-pour-diabetiques-1000-paquets-individuels-1kg\/","title":{"rendered":"Splenda &#8211; Sucre pour Diab\u00e9tiques &#8211; 1000 paquets individuels, 1kg"},"content":{"rendered":"<p>Splenda No Calorie Sweetener Value Pack est un pack de 1000 paquets individuels pesant 28,22 onces. Cet \u00e9dulcorant est un excellent produit pour les diab\u00e9tiques car il est sans calories et n\u2019augmente pas la glyc\u00e9mie. Avec les paquets d\u2019\u00e9dulcorants Splenda sans calories, vous pouvez sucrer votre caf\u00e9, votre th\u00e9, votre lait, vos c\u00e9r\u00e9ales et tout ce qui n\u00e9cessite un \u00e9dulcorant. Les paquets Splenda sont faciles \u00e0 utiliser et vous n\u2019aurez pas \u00e0 vous soucier de mesurer la quantit\u00e9 de sucre qui sera utilis\u00e9e car ils sont pr\u00e9emball\u00e9s. Le Splenda No Calorie Sweetener Value Pack est un excellent produit pour tous ceux qui cherchent \u00e0 \u00e9conomiser des co\u00fbts lors de l\u2019achat d\u2019un \u00e9dulcorant artificiel.<\/p>\n<p>&nbsp;<\/p>\n<p>&nbsp;<\/p>\n<p>&nbsp;<\/p>","protected":false},"excerpt":{"rendered":"<p><strong>Bienfaits<\/strong><\/p>\n<p>Splenda est un \u00e9dulcorant artificiel que les gens peuvent utiliser \u00e0 la place du sucre. Le sucralose, connu sous le nom de marque Splenda, est un \u00e9dulcorant artificiel approuv\u00e9 pour un usage g\u00e9n\u00e9ral comme substitut du sucre.<\/p>\n<p>Le Splenda est 600 fois plus sucr\u00e9 que le sucre mais apporte tr\u00e8s peu de calories<br \/>\nSplenda est consid\u00e9r\u00e9 comme un \u00e9dulcorant de haute intensit\u00e9.<br \/>\nIl existe cinq \u00e9dulcorants artificiels dont l\u2019utilisation est approuv\u00e9e aux \u00c9tats-Unis, dont Splenda.<\/p>","protected":false},"featured_media":566,"comment_status":"open","ping_status":"closed","template":"","meta":{"_joinchat":[]},"product_brand":[],"product_cat":[23],"product_tag":[133],"class_list":{"0":"post-1533","1":"product","2":"type-product","3":"status-publish","4":"has-post-thumbnail","6":"product_cat-food","7":"product_tag-splenda-sucre-diabete","9":"first","10":"outofstock","11":"shipping-taxable","12":"purchasable","13":"product-type-simple"},"jetpack_sharing_enabled":true,"_links":{"self":[{"href":"https:\/\/olympiaboutique.com\/en\/wp-json\/wp\/v2\/product\/1533","targetHints":{"allow":["GET"]}}],"collection":[{"href":"https:\/\/olympiaboutique.com\/en\/wp-json\/wp\/v2\/product"}],"about":[{"href":"https:\/\/olympiaboutique.com\/en\/wp-json\/wp\/v2\/types\/product"}],"replies":[{"embeddable":true,"href":"https:\/\/olympiaboutique.com\/en\/wp-json\/wp\/v2\/comments?post=1533"}],"wp:featuredmedia":[{"embeddable":true,"href":"https:\/\/olympiaboutique.com\/en\/wp-json\/wp\/v2\/media\/566"}],"wp:attachment":[{"href":"https:\/\/olympiaboutique.com\/en\/wp-json\/wp\/v2\/media?parent=1533"}],"wp:term":[{"taxonomy":"product_brand","embeddable":true,"href":"https:\/\/olympiaboutique.com\/en\/wp-json\/wp\/v2\/product_brand?post=1533"},{"taxonomy":"product_cat","embeddable":true,"href":"https:\/\/olympiaboutique.com\/en\/wp-json\/wp\/v2\/product_cat?post=1533"},{"taxonomy":"product_tag","embeddable":true,"href":"https:\/\/olympiaboutique.com\/en\/wp-json\/wp\/v2\/product_tag?post=1533"}],"curies":[{"name":"wp","href":"https:\/\/api.w.org\/{rel}","templated":true}]}}