{"id":1058,"date":"2023-10-21T14:04:10","date_gmt":"2023-10-21T14:04:10","guid":{"rendered":"https:\/\/olympiaboutique.com\/?post_type=product&#038;p=1058"},"modified":"2025-12-01T04:17:30","modified_gmt":"2025-12-01T04:17:30","slug":"sauce-barbecue-originale-de-sweet-baby-ray-532-ml","status":"publish","type":"product","link":"https:\/\/olympiaboutique.com\/en\/product\/sauce-barbecue-originale-de-sweet-baby-ray-532-ml\/","title":{"rendered":"Sweet Baby Ray, Sauce barbecue Originale &#8211; 1,13Kg"},"content":{"rendered":"","protected":false},"excerpt":{"rendered":"<p>Cette sauce d\u00e9licieusement \u00e9paisse se marie tr\u00e8s bien comme marinade ou garniture et transforme chaque type de viande en un r\u00e9gal pour les papilles.<\/p>","protected":false},"featured_media":1059,"comment_status":"open","ping_status":"closed","template":"","meta":{"_joinchat":[]},"product_brand":[],"product_cat":[20],"product_tag":[],"class_list":{"0":"post-1058","1":"product","2":"type-product","3":"status-publish","4":"has-post-thumbnail","6":"product_cat-epice","8":"first","9":"outofstock","10":"shipping-taxable","11":"purchasable","12":"product-type-simple"},"jetpack_sharing_enabled":true,"_links":{"self":[{"href":"https:\/\/olympiaboutique.com\/en\/wp-json\/wp\/v2\/product\/1058","targetHints":{"allow":["GET"]}}],"collection":[{"href":"https:\/\/olympiaboutique.com\/en\/wp-json\/wp\/v2\/product"}],"about":[{"href":"https:\/\/olympiaboutique.com\/en\/wp-json\/wp\/v2\/types\/product"}],"replies":[{"embeddable":true,"href":"https:\/\/olympiaboutique.com\/en\/wp-json\/wp\/v2\/comments?post=1058"}],"wp:featuredmedia":[{"embeddable":true,"href":"https:\/\/olympiaboutique.com\/en\/wp-json\/wp\/v2\/media\/1059"}],"wp:attachment":[{"href":"https:\/\/olympiaboutique.com\/en\/wp-json\/wp\/v2\/media?parent=1058"}],"wp:term":[{"taxonomy":"product_brand","embeddable":true,"href":"https:\/\/olympiaboutique.com\/en\/wp-json\/wp\/v2\/product_brand?post=1058"},{"taxonomy":"product_cat","embeddable":true,"href":"https:\/\/olympiaboutique.com\/en\/wp-json\/wp\/v2\/product_cat?post=1058"},{"taxonomy":"product_tag","embeddable":true,"href":"https:\/\/olympiaboutique.com\/en\/wp-json\/wp\/v2\/product_tag?post=1058"}],"curies":[{"name":"wp","href":"https:\/\/api.w.org\/{rel}","templated":true}]}}